{"id":5780,"date":"2025-08-10T09:52:55","date_gmt":"2025-08-10T07:52:55","guid":{"rendered":"https:\/\/angelomusa.com\/?post_type=product&#038;p=5780"},"modified":"2025-12-14T15:25:18","modified_gmt":"2025-12-14T14:25:18","slug":"rhubarbe-fraise","status":"publish","type":"product","link":"https:\/\/angelomusa.com\/en\/product\/rhubarbe-fraise\/","title":{"rendered":"Rhubarbe Fraise"},"content":{"rendered":"<p>Recette artisanale d\u2019une pr\u00e9paration de fruits o\u00f9 la confiture laisse toute sa place aux saveurs originelles.<\/p>\n<p>Intense par son parfum et son go\u00fbt, la fraise se fait le compagnon id\u00e9al d\u2019une rhubarbe acidul\u00e9e. Un v\u00e9ritable r\u00e9gal pour le palais.<\/p>\n<p>Confectionn\u00e9e suivant les saisons et dans les r\u00e8gles de l\u2019art par le Chef Angelo Musa, &#8221;La confiture&#8221; offre une gamme compl\u00e8te de flaveurs et d\u2019associations raffin\u00e9es.<\/p>","protected":false},"excerpt":{"rendered":"<p>Rencontre de la douceur sucr\u00e9e des ar\u00f4mes de la cerise qui subliment l\u2019acidit\u00e9 de la rhubarbe. Une alliance originale de deux fruits traditionnels pour cr\u00e9er la surprise d\u2019une d\u00e9gustation gourmande, l\u00e9g\u00e8re et rafra\u00eechissante !<\/p>","protected":false},"featured_media":5776,"comment_status":"closed","ping_status":"closed","template":"","meta":[],"product_brand":[],"product_cat":[45,22,20],"product_tag":[],"class_list":{"0":"post-5780","1":"product","2":"type-product","3":"status-publish","4":"has-post-thumbnail","6":"product_cat-confitures","7":"product_cat-les-nouveautes","8":"product_cat-printemps-ete","10":"first","11":"instock","12":"taxable","13":"shipping-taxable","14":"purchasable","15":"product-type-simple"},"yoast_head":"<!-- This site is optimized with the Yoast SEO plugin v27.5 - https:\/\/yoast.com\/product\/yoast-seo-wordpress\/ -->\n<title>Rhubarbe Fraise - Angelo Musa<\/title>\n<meta name=\"description\" content=\"Le parfum doux et sucr\u00e9 de la fraise balance l&#039;\u00e9quilibre acidul\u00e9e de la rhubarbe. Une pr\u00e9paration de fruits originale du Chef Angelo Musa.\" \/>\n<meta name=\"robots\" content=\"index, follow, max-snippet:-1, max-image-preview:large, max-video-preview:-1\" \/>\n<link rel=\"canonical\" href=\"https:\/\/angelomusa.com\/en\/product\/rhubarbe-fraise\/\" \/>\n<meta property=\"og:locale\" content=\"en_US\" \/>\n<meta property=\"og:type\" content=\"article\" \/>\n<meta property=\"og:title\" content=\"Rhubarbe Fraise - Angelo Musa\" \/>\n<meta property=\"og:description\" content=\"Le parfum doux et sucr\u00e9 de la fraise balance l&#039;\u00e9quilibre acidul\u00e9e de la rhubarbe. Une pr\u00e9paration de fruits originale du Chef Angelo Musa.\" \/>\n<meta property=\"og:url\" content=\"https:\/\/angelomusa.com\/en\/product\/rhubarbe-fraise\/\" \/>\n<meta property=\"og:site_name\" content=\"Angelo Musa\" \/>\n<meta property=\"article:modified_time\" content=\"2025-12-14T14:25:18+00:00\" \/>\n<meta property=\"og:image\" content=\"https:\/\/angelomusa.com\/wp-content\/uploads\/2025\/10\/Boutique-Confiture_Rhubarbe-Fraise.jpg\" \/>\n\t<meta property=\"og:image:width\" content=\"1000\" \/>\n\t<meta property=\"og:image:height\" content=\"1000\" \/>\n\t<meta property=\"og:image:type\" content=\"image\/jpeg\" \/>\n<meta name=\"twitter:card\" content=\"summary_large_image\" \/>\n<meta name=\"twitter:label1\" content=\"Est. reading time\" \/>\n\t<meta name=\"twitter:data1\" content=\"1 minute\" \/>\n<script type=\"application\/ld+json\" class=\"yoast-schema-graph\">{\"@context\":\"https:\\\/\\\/schema.org\",\"@graph\":[{\"@type\":\"WebPage\",\"@id\":\"https:\\\/\\\/angelomusa.com\\\/produit\\\/rhubarbe-fraise\\\/\",\"url\":\"https:\\\/\\\/angelomusa.com\\\/produit\\\/rhubarbe-fraise\\\/\",\"name\":\"Rhubarbe Fraise - Angelo Musa\",\"isPartOf\":{\"@id\":\"https:\\\/\\\/www.angelomusa.com\\\/#website\"},\"primaryImageOfPage\":{\"@id\":\"https:\\\/\\\/angelomusa.com\\\/produit\\\/rhubarbe-fraise\\\/#primaryimage\"},\"image\":{\"@id\":\"https:\\\/\\\/angelomusa.com\\\/produit\\\/rhubarbe-fraise\\\/#primaryimage\"},\"thumbnailUrl\":\"https:\\\/\\\/angelomusa.com\\\/wp-content\\\/uploads\\\/2025\\\/10\\\/Boutique-Confiture_Rhubarbe-Fraise.jpg\",\"datePublished\":\"2025-08-10T07:52:55+00:00\",\"dateModified\":\"2025-12-14T14:25:18+00:00\",\"description\":\"Le parfum doux et sucr\u00e9 de la fraise balance l'\u00e9quilibre acidul\u00e9e de la rhubarbe. Une pr\u00e9paration de fruits originale du Chef Angelo Musa.\",\"breadcrumb\":{\"@id\":\"https:\\\/\\\/angelomusa.com\\\/produit\\\/rhubarbe-fraise\\\/#breadcrumb\"},\"inLanguage\":\"en-US\",\"potentialAction\":[{\"@type\":\"ReadAction\",\"target\":[\"https:\\\/\\\/angelomusa.com\\\/produit\\\/rhubarbe-fraise\\\/\"]}]},{\"@type\":\"ImageObject\",\"inLanguage\":\"en-US\",\"@id\":\"https:\\\/\\\/angelomusa.com\\\/produit\\\/rhubarbe-fraise\\\/#primaryimage\",\"url\":\"https:\\\/\\\/angelomusa.com\\\/wp-content\\\/uploads\\\/2025\\\/10\\\/Boutique-Confiture_Rhubarbe-Fraise.jpg\",\"contentUrl\":\"https:\\\/\\\/angelomusa.com\\\/wp-content\\\/uploads\\\/2025\\\/10\\\/Boutique-Confiture_Rhubarbe-Fraise.jpg\",\"width\":1000,\"height\":1000,\"caption\":\"Confiture Rhubarbe Fraise\"},{\"@type\":\"BreadcrumbList\",\"@id\":\"https:\\\/\\\/angelomusa.com\\\/produit\\\/rhubarbe-fraise\\\/#breadcrumb\",\"itemListElement\":[{\"@type\":\"ListItem\",\"position\":1,\"name\":\"Accueil\",\"item\":\"https:\\\/\\\/angelomusa.com\\\/\"},{\"@type\":\"ListItem\",\"position\":2,\"name\":\"La Boutique\",\"item\":\"https:\\\/\\\/www.angelomusa.com\\\/la-boutique\\\/\"},{\"@type\":\"ListItem\",\"position\":3,\"name\":\"Rhubarbe Fraise\"}]},{\"@type\":\"WebSite\",\"@id\":\"https:\\\/\\\/www.angelomusa.com\\\/#website\",\"url\":\"https:\\\/\\\/www.angelomusa.com\\\/\",\"name\":\"Angelo Musa\",\"description\":\"L\u2019art de la p\u00e2tisserie sublim\u00e9e par un Meilleur Ouvrier de France\",\"publisher\":{\"@id\":\"https:\\\/\\\/www.angelomusa.com\\\/#organization\"},\"potentialAction\":[{\"@type\":\"SearchAction\",\"target\":{\"@type\":\"EntryPoint\",\"urlTemplate\":\"https:\\\/\\\/www.angelomusa.com\\\/?s={search_term_string}\"},\"query-input\":{\"@type\":\"PropertyValueSpecification\",\"valueRequired\":true,\"valueName\":\"search_term_string\"}}],\"inLanguage\":\"en-US\"},{\"@type\":\"Organization\",\"@id\":\"https:\\\/\\\/www.angelomusa.com\\\/#organization\",\"name\":\"Angelo Musa\",\"url\":\"https:\\\/\\\/www.angelomusa.com\\\/\",\"logo\":{\"@type\":\"ImageObject\",\"inLanguage\":\"en-US\",\"@id\":\"https:\\\/\\\/www.angelomusa.com\\\/#\\\/schema\\\/logo\\\/image\\\/\",\"url\":\"https:\\\/\\\/angelomusa.com\\\/wp-content\\\/uploads\\\/2024\\\/11\\\/ANGELO-MUSA-ICONE-4.png\",\"contentUrl\":\"https:\\\/\\\/angelomusa.com\\\/wp-content\\\/uploads\\\/2024\\\/11\\\/ANGELO-MUSA-ICONE-4.png\",\"width\":500,\"height\":500,\"caption\":\"Angelo Musa\"},\"image\":{\"@id\":\"https:\\\/\\\/www.angelomusa.com\\\/#\\\/schema\\\/logo\\\/image\\\/\"}}]}<\/script>\n<!-- \/ Yoast SEO plugin. -->","yoast_head_json":{"title":"Rhubarbe Fraise - Angelo Musa","description":"Le parfum doux et sucr\u00e9 de la fraise balance l'\u00e9quilibre acidul\u00e9e de la rhubarbe. Une pr\u00e9paration de fruits originale du Chef Angelo Musa.","robots":{"index":"index","follow":"follow","max-snippet":"max-snippet:-1","max-image-preview":"max-image-preview:large","max-video-preview":"max-video-preview:-1"},"canonical":"https:\/\/angelomusa.com\/en\/product\/rhubarbe-fraise\/","og_locale":"en_US","og_type":"article","og_title":"Rhubarbe Fraise - Angelo Musa","og_description":"Le parfum doux et sucr\u00e9 de la fraise balance l'\u00e9quilibre acidul\u00e9e de la rhubarbe. Une pr\u00e9paration de fruits originale du Chef Angelo Musa.","og_url":"https:\/\/angelomusa.com\/en\/product\/rhubarbe-fraise\/","og_site_name":"Angelo Musa","article_modified_time":"2025-12-14T14:25:18+00:00","og_image":[{"width":1000,"height":1000,"url":"https:\/\/angelomusa.com\/wp-content\/uploads\/2025\/10\/Boutique-Confiture_Rhubarbe-Fraise.jpg","type":"image\/jpeg"}],"twitter_card":"summary_large_image","twitter_misc":{"Est. reading time":"1 minute"},"schema":{"@context":"https:\/\/schema.org","@graph":[{"@type":"WebPage","@id":"https:\/\/angelomusa.com\/produit\/rhubarbe-fraise\/","url":"https:\/\/angelomusa.com\/produit\/rhubarbe-fraise\/","name":"Rhubarbe Fraise - Angelo Musa","isPartOf":{"@id":"https:\/\/www.angelomusa.com\/#website"},"primaryImageOfPage":{"@id":"https:\/\/angelomusa.com\/produit\/rhubarbe-fraise\/#primaryimage"},"image":{"@id":"https:\/\/angelomusa.com\/produit\/rhubarbe-fraise\/#primaryimage"},"thumbnailUrl":"https:\/\/angelomusa.com\/wp-content\/uploads\/2025\/10\/Boutique-Confiture_Rhubarbe-Fraise.jpg","datePublished":"2025-08-10T07:52:55+00:00","dateModified":"2025-12-14T14:25:18+00:00","description":"Le parfum doux et sucr\u00e9 de la fraise balance l'\u00e9quilibre acidul\u00e9e de la rhubarbe. Une pr\u00e9paration de fruits originale du Chef Angelo Musa.","breadcrumb":{"@id":"https:\/\/angelomusa.com\/produit\/rhubarbe-fraise\/#breadcrumb"},"inLanguage":"en-US","potentialAction":[{"@type":"ReadAction","target":["https:\/\/angelomusa.com\/produit\/rhubarbe-fraise\/"]}]},{"@type":"ImageObject","inLanguage":"en-US","@id":"https:\/\/angelomusa.com\/produit\/rhubarbe-fraise\/#primaryimage","url":"https:\/\/angelomusa.com\/wp-content\/uploads\/2025\/10\/Boutique-Confiture_Rhubarbe-Fraise.jpg","contentUrl":"https:\/\/angelomusa.com\/wp-content\/uploads\/2025\/10\/Boutique-Confiture_Rhubarbe-Fraise.jpg","width":1000,"height":1000,"caption":"Confiture Rhubarbe Fraise"},{"@type":"BreadcrumbList","@id":"https:\/\/angelomusa.com\/produit\/rhubarbe-fraise\/#breadcrumb","itemListElement":[{"@type":"ListItem","position":1,"name":"Accueil","item":"https:\/\/angelomusa.com\/"},{"@type":"ListItem","position":2,"name":"La Boutique","item":"https:\/\/www.angelomusa.com\/la-boutique\/"},{"@type":"ListItem","position":3,"name":"Rhubarbe Fraise"}]},{"@type":"WebSite","@id":"https:\/\/www.angelomusa.com\/#website","url":"https:\/\/www.angelomusa.com\/","name":"Angelo Musa","description":"L\u2019art de la p\u00e2tisserie sublim\u00e9e par un Meilleur Ouvrier de France","publisher":{"@id":"https:\/\/www.angelomusa.com\/#organization"},"potentialAction":[{"@type":"SearchAction","target":{"@type":"EntryPoint","urlTemplate":"https:\/\/www.angelomusa.com\/?s={search_term_string}"},"query-input":{"@type":"PropertyValueSpecification","valueRequired":true,"valueName":"search_term_string"}}],"inLanguage":"en-US"},{"@type":"Organization","@id":"https:\/\/www.angelomusa.com\/#organization","name":"Angelo Musa","url":"https:\/\/www.angelomusa.com\/","logo":{"@type":"ImageObject","inLanguage":"en-US","@id":"https:\/\/www.angelomusa.com\/#\/schema\/logo\/image\/","url":"https:\/\/angelomusa.com\/wp-content\/uploads\/2024\/11\/ANGELO-MUSA-ICONE-4.png","contentUrl":"https:\/\/angelomusa.com\/wp-content\/uploads\/2024\/11\/ANGELO-MUSA-ICONE-4.png","width":500,"height":500,"caption":"Angelo Musa"},"image":{"@id":"https:\/\/www.angelomusa.com\/#\/schema\/logo\/image\/"}}]}},"_links":{"self":[{"href":"https:\/\/angelomusa.com\/en\/wp-json\/wp\/v2\/product\/5780","targetHints":{"allow":["GET"]}}],"collection":[{"href":"https:\/\/angelomusa.com\/en\/wp-json\/wp\/v2\/product"}],"about":[{"href":"https:\/\/angelomusa.com\/en\/wp-json\/wp\/v2\/types\/product"}],"replies":[{"embeddable":true,"href":"https:\/\/angelomusa.com\/en\/wp-json\/wp\/v2\/comments?post=5780"}],"wp:featuredmedia":[{"embeddable":true,"href":"https:\/\/angelomusa.com\/en\/wp-json\/wp\/v2\/media\/5776"}],"wp:attachment":[{"href":"https:\/\/angelomusa.com\/en\/wp-json\/wp\/v2\/media?parent=5780"}],"wp:term":[{"taxonomy":"product_brand","embeddable":true,"href":"https:\/\/angelomusa.com\/en\/wp-json\/wp\/v2\/product_brand?post=5780"},{"taxonomy":"product_cat","embeddable":true,"href":"https:\/\/angelomusa.com\/en\/wp-json\/wp\/v2\/product_cat?post=5780"},{"taxonomy":"product_tag","embeddable":true,"href":"https:\/\/angelomusa.com\/en\/wp-json\/wp\/v2\/product_tag?post=5780"}],"curies":[{"name":"wp","href":"https:\/\/api.w.org\/{rel}","templated":true}]}}