{"id":5745,"date":"2025-08-08T19:32:08","date_gmt":"2025-08-08T17:32:08","guid":{"rendered":"https:\/\/angelomusa.com\/?post_type=product&#038;p=5745"},"modified":"2026-01-17T17:47:40","modified_gmt":"2026-01-17T16:47:40","slug":"bluet-des-vosges","status":"publish","type":"product","link":"https:\/\/angelomusa.com\/en\/product\/bluet-des-vosges\/","title":{"rendered":"Bluet des Vosges"},"content":{"rendered":"<p>Recette artisanale d\u2019une pr\u00e9paration de fruits o\u00f9 la confiture laisse toute sa place aux saveurs originelles.<\/p>\n<p>Les myrtilles &#8220;Bluets&#8221; des Vosges sont de petites baies bleues au go\u00fbt doux et l\u00e9g\u00e8rement acidul\u00e9, appr\u00e9ci\u00e9es pour leur texture juteuse et leur parfum intense.<\/p>\n<p>Confectionn\u00e9e suivant les saisons et dans les r\u00e8gles de l\u2019art par le Chef Angelo Musa, &#8221;La confiture&#8221; offre une gamme compl\u00e8te de flaveurs et d\u2019associations raffin\u00e9es.<\/p>","protected":false},"excerpt":{"rendered":"<p>Les myrtilles &#8220;Bluets&#8221; des Vosges sont de petites baies bleues au go\u00fbt doux et l\u00e9g\u00e8rement acidul\u00e9, appr\u00e9ci\u00e9es pour leur texture juteuse et leur parfum intense. Nich\u00e9 dans les for\u00eats de la Plaine, l\u2019or noir lorrain\/de la Lorraine ne pouvait \u00e9chapper \u00e0 l\u2019envie du Chef de la transformer en une confiture qui d\u00e9ploie tout son r\u00e9pertoire de saveurs et de bienfaits pour 100% de plaisir !<\/p>","protected":false},"featured_media":5737,"comment_status":"closed","ping_status":"closed","template":"","meta":[],"product_brand":[],"product_cat":[45,22,20],"product_tag":[],"class_list":{"0":"post-5745","1":"product","2":"type-product","3":"status-publish","4":"has-post-thumbnail","6":"product_cat-confitures","7":"product_cat-les-nouveautes","8":"product_cat-printemps-ete","10":"first","11":"instock","12":"taxable","13":"shipping-taxable","14":"purchasable","15":"product-type-simple"},"yoast_head":"<!-- This site is optimized with the Yoast SEO plugin v27.5 - https:\/\/yoast.com\/product\/yoast-seo-wordpress\/ -->\n<title>Bluet des Vosges - Angelo Musa<\/title>\n<meta name=\"description\" content=\"Les myrtilles &quot;Bluets&quot; des Vosges sont de petites baies bleues au go\u00fbt doux et l\u00e9g\u00e8rement acidul\u00e9, appr\u00e9ci\u00e9es pour leur texture juteuse et leur parfum intense.\" \/>\n<meta name=\"robots\" content=\"index, follow, max-snippet:-1, max-image-preview:large, max-video-preview:-1\" \/>\n<link rel=\"canonical\" href=\"https:\/\/angelomusa.com\/en\/product\/bluet-des-vosges\/\" \/>\n<meta property=\"og:locale\" content=\"en_US\" \/>\n<meta property=\"og:type\" content=\"article\" \/>\n<meta property=\"og:title\" content=\"Bluet des Vosges - Angelo Musa\" \/>\n<meta property=\"og:description\" content=\"Les myrtilles &quot;Bluets&quot; des Vosges sont de petites baies bleues au go\u00fbt doux et l\u00e9g\u00e8rement acidul\u00e9, appr\u00e9ci\u00e9es pour leur texture juteuse et leur parfum intense.\" \/>\n<meta property=\"og:url\" content=\"https:\/\/angelomusa.com\/en\/product\/bluet-des-vosges\/\" \/>\n<meta property=\"og:site_name\" content=\"Angelo Musa\" \/>\n<meta property=\"article:modified_time\" content=\"2026-01-17T16:47:40+00:00\" \/>\n<meta property=\"og:image\" content=\"https:\/\/angelomusa.com\/wp-content\/uploads\/2025\/08\/Boutique-Confiture_Bluet-des-Vosges.jpg\" \/>\n\t<meta property=\"og:image:width\" content=\"1193\" \/>\n\t<meta property=\"og:image:height\" content=\"1193\" \/>\n\t<meta property=\"og:image:type\" content=\"image\/jpeg\" \/>\n<meta name=\"twitter:card\" content=\"summary_large_image\" \/>\n<meta name=\"twitter:label1\" content=\"Est. reading time\" \/>\n\t<meta name=\"twitter:data1\" content=\"1 minute\" \/>\n<script type=\"application\/ld+json\" class=\"yoast-schema-graph\">{\"@context\":\"https:\\\/\\\/schema.org\",\"@graph\":[{\"@type\":\"WebPage\",\"@id\":\"https:\\\/\\\/angelomusa.com\\\/produit\\\/bluet-des-vosges\\\/\",\"url\":\"https:\\\/\\\/angelomusa.com\\\/produit\\\/bluet-des-vosges\\\/\",\"name\":\"Bluet des Vosges - Angelo Musa\",\"isPartOf\":{\"@id\":\"https:\\\/\\\/www.angelomusa.com\\\/#website\"},\"primaryImageOfPage\":{\"@id\":\"https:\\\/\\\/angelomusa.com\\\/produit\\\/bluet-des-vosges\\\/#primaryimage\"},\"image\":{\"@id\":\"https:\\\/\\\/angelomusa.com\\\/produit\\\/bluet-des-vosges\\\/#primaryimage\"},\"thumbnailUrl\":\"https:\\\/\\\/angelomusa.com\\\/wp-content\\\/uploads\\\/2025\\\/08\\\/Boutique-Confiture_Bluet-des-Vosges.jpg\",\"datePublished\":\"2025-08-08T17:32:08+00:00\",\"dateModified\":\"2026-01-17T16:47:40+00:00\",\"description\":\"Les myrtilles \\\"Bluets\\\" des Vosges sont de petites baies bleues au go\u00fbt doux et l\u00e9g\u00e8rement acidul\u00e9, appr\u00e9ci\u00e9es pour leur texture juteuse et leur parfum intense.\",\"breadcrumb\":{\"@id\":\"https:\\\/\\\/angelomusa.com\\\/produit\\\/bluet-des-vosges\\\/#breadcrumb\"},\"inLanguage\":\"en-US\",\"potentialAction\":[{\"@type\":\"ReadAction\",\"target\":[\"https:\\\/\\\/angelomusa.com\\\/produit\\\/bluet-des-vosges\\\/\"]}]},{\"@type\":\"ImageObject\",\"inLanguage\":\"en-US\",\"@id\":\"https:\\\/\\\/angelomusa.com\\\/produit\\\/bluet-des-vosges\\\/#primaryimage\",\"url\":\"https:\\\/\\\/angelomusa.com\\\/wp-content\\\/uploads\\\/2025\\\/08\\\/Boutique-Confiture_Bluet-des-Vosges.jpg\",\"contentUrl\":\"https:\\\/\\\/angelomusa.com\\\/wp-content\\\/uploads\\\/2025\\\/08\\\/Boutique-Confiture_Bluet-des-Vosges.jpg\",\"width\":1193,\"height\":1193,\"caption\":\"Confiture Bluet des Vosges\"},{\"@type\":\"BreadcrumbList\",\"@id\":\"https:\\\/\\\/angelomusa.com\\\/produit\\\/bluet-des-vosges\\\/#breadcrumb\",\"itemListElement\":[{\"@type\":\"ListItem\",\"position\":1,\"name\":\"Accueil\",\"item\":\"https:\\\/\\\/angelomusa.com\\\/\"},{\"@type\":\"ListItem\",\"position\":2,\"name\":\"La Boutique\",\"item\":\"https:\\\/\\\/www.angelomusa.com\\\/la-boutique\\\/\"},{\"@type\":\"ListItem\",\"position\":3,\"name\":\"Bluet des Vosges\"}]},{\"@type\":\"WebSite\",\"@id\":\"https:\\\/\\\/www.angelomusa.com\\\/#website\",\"url\":\"https:\\\/\\\/www.angelomusa.com\\\/\",\"name\":\"Angelo Musa\",\"description\":\"L\u2019art de la p\u00e2tisserie sublim\u00e9e par un Meilleur Ouvrier de France\",\"publisher\":{\"@id\":\"https:\\\/\\\/www.angelomusa.com\\\/#organization\"},\"potentialAction\":[{\"@type\":\"SearchAction\",\"target\":{\"@type\":\"EntryPoint\",\"urlTemplate\":\"https:\\\/\\\/www.angelomusa.com\\\/?s={search_term_string}\"},\"query-input\":{\"@type\":\"PropertyValueSpecification\",\"valueRequired\":true,\"valueName\":\"search_term_string\"}}],\"inLanguage\":\"en-US\"},{\"@type\":\"Organization\",\"@id\":\"https:\\\/\\\/www.angelomusa.com\\\/#organization\",\"name\":\"Angelo Musa\",\"url\":\"https:\\\/\\\/www.angelomusa.com\\\/\",\"logo\":{\"@type\":\"ImageObject\",\"inLanguage\":\"en-US\",\"@id\":\"https:\\\/\\\/www.angelomusa.com\\\/#\\\/schema\\\/logo\\\/image\\\/\",\"url\":\"https:\\\/\\\/angelomusa.com\\\/wp-content\\\/uploads\\\/2024\\\/11\\\/ANGELO-MUSA-ICONE-4.png\",\"contentUrl\":\"https:\\\/\\\/angelomusa.com\\\/wp-content\\\/uploads\\\/2024\\\/11\\\/ANGELO-MUSA-ICONE-4.png\",\"width\":500,\"height\":500,\"caption\":\"Angelo Musa\"},\"image\":{\"@id\":\"https:\\\/\\\/www.angelomusa.com\\\/#\\\/schema\\\/logo\\\/image\\\/\"}}]}<\/script>\n<!-- \/ Yoast SEO plugin. -->","yoast_head_json":{"title":"Bluet des Vosges - Angelo Musa","description":"Les myrtilles \"Bluets\" des Vosges sont de petites baies bleues au go\u00fbt doux et l\u00e9g\u00e8rement acidul\u00e9, appr\u00e9ci\u00e9es pour leur texture juteuse et leur parfum intense.","robots":{"index":"index","follow":"follow","max-snippet":"max-snippet:-1","max-image-preview":"max-image-preview:large","max-video-preview":"max-video-preview:-1"},"canonical":"https:\/\/angelomusa.com\/en\/product\/bluet-des-vosges\/","og_locale":"en_US","og_type":"article","og_title":"Bluet des Vosges - Angelo Musa","og_description":"Les myrtilles \"Bluets\" des Vosges sont de petites baies bleues au go\u00fbt doux et l\u00e9g\u00e8rement acidul\u00e9, appr\u00e9ci\u00e9es pour leur texture juteuse et leur parfum intense.","og_url":"https:\/\/angelomusa.com\/en\/product\/bluet-des-vosges\/","og_site_name":"Angelo Musa","article_modified_time":"2026-01-17T16:47:40+00:00","og_image":[{"width":1193,"height":1193,"url":"https:\/\/angelomusa.com\/wp-content\/uploads\/2025\/08\/Boutique-Confiture_Bluet-des-Vosges.jpg","type":"image\/jpeg"}],"twitter_card":"summary_large_image","twitter_misc":{"Est. reading time":"1 minute"},"schema":{"@context":"https:\/\/schema.org","@graph":[{"@type":"WebPage","@id":"https:\/\/angelomusa.com\/produit\/bluet-des-vosges\/","url":"https:\/\/angelomusa.com\/produit\/bluet-des-vosges\/","name":"Bluet des Vosges - Angelo Musa","isPartOf":{"@id":"https:\/\/www.angelomusa.com\/#website"},"primaryImageOfPage":{"@id":"https:\/\/angelomusa.com\/produit\/bluet-des-vosges\/#primaryimage"},"image":{"@id":"https:\/\/angelomusa.com\/produit\/bluet-des-vosges\/#primaryimage"},"thumbnailUrl":"https:\/\/angelomusa.com\/wp-content\/uploads\/2025\/08\/Boutique-Confiture_Bluet-des-Vosges.jpg","datePublished":"2025-08-08T17:32:08+00:00","dateModified":"2026-01-17T16:47:40+00:00","description":"Les myrtilles \"Bluets\" des Vosges sont de petites baies bleues au go\u00fbt doux et l\u00e9g\u00e8rement acidul\u00e9, appr\u00e9ci\u00e9es pour leur texture juteuse et leur parfum intense.","breadcrumb":{"@id":"https:\/\/angelomusa.com\/produit\/bluet-des-vosges\/#breadcrumb"},"inLanguage":"en-US","potentialAction":[{"@type":"ReadAction","target":["https:\/\/angelomusa.com\/produit\/bluet-des-vosges\/"]}]},{"@type":"ImageObject","inLanguage":"en-US","@id":"https:\/\/angelomusa.com\/produit\/bluet-des-vosges\/#primaryimage","url":"https:\/\/angelomusa.com\/wp-content\/uploads\/2025\/08\/Boutique-Confiture_Bluet-des-Vosges.jpg","contentUrl":"https:\/\/angelomusa.com\/wp-content\/uploads\/2025\/08\/Boutique-Confiture_Bluet-des-Vosges.jpg","width":1193,"height":1193,"caption":"Confiture Bluet des Vosges"},{"@type":"BreadcrumbList","@id":"https:\/\/angelomusa.com\/produit\/bluet-des-vosges\/#breadcrumb","itemListElement":[{"@type":"ListItem","position":1,"name":"Accueil","item":"https:\/\/angelomusa.com\/"},{"@type":"ListItem","position":2,"name":"La Boutique","item":"https:\/\/www.angelomusa.com\/la-boutique\/"},{"@type":"ListItem","position":3,"name":"Bluet des Vosges"}]},{"@type":"WebSite","@id":"https:\/\/www.angelomusa.com\/#website","url":"https:\/\/www.angelomusa.com\/","name":"Angelo Musa","description":"L\u2019art de la p\u00e2tisserie sublim\u00e9e par un Meilleur Ouvrier de France","publisher":{"@id":"https:\/\/www.angelomusa.com\/#organization"},"potentialAction":[{"@type":"SearchAction","target":{"@type":"EntryPoint","urlTemplate":"https:\/\/www.angelomusa.com\/?s={search_term_string}"},"query-input":{"@type":"PropertyValueSpecification","valueRequired":true,"valueName":"search_term_string"}}],"inLanguage":"en-US"},{"@type":"Organization","@id":"https:\/\/www.angelomusa.com\/#organization","name":"Angelo Musa","url":"https:\/\/www.angelomusa.com\/","logo":{"@type":"ImageObject","inLanguage":"en-US","@id":"https:\/\/www.angelomusa.com\/#\/schema\/logo\/image\/","url":"https:\/\/angelomusa.com\/wp-content\/uploads\/2024\/11\/ANGELO-MUSA-ICONE-4.png","contentUrl":"https:\/\/angelomusa.com\/wp-content\/uploads\/2024\/11\/ANGELO-MUSA-ICONE-4.png","width":500,"height":500,"caption":"Angelo Musa"},"image":{"@id":"https:\/\/www.angelomusa.com\/#\/schema\/logo\/image\/"}}]}},"_links":{"self":[{"href":"https:\/\/angelomusa.com\/en\/wp-json\/wp\/v2\/product\/5745","targetHints":{"allow":["GET"]}}],"collection":[{"href":"https:\/\/angelomusa.com\/en\/wp-json\/wp\/v2\/product"}],"about":[{"href":"https:\/\/angelomusa.com\/en\/wp-json\/wp\/v2\/types\/product"}],"replies":[{"embeddable":true,"href":"https:\/\/angelomusa.com\/en\/wp-json\/wp\/v2\/comments?post=5745"}],"wp:featuredmedia":[{"embeddable":true,"href":"https:\/\/angelomusa.com\/en\/wp-json\/wp\/v2\/media\/5737"}],"wp:attachment":[{"href":"https:\/\/angelomusa.com\/en\/wp-json\/wp\/v2\/media?parent=5745"}],"wp:term":[{"taxonomy":"product_brand","embeddable":true,"href":"https:\/\/angelomusa.com\/en\/wp-json\/wp\/v2\/product_brand?post=5745"},{"taxonomy":"product_cat","embeddable":true,"href":"https:\/\/angelomusa.com\/en\/wp-json\/wp\/v2\/product_cat?post=5745"},{"taxonomy":"product_tag","embeddable":true,"href":"https:\/\/angelomusa.com\/en\/wp-json\/wp\/v2\/product_tag?post=5745"}],"curies":[{"name":"wp","href":"https:\/\/api.w.org\/{rel}","templated":true}]}}