{"id":5653,"date":"2025-04-11T13:13:07","date_gmt":"2025-04-11T11:13:07","guid":{"rendered":"https:\/\/www.angelomusa.com\/?post_type=product&#038;p=5653"},"modified":"2026-04-02T12:10:37","modified_gmt":"2026-04-02T10:10:37","slug":"panettone-chocolat-vanille","status":"publish","type":"product","link":"https:\/\/angelomusa.com\/en\/product\/panettone-chocolat-vanille\/","title":{"rendered":"Panettone Chocolat Vanille"},"content":{"rendered":"<p>D\u00e9couvrez <strong>le Panettone Angelo Musa<\/strong>, la derni\u00e8re cr\u00e9ation originale du Chef Angelo Musa. Un classique italien sublim\u00e9 avec des ingr\u00e9dients d&#8217;exception s\u00e9lectionn\u00e9s chez les meilleurs artisans.<\/p>\n<p>Produit en plein coeur du Piemonte, berceau de cette p\u00e2tisserie embl\u00e9matique, <b>le Panettone Angelo Musa saura vous enchanter avec sa texture fondante et ses saveurs exquises de chocolat et de<\/b>\u00a0<b>vanille de Tahiti <\/b>avec\u00a0ses <b>ar\u00f4mes floraux et fruit\u00e9s<\/b>, et d\u2019autres ingr\u00e9dients dont le Chef garde pr\u00e9cieusement le secret.<\/p>\n<p><b>Ce Panettone d&#8217;exception est\u00a0<strong>disponible<\/strong> en \u00e9dition limit\u00e9e<\/b><b>. <\/b>Il est propos\u00e9 en<b> format de 500 g au prix de 40 \u20ac<\/b><b>.<\/b><\/p>\n<p>Commandez d\u00e8s maintenant votre Panettone.<\/p>\n<p>Poids : 500g<\/p>","protected":false},"excerpt":{"rendered":"<p>D\u00e9couvrez le Panettone Angelo Musa, la derni\u00e8re cr\u00e9ation originale du Chef Angelo Musa.<\/p>\n<p class=\"translation-block\">Reinterpreted with the signature of this visionary chef, Angelo Musa's Panettone will enchant you with its melt-in-your-mouth texture and exquisite flavours, crafted with passion and savoir-faire.<\/p>\n<p class=\"translation-block\">Much more than a simple Christmas cake, Chef Angelo Musa takes you on an unforgettable culinary journey, at the crossroads of French and Italian pastry cultures and traditions.<\/p>","protected":false},"featured_media":5151,"comment_status":"open","ping_status":"closed","template":"","meta":[],"product_brand":[],"product_cat":[46,22],"product_tag":[],"class_list":{"0":"post-5653","1":"product","2":"type-product","3":"status-publish","4":"has-post-thumbnail","6":"product_cat-le-panettone","7":"product_cat-les-nouveautes","9":"first","10":"instock","11":"taxable","12":"shipping-taxable","13":"purchasable","14":"product-type-simple"},"yoast_head":"<!-- This site is optimized with the Yoast SEO plugin v27.4 - https:\/\/yoast.com\/product\/yoast-seo-wordpress\/ -->\n<title>Panettone Chocolat Vanille - Angelo Musa<\/title>\n<meta name=\"description\" content=\"D\u00e9couvrez le Panettone Angelo Musa en version Chocolat et vanille. Un produit d&#039;exception qui saura vous enchanter avec sa texture fondante et ses saveurs exquises.\" \/>\n<meta name=\"robots\" content=\"index, follow, max-snippet:-1, max-image-preview:large, max-video-preview:-1\" \/>\n<link rel=\"canonical\" href=\"https:\/\/angelomusa.com\/en\/produit\/panettone-chocolat-vanille\/\" \/>\n<meta property=\"og:locale\" content=\"en_US\" \/>\n<meta property=\"og:type\" content=\"article\" \/>\n<meta property=\"og:title\" content=\"Panettone Chocolat Vanille - Angelo Musa\" \/>\n<meta property=\"og:description\" content=\"D\u00e9couvrez le Panettone Angelo Musa en version Chocolat et vanille. Un produit d&#039;exception qui saura vous enchanter avec sa texture fondante et ses saveurs exquises.\" \/>\n<meta property=\"og:url\" content=\"https:\/\/angelomusa.com\/en\/produit\/panettone-chocolat-vanille\/\" \/>\n<meta property=\"og:site_name\" content=\"Angelo Musa\" \/>\n<meta property=\"article:modified_time\" content=\"2026-04-02T10:10:37+00:00\" \/>\n<meta property=\"og:image\" content=\"https:\/\/angelomusa.com\/wp-content\/uploads\/2024\/11\/Panettone-Piccolino-Angelo-Musa-1.jpg\" \/>\n\t<meta property=\"og:image:width\" content=\"650\" \/>\n\t<meta property=\"og:image:height\" content=\"650\" \/>\n\t<meta property=\"og:image:type\" content=\"image\/jpeg\" \/>\n<meta name=\"twitter:card\" content=\"summary_large_image\" \/>\n<meta name=\"twitter:label1\" content=\"Est. reading time\" \/>\n\t<meta name=\"twitter:data1\" content=\"1 minute\" \/>\n<script type=\"application\/ld+json\" class=\"yoast-schema-graph\">{\"@context\":\"https:\\\/\\\/schema.org\",\"@graph\":[{\"@type\":\"WebPage\",\"@id\":\"https:\\\/\\\/angelomusa.com\\\/produit\\\/panettone-chocolat-vanille\\\/\",\"url\":\"https:\\\/\\\/angelomusa.com\\\/produit\\\/panettone-chocolat-vanille\\\/\",\"name\":\"Panettone Chocolat Vanille - Angelo Musa\",\"isPartOf\":{\"@id\":\"https:\\\/\\\/www.angelomusa.com\\\/#website\"},\"primaryImageOfPage\":{\"@id\":\"https:\\\/\\\/angelomusa.com\\\/produit\\\/panettone-chocolat-vanille\\\/#primaryimage\"},\"image\":{\"@id\":\"https:\\\/\\\/angelomusa.com\\\/produit\\\/panettone-chocolat-vanille\\\/#primaryimage\"},\"thumbnailUrl\":\"https:\\\/\\\/angelomusa.com\\\/wp-content\\\/uploads\\\/2024\\\/11\\\/Panettone-Piccolino-Angelo-Musa-1.jpg\",\"datePublished\":\"2025-04-11T11:13:07+00:00\",\"dateModified\":\"2026-04-02T10:10:37+00:00\",\"description\":\"D\u00e9couvrez le Panettone Angelo Musa en version Chocolat et vanille. Un produit d'exception qui saura vous enchanter avec sa texture fondante et ses saveurs exquises.\",\"breadcrumb\":{\"@id\":\"https:\\\/\\\/angelomusa.com\\\/produit\\\/panettone-chocolat-vanille\\\/#breadcrumb\"},\"inLanguage\":\"en-US\",\"potentialAction\":[{\"@type\":\"ReadAction\",\"target\":[\"https:\\\/\\\/angelomusa.com\\\/produit\\\/panettone-chocolat-vanille\\\/\"]}]},{\"@type\":\"ImageObject\",\"inLanguage\":\"en-US\",\"@id\":\"https:\\\/\\\/angelomusa.com\\\/produit\\\/panettone-chocolat-vanille\\\/#primaryimage\",\"url\":\"https:\\\/\\\/angelomusa.com\\\/wp-content\\\/uploads\\\/2024\\\/11\\\/Panettone-Piccolino-Angelo-Musa-1.jpg\",\"contentUrl\":\"https:\\\/\\\/angelomusa.com\\\/wp-content\\\/uploads\\\/2024\\\/11\\\/Panettone-Piccolino-Angelo-Musa-1.jpg\",\"width\":650,\"height\":650},{\"@type\":\"BreadcrumbList\",\"@id\":\"https:\\\/\\\/angelomusa.com\\\/produit\\\/panettone-chocolat-vanille\\\/#breadcrumb\",\"itemListElement\":[{\"@type\":\"ListItem\",\"position\":1,\"name\":\"Accueil\",\"item\":\"https:\\\/\\\/angelomusa.com\\\/\"},{\"@type\":\"ListItem\",\"position\":2,\"name\":\"La Boutique\",\"item\":\"https:\\\/\\\/www.angelomusa.com\\\/la-boutique\\\/\"},{\"@type\":\"ListItem\",\"position\":3,\"name\":\"Panettone Chocolat Vanille\"}]},{\"@type\":\"WebSite\",\"@id\":\"https:\\\/\\\/www.angelomusa.com\\\/#website\",\"url\":\"https:\\\/\\\/www.angelomusa.com\\\/\",\"name\":\"Angelo Musa\",\"description\":\"L\u2019art de la p\u00e2tisserie sublim\u00e9e par un Meilleur Ouvrier de France\",\"publisher\":{\"@id\":\"https:\\\/\\\/www.angelomusa.com\\\/#organization\"},\"potentialAction\":[{\"@type\":\"SearchAction\",\"target\":{\"@type\":\"EntryPoint\",\"urlTemplate\":\"https:\\\/\\\/www.angelomusa.com\\\/?s={search_term_string}\"},\"query-input\":{\"@type\":\"PropertyValueSpecification\",\"valueRequired\":true,\"valueName\":\"search_term_string\"}}],\"inLanguage\":\"en-US\"},{\"@type\":\"Organization\",\"@id\":\"https:\\\/\\\/www.angelomusa.com\\\/#organization\",\"name\":\"Angelo Musa\",\"url\":\"https:\\\/\\\/www.angelomusa.com\\\/\",\"logo\":{\"@type\":\"ImageObject\",\"inLanguage\":\"en-US\",\"@id\":\"https:\\\/\\\/www.angelomusa.com\\\/#\\\/schema\\\/logo\\\/image\\\/\",\"url\":\"https:\\\/\\\/angelomusa.com\\\/wp-content\\\/uploads\\\/2024\\\/11\\\/ANGELO-MUSA-ICONE-4.png\",\"contentUrl\":\"https:\\\/\\\/angelomusa.com\\\/wp-content\\\/uploads\\\/2024\\\/11\\\/ANGELO-MUSA-ICONE-4.png\",\"width\":500,\"height\":500,\"caption\":\"Angelo Musa\"},\"image\":{\"@id\":\"https:\\\/\\\/www.angelomusa.com\\\/#\\\/schema\\\/logo\\\/image\\\/\"}}]}<\/script>\n<!-- \/ Yoast SEO plugin. -->","yoast_head_json":{"title":"Panettone Chocolat Vanille - Angelo Musa","description":"D\u00e9couvrez le Panettone Angelo Musa en version Chocolat et vanille. Un produit d'exception qui saura vous enchanter avec sa texture fondante et ses saveurs exquises.","robots":{"index":"index","follow":"follow","max-snippet":"max-snippet:-1","max-image-preview":"max-image-preview:large","max-video-preview":"max-video-preview:-1"},"canonical":"https:\/\/angelomusa.com\/en\/produit\/panettone-chocolat-vanille\/","og_locale":"en_US","og_type":"article","og_title":"Panettone Chocolat Vanille - Angelo Musa","og_description":"D\u00e9couvrez le Panettone Angelo Musa en version Chocolat et vanille. Un produit d'exception qui saura vous enchanter avec sa texture fondante et ses saveurs exquises.","og_url":"https:\/\/angelomusa.com\/en\/produit\/panettone-chocolat-vanille\/","og_site_name":"Angelo Musa","article_modified_time":"2026-04-02T10:10:37+00:00","og_image":[{"width":650,"height":650,"url":"https:\/\/angelomusa.com\/wp-content\/uploads\/2024\/11\/Panettone-Piccolino-Angelo-Musa-1.jpg","type":"image\/jpeg"}],"twitter_card":"summary_large_image","twitter_misc":{"Est. reading time":"1 minute"},"schema":{"@context":"https:\/\/schema.org","@graph":[{"@type":"WebPage","@id":"https:\/\/angelomusa.com\/produit\/panettone-chocolat-vanille\/","url":"https:\/\/angelomusa.com\/produit\/panettone-chocolat-vanille\/","name":"Panettone Chocolat Vanille - Angelo Musa","isPartOf":{"@id":"https:\/\/www.angelomusa.com\/#website"},"primaryImageOfPage":{"@id":"https:\/\/angelomusa.com\/produit\/panettone-chocolat-vanille\/#primaryimage"},"image":{"@id":"https:\/\/angelomusa.com\/produit\/panettone-chocolat-vanille\/#primaryimage"},"thumbnailUrl":"https:\/\/angelomusa.com\/wp-content\/uploads\/2024\/11\/Panettone-Piccolino-Angelo-Musa-1.jpg","datePublished":"2025-04-11T11:13:07+00:00","dateModified":"2026-04-02T10:10:37+00:00","description":"D\u00e9couvrez le Panettone Angelo Musa en version Chocolat et vanille. Un produit d'exception qui saura vous enchanter avec sa texture fondante et ses saveurs exquises.","breadcrumb":{"@id":"https:\/\/angelomusa.com\/produit\/panettone-chocolat-vanille\/#breadcrumb"},"inLanguage":"en-US","potentialAction":[{"@type":"ReadAction","target":["https:\/\/angelomusa.com\/produit\/panettone-chocolat-vanille\/"]}]},{"@type":"ImageObject","inLanguage":"en-US","@id":"https:\/\/angelomusa.com\/produit\/panettone-chocolat-vanille\/#primaryimage","url":"https:\/\/angelomusa.com\/wp-content\/uploads\/2024\/11\/Panettone-Piccolino-Angelo-Musa-1.jpg","contentUrl":"https:\/\/angelomusa.com\/wp-content\/uploads\/2024\/11\/Panettone-Piccolino-Angelo-Musa-1.jpg","width":650,"height":650},{"@type":"BreadcrumbList","@id":"https:\/\/angelomusa.com\/produit\/panettone-chocolat-vanille\/#breadcrumb","itemListElement":[{"@type":"ListItem","position":1,"name":"Accueil","item":"https:\/\/angelomusa.com\/"},{"@type":"ListItem","position":2,"name":"La Boutique","item":"https:\/\/www.angelomusa.com\/la-boutique\/"},{"@type":"ListItem","position":3,"name":"Panettone Chocolat Vanille"}]},{"@type":"WebSite","@id":"https:\/\/www.angelomusa.com\/#website","url":"https:\/\/www.angelomusa.com\/","name":"Angelo Musa","description":"L\u2019art de la p\u00e2tisserie sublim\u00e9e par un Meilleur Ouvrier de France","publisher":{"@id":"https:\/\/www.angelomusa.com\/#organization"},"potentialAction":[{"@type":"SearchAction","target":{"@type":"EntryPoint","urlTemplate":"https:\/\/www.angelomusa.com\/?s={search_term_string}"},"query-input":{"@type":"PropertyValueSpecification","valueRequired":true,"valueName":"search_term_string"}}],"inLanguage":"en-US"},{"@type":"Organization","@id":"https:\/\/www.angelomusa.com\/#organization","name":"Angelo Musa","url":"https:\/\/www.angelomusa.com\/","logo":{"@type":"ImageObject","inLanguage":"en-US","@id":"https:\/\/www.angelomusa.com\/#\/schema\/logo\/image\/","url":"https:\/\/angelomusa.com\/wp-content\/uploads\/2024\/11\/ANGELO-MUSA-ICONE-4.png","contentUrl":"https:\/\/angelomusa.com\/wp-content\/uploads\/2024\/11\/ANGELO-MUSA-ICONE-4.png","width":500,"height":500,"caption":"Angelo Musa"},"image":{"@id":"https:\/\/www.angelomusa.com\/#\/schema\/logo\/image\/"}}]}},"_links":{"self":[{"href":"https:\/\/angelomusa.com\/en\/wp-json\/wp\/v2\/product\/5653","targetHints":{"allow":["GET"]}}],"collection":[{"href":"https:\/\/angelomusa.com\/en\/wp-json\/wp\/v2\/product"}],"about":[{"href":"https:\/\/angelomusa.com\/en\/wp-json\/wp\/v2\/types\/product"}],"replies":[{"embeddable":true,"href":"https:\/\/angelomusa.com\/en\/wp-json\/wp\/v2\/comments?post=5653"}],"wp:featuredmedia":[{"embeddable":true,"href":"https:\/\/angelomusa.com\/en\/wp-json\/wp\/v2\/media\/5151"}],"wp:attachment":[{"href":"https:\/\/angelomusa.com\/en\/wp-json\/wp\/v2\/media?parent=5653"}],"wp:term":[{"taxonomy":"product_brand","embeddable":true,"href":"https:\/\/angelomusa.com\/en\/wp-json\/wp\/v2\/product_brand?post=5653"},{"taxonomy":"product_cat","embeddable":true,"href":"https:\/\/angelomusa.com\/en\/wp-json\/wp\/v2\/product_cat?post=5653"},{"taxonomy":"product_tag","embeddable":true,"href":"https:\/\/angelomusa.com\/en\/wp-json\/wp\/v2\/product_tag?post=5653"}],"curies":[{"name":"wp","href":"https:\/\/api.w.org\/{rel}","templated":true}]}}