{"id":5651,"date":"2025-04-11T12:27:47","date_gmt":"2025-04-11T10:27:47","guid":{"rendered":"https:\/\/www.angelomusa.com\/?post_type=product&#038;p=5651"},"modified":"2026-02-02T07:54:19","modified_gmt":"2026-02-02T06:54:19","slug":"mandarine","status":"publish","type":"product","link":"https:\/\/angelomusa.com\/en\/product\/mandarine\/","title":{"rendered":"Mandarine"},"content":{"rendered":"<p class=\"p1\"><span class=\"s2\">Recette artisanale d\u2019une pr\u00e9paration de fruits o\u00f9 la confiture laisse toute sa place aux saveurs originelles.<\/span><\/p>\n<p class=\"p1\"><span class=\"s1\">Petit agrume lumineux de l\u2019hiver, la mandarine charme par sa douceur sucr\u00e9e et son parfum d\u00e9licat. Sa chair juteuse r\u00e9v\u00e8le toute sa richesse en bouche, pour un moment de fra\u00eecheur et de tendresse \u00e0 chaque cuiller\u00e9e.<\/span><\/p>\n<p class=\"p1\"><span class=\"s1\">Confectionn\u00e9e suivant les saisons et dans les r\u00e8gles de l\u2019art par le Chef Angelo Musa, <\/span><span class=\"s4\">La confiture<\/span><span class=\"s1\"> offre une gamme compl\u00e8te de flaveurs et d\u2019associations raffin\u00e9es.<\/span><\/p>","protected":false},"excerpt":{"rendered":"<p class=\"p1\"><span class=\"s1\">Petit agrume lumineux de l\u2019hiver, la mandarine charme par sa douceur sucr\u00e9e et son parfum d\u00e9licat. Sa chair juteuse r\u00e9v\u00e8le toute sa richesse en bouche, pour un moment de fra\u00eecheur et de tendresse \u00e0 chaque cuiller\u00e9e.<\/span><\/p>","protected":false},"featured_media":5671,"comment_status":"closed","ping_status":"closed","template":"","meta":[],"product_brand":[],"product_cat":[21,45,22],"product_tag":[],"class_list":{"0":"post-5651","1":"product","2":"type-product","3":"status-publish","4":"has-post-thumbnail","6":"product_cat-automne-hiver","7":"product_cat-confitures","8":"product_cat-les-nouveautes","10":"first","11":"instock","12":"taxable","13":"shipping-taxable","14":"purchasable","15":"product-type-simple"},"yoast_head":"<!-- This site is optimized with the Yoast SEO plugin v27.3 - https:\/\/yoast.com\/product\/yoast-seo-wordpress\/ -->\n<title>Mandarine - Angelo Musa<\/title>\n<meta name=\"description\" content=\"la mandarine charme par sa douceur sucr\u00e9e et son parfum d\u00e9licat. Sa chair juteuse r\u00e9v\u00e8le toute sa richesse en bouche, pour un moment de fra\u00eecheur et de tendresse.\" \/>\n<meta name=\"robots\" content=\"index, follow, max-snippet:-1, max-image-preview:large, max-video-preview:-1\" \/>\n<link rel=\"canonical\" href=\"https:\/\/angelomusa.com\/en\/produit\/mandarine\/\" \/>\n<meta property=\"og:locale\" content=\"en_US\" \/>\n<meta property=\"og:type\" content=\"article\" \/>\n<meta property=\"og:title\" content=\"Mandarine - Angelo Musa\" \/>\n<meta property=\"og:description\" content=\"la mandarine charme par sa douceur sucr\u00e9e et son parfum d\u00e9licat. Sa chair juteuse r\u00e9v\u00e8le toute sa richesse en bouche, pour un moment de fra\u00eecheur et de tendresse.\" \/>\n<meta property=\"og:url\" content=\"https:\/\/angelomusa.com\/en\/produit\/mandarine\/\" \/>\n<meta property=\"og:site_name\" content=\"Angelo Musa\" \/>\n<meta property=\"article:modified_time\" content=\"2026-02-02T06:54:19+00:00\" \/>\n<meta property=\"og:image\" content=\"https:\/\/angelomusa.com\/wp-content\/uploads\/2025\/04\/Boutique-Confiture_Mandarine.jpg\" \/>\n\t<meta property=\"og:image:width\" content=\"800\" \/>\n\t<meta property=\"og:image:height\" content=\"800\" \/>\n\t<meta property=\"og:image:type\" content=\"image\/jpeg\" \/>\n<meta name=\"twitter:card\" content=\"summary_large_image\" \/>\n<meta name=\"twitter:label1\" content=\"Est. reading time\" \/>\n\t<meta name=\"twitter:data1\" content=\"1 minute\" \/>\n<script type=\"application\/ld+json\" class=\"yoast-schema-graph\">{\"@context\":\"https:\\\/\\\/schema.org\",\"@graph\":[{\"@type\":\"WebPage\",\"@id\":\"https:\\\/\\\/angelomusa.com\\\/produit\\\/mandarine\\\/\",\"url\":\"https:\\\/\\\/angelomusa.com\\\/produit\\\/mandarine\\\/\",\"name\":\"Mandarine - Angelo Musa\",\"isPartOf\":{\"@id\":\"https:\\\/\\\/www.angelomusa.com\\\/#website\"},\"primaryImageOfPage\":{\"@id\":\"https:\\\/\\\/angelomusa.com\\\/produit\\\/mandarine\\\/#primaryimage\"},\"image\":{\"@id\":\"https:\\\/\\\/angelomusa.com\\\/produit\\\/mandarine\\\/#primaryimage\"},\"thumbnailUrl\":\"https:\\\/\\\/angelomusa.com\\\/wp-content\\\/uploads\\\/2025\\\/04\\\/Boutique-Confiture_Mandarine.jpg\",\"datePublished\":\"2025-04-11T10:27:47+00:00\",\"dateModified\":\"2026-02-02T06:54:19+00:00\",\"description\":\"la mandarine charme par sa douceur sucr\u00e9e et son parfum d\u00e9licat. Sa chair juteuse r\u00e9v\u00e8le toute sa richesse en bouche, pour un moment de fra\u00eecheur et de tendresse.\",\"breadcrumb\":{\"@id\":\"https:\\\/\\\/angelomusa.com\\\/produit\\\/mandarine\\\/#breadcrumb\"},\"inLanguage\":\"en-US\",\"potentialAction\":[{\"@type\":\"ReadAction\",\"target\":[\"https:\\\/\\\/angelomusa.com\\\/produit\\\/mandarine\\\/\"]}]},{\"@type\":\"ImageObject\",\"inLanguage\":\"en-US\",\"@id\":\"https:\\\/\\\/angelomusa.com\\\/produit\\\/mandarine\\\/#primaryimage\",\"url\":\"https:\\\/\\\/angelomusa.com\\\/wp-content\\\/uploads\\\/2025\\\/04\\\/Boutique-Confiture_Mandarine.jpg\",\"contentUrl\":\"https:\\\/\\\/angelomusa.com\\\/wp-content\\\/uploads\\\/2025\\\/04\\\/Boutique-Confiture_Mandarine.jpg\",\"width\":800,\"height\":800,\"caption\":\"Confiture Mandarine\"},{\"@type\":\"BreadcrumbList\",\"@id\":\"https:\\\/\\\/angelomusa.com\\\/produit\\\/mandarine\\\/#breadcrumb\",\"itemListElement\":[{\"@type\":\"ListItem\",\"position\":1,\"name\":\"Accueil\",\"item\":\"https:\\\/\\\/angelomusa.com\\\/\"},{\"@type\":\"ListItem\",\"position\":2,\"name\":\"La Boutique\",\"item\":\"https:\\\/\\\/www.angelomusa.com\\\/la-boutique\\\/\"},{\"@type\":\"ListItem\",\"position\":3,\"name\":\"Mandarine\"}]},{\"@type\":\"WebSite\",\"@id\":\"https:\\\/\\\/www.angelomusa.com\\\/#website\",\"url\":\"https:\\\/\\\/www.angelomusa.com\\\/\",\"name\":\"Angelo Musa\",\"description\":\"L\u2019art de la p\u00e2tisserie sublim\u00e9e par un Meilleur Ouvrier de France\",\"publisher\":{\"@id\":\"https:\\\/\\\/www.angelomusa.com\\\/#organization\"},\"potentialAction\":[{\"@type\":\"SearchAction\",\"target\":{\"@type\":\"EntryPoint\",\"urlTemplate\":\"https:\\\/\\\/www.angelomusa.com\\\/?s={search_term_string}\"},\"query-input\":{\"@type\":\"PropertyValueSpecification\",\"valueRequired\":true,\"valueName\":\"search_term_string\"}}],\"inLanguage\":\"en-US\"},{\"@type\":\"Organization\",\"@id\":\"https:\\\/\\\/www.angelomusa.com\\\/#organization\",\"name\":\"Angelo Musa\",\"url\":\"https:\\\/\\\/www.angelomusa.com\\\/\",\"logo\":{\"@type\":\"ImageObject\",\"inLanguage\":\"en-US\",\"@id\":\"https:\\\/\\\/www.angelomusa.com\\\/#\\\/schema\\\/logo\\\/image\\\/\",\"url\":\"https:\\\/\\\/angelomusa.com\\\/wp-content\\\/uploads\\\/2024\\\/11\\\/ANGELO-MUSA-ICONE-4.png\",\"contentUrl\":\"https:\\\/\\\/angelomusa.com\\\/wp-content\\\/uploads\\\/2024\\\/11\\\/ANGELO-MUSA-ICONE-4.png\",\"width\":500,\"height\":500,\"caption\":\"Angelo Musa\"},\"image\":{\"@id\":\"https:\\\/\\\/www.angelomusa.com\\\/#\\\/schema\\\/logo\\\/image\\\/\"}}]}<\/script>\n<!-- \/ Yoast SEO plugin. -->","yoast_head_json":{"title":"Mandarine - Angelo Musa","description":"la mandarine charme par sa douceur sucr\u00e9e et son parfum d\u00e9licat. Sa chair juteuse r\u00e9v\u00e8le toute sa richesse en bouche, pour un moment de fra\u00eecheur et de tendresse.","robots":{"index":"index","follow":"follow","max-snippet":"max-snippet:-1","max-image-preview":"max-image-preview:large","max-video-preview":"max-video-preview:-1"},"canonical":"https:\/\/angelomusa.com\/en\/produit\/mandarine\/","og_locale":"en_US","og_type":"article","og_title":"Mandarine - Angelo Musa","og_description":"la mandarine charme par sa douceur sucr\u00e9e et son parfum d\u00e9licat. Sa chair juteuse r\u00e9v\u00e8le toute sa richesse en bouche, pour un moment de fra\u00eecheur et de tendresse.","og_url":"https:\/\/angelomusa.com\/en\/produit\/mandarine\/","og_site_name":"Angelo Musa","article_modified_time":"2026-02-02T06:54:19+00:00","og_image":[{"width":800,"height":800,"url":"https:\/\/angelomusa.com\/wp-content\/uploads\/2025\/04\/Boutique-Confiture_Mandarine.jpg","type":"image\/jpeg"}],"twitter_card":"summary_large_image","twitter_misc":{"Est. reading time":"1 minute"},"schema":{"@context":"https:\/\/schema.org","@graph":[{"@type":"WebPage","@id":"https:\/\/angelomusa.com\/produit\/mandarine\/","url":"https:\/\/angelomusa.com\/produit\/mandarine\/","name":"Mandarine - Angelo Musa","isPartOf":{"@id":"https:\/\/www.angelomusa.com\/#website"},"primaryImageOfPage":{"@id":"https:\/\/angelomusa.com\/produit\/mandarine\/#primaryimage"},"image":{"@id":"https:\/\/angelomusa.com\/produit\/mandarine\/#primaryimage"},"thumbnailUrl":"https:\/\/angelomusa.com\/wp-content\/uploads\/2025\/04\/Boutique-Confiture_Mandarine.jpg","datePublished":"2025-04-11T10:27:47+00:00","dateModified":"2026-02-02T06:54:19+00:00","description":"la mandarine charme par sa douceur sucr\u00e9e et son parfum d\u00e9licat. Sa chair juteuse r\u00e9v\u00e8le toute sa richesse en bouche, pour un moment de fra\u00eecheur et de tendresse.","breadcrumb":{"@id":"https:\/\/angelomusa.com\/produit\/mandarine\/#breadcrumb"},"inLanguage":"en-US","potentialAction":[{"@type":"ReadAction","target":["https:\/\/angelomusa.com\/produit\/mandarine\/"]}]},{"@type":"ImageObject","inLanguage":"en-US","@id":"https:\/\/angelomusa.com\/produit\/mandarine\/#primaryimage","url":"https:\/\/angelomusa.com\/wp-content\/uploads\/2025\/04\/Boutique-Confiture_Mandarine.jpg","contentUrl":"https:\/\/angelomusa.com\/wp-content\/uploads\/2025\/04\/Boutique-Confiture_Mandarine.jpg","width":800,"height":800,"caption":"Confiture Mandarine"},{"@type":"BreadcrumbList","@id":"https:\/\/angelomusa.com\/produit\/mandarine\/#breadcrumb","itemListElement":[{"@type":"ListItem","position":1,"name":"Accueil","item":"https:\/\/angelomusa.com\/"},{"@type":"ListItem","position":2,"name":"La Boutique","item":"https:\/\/www.angelomusa.com\/la-boutique\/"},{"@type":"ListItem","position":3,"name":"Mandarine"}]},{"@type":"WebSite","@id":"https:\/\/www.angelomusa.com\/#website","url":"https:\/\/www.angelomusa.com\/","name":"Angelo Musa","description":"L\u2019art de la p\u00e2tisserie sublim\u00e9e par un Meilleur Ouvrier de France","publisher":{"@id":"https:\/\/www.angelomusa.com\/#organization"},"potentialAction":[{"@type":"SearchAction","target":{"@type":"EntryPoint","urlTemplate":"https:\/\/www.angelomusa.com\/?s={search_term_string}"},"query-input":{"@type":"PropertyValueSpecification","valueRequired":true,"valueName":"search_term_string"}}],"inLanguage":"en-US"},{"@type":"Organization","@id":"https:\/\/www.angelomusa.com\/#organization","name":"Angelo Musa","url":"https:\/\/www.angelomusa.com\/","logo":{"@type":"ImageObject","inLanguage":"en-US","@id":"https:\/\/www.angelomusa.com\/#\/schema\/logo\/image\/","url":"https:\/\/angelomusa.com\/wp-content\/uploads\/2024\/11\/ANGELO-MUSA-ICONE-4.png","contentUrl":"https:\/\/angelomusa.com\/wp-content\/uploads\/2024\/11\/ANGELO-MUSA-ICONE-4.png","width":500,"height":500,"caption":"Angelo Musa"},"image":{"@id":"https:\/\/www.angelomusa.com\/#\/schema\/logo\/image\/"}}]}},"_links":{"self":[{"href":"https:\/\/angelomusa.com\/en\/wp-json\/wp\/v2\/product\/5651","targetHints":{"allow":["GET"]}}],"collection":[{"href":"https:\/\/angelomusa.com\/en\/wp-json\/wp\/v2\/product"}],"about":[{"href":"https:\/\/angelomusa.com\/en\/wp-json\/wp\/v2\/types\/product"}],"replies":[{"embeddable":true,"href":"https:\/\/angelomusa.com\/en\/wp-json\/wp\/v2\/comments?post=5651"}],"wp:featuredmedia":[{"embeddable":true,"href":"https:\/\/angelomusa.com\/en\/wp-json\/wp\/v2\/media\/5671"}],"wp:attachment":[{"href":"https:\/\/angelomusa.com\/en\/wp-json\/wp\/v2\/media?parent=5651"}],"wp:term":[{"taxonomy":"product_brand","embeddable":true,"href":"https:\/\/angelomusa.com\/en\/wp-json\/wp\/v2\/product_brand?post=5651"},{"taxonomy":"product_cat","embeddable":true,"href":"https:\/\/angelomusa.com\/en\/wp-json\/wp\/v2\/product_cat?post=5651"},{"taxonomy":"product_tag","embeddable":true,"href":"https:\/\/angelomusa.com\/en\/wp-json\/wp\/v2\/product_tag?post=5651"}],"curies":[{"name":"wp","href":"https:\/\/api.w.org\/{rel}","templated":true}]}}