{"id":5463,"date":"2025-03-12T22:51:51","date_gmt":"2025-03-12T21:51:51","guid":{"rendered":"https:\/\/www.angelomusa.com\/?post_type=product&#038;p=5463"},"modified":"2026-03-23T13:44:18","modified_gmt":"2026-03-23T12:44:18","slug":"ananas-gingembre-vanille","status":"publish","type":"product","link":"https:\/\/angelomusa.com\/en\/product\/ananas-gingembre-vanille\/","title":{"rendered":"Ananas Gingembre Vanille"},"content":{"rendered":"<p>L\u2019ananas, avec sa chair juteuse et parfum\u00e9e, est sublim\u00e9 par une touche de gingembre qui apporte du relief et de la vivacit\u00e9. La vanille vient arrondir les saveurs, cr\u00e9ant une confiture d\u00e9licatement \u00e9pic\u00e9e et gourmande. Parfaite sur une brioche, un fromage frais ou pour ajouter une note exotique \u00e0 vos desserts et plats.<\/p>","protected":false},"excerpt":{"rendered":"<p>L\u2019exotisme d\u2019un ananas gorg\u00e9 de soleil, la fra\u00eecheur piquante du gingembre et la douceur velout\u00e9e de la vanille s\u2019unissent dans une confiture intense et \u00e9quilibr\u00e9e. Entre chaleur, douceur et acidit\u00e9 naturelle, chaque cuill\u00e8re est une invitation au voyage et \u00e0 la gourmandise. \u00c0 savourer au petit-d\u00e9jeuner, en dessert ou dans des accords sucr\u00e9s-sal\u00e9s.<\/p>","protected":false},"featured_media":5771,"comment_status":"open","ping_status":"closed","template":"","meta":[],"product_brand":[],"product_cat":[22],"product_tag":[],"class_list":{"0":"post-5463","1":"product","2":"type-product","3":"status-publish","4":"has-post-thumbnail","6":"product_cat-les-nouveautes","8":"first","9":"instock","10":"taxable","11":"shipping-taxable","12":"purchasable","13":"product-type-simple"},"yoast_head":"<!-- This site is optimized with the Yoast SEO plugin v27.3 - https:\/\/yoast.com\/product\/yoast-seo-wordpress\/ -->\n<title>Ananas Gingembre Vanille - Angelo Musa<\/title>\n<meta name=\"description\" content=\"L\u2019exotisme d\u2019un ananas gorg\u00e9 de soleil, la fra\u00eecheur piquante du gingembre et la douceur velout\u00e9e de la vanille s\u2019unissent dans une confiture intense et \u00e9quilibr\u00e9e. Entre chaleur, douceur et acidit\u00e9 naturelle, chaque cuill\u00e8re est une invitation au voyage et \u00e0 la gourmandise. \u00c0 savourer au petit-d\u00e9jeuner, en dessert ou dans des accords sucr\u00e9s-sal\u00e9s.\" \/>\n<meta name=\"robots\" content=\"index, follow, max-snippet:-1, max-image-preview:large, max-video-preview:-1\" \/>\n<link rel=\"canonical\" href=\"https:\/\/angelomusa.com\/en\/produit\/ananas-gingembre-vanille\/\" \/>\n<meta property=\"og:locale\" content=\"en_US\" \/>\n<meta property=\"og:type\" content=\"article\" \/>\n<meta property=\"og:title\" content=\"Ananas Gingembre Vanille - Angelo Musa\" \/>\n<meta property=\"og:description\" content=\"L\u2019exotisme d\u2019un ananas gorg\u00e9 de soleil, la fra\u00eecheur piquante du gingembre et la douceur velout\u00e9e de la vanille s\u2019unissent dans une confiture intense et \u00e9quilibr\u00e9e. Entre chaleur, douceur et acidit\u00e9 naturelle, chaque cuill\u00e8re est une invitation au voyage et \u00e0 la gourmandise. \u00c0 savourer au petit-d\u00e9jeuner, en dessert ou dans des accords sucr\u00e9s-sal\u00e9s.\" \/>\n<meta property=\"og:url\" content=\"https:\/\/angelomusa.com\/en\/produit\/ananas-gingembre-vanille\/\" \/>\n<meta property=\"og:site_name\" content=\"Angelo Musa\" \/>\n<meta property=\"article:modified_time\" content=\"2026-03-23T12:44:18+00:00\" \/>\n<meta property=\"og:image\" content=\"https:\/\/angelomusa.com\/wp-content\/uploads\/2025\/10\/Boutique-Confiture_Ananas-Citron-Gingembre-Vanille.jpg\" \/>\n\t<meta property=\"og:image:width\" content=\"1000\" \/>\n\t<meta property=\"og:image:height\" content=\"1000\" \/>\n\t<meta property=\"og:image:type\" content=\"image\/jpeg\" \/>\n<meta name=\"twitter:card\" content=\"summary_large_image\" \/>\n<meta name=\"twitter:label1\" content=\"Est. reading time\" \/>\n\t<meta name=\"twitter:data1\" content=\"1 minute\" \/>\n<script type=\"application\/ld+json\" class=\"yoast-schema-graph\">{\"@context\":\"https:\\\/\\\/schema.org\",\"@graph\":[{\"@type\":\"WebPage\",\"@id\":\"https:\\\/\\\/angelomusa.com\\\/produit\\\/ananas-gingembre-vanille\\\/\",\"url\":\"https:\\\/\\\/angelomusa.com\\\/produit\\\/ananas-gingembre-vanille\\\/\",\"name\":\"Ananas Gingembre Vanille - Angelo Musa\",\"isPartOf\":{\"@id\":\"https:\\\/\\\/www.angelomusa.com\\\/#website\"},\"primaryImageOfPage\":{\"@id\":\"https:\\\/\\\/angelomusa.com\\\/produit\\\/ananas-gingembre-vanille\\\/#primaryimage\"},\"image\":{\"@id\":\"https:\\\/\\\/angelomusa.com\\\/produit\\\/ananas-gingembre-vanille\\\/#primaryimage\"},\"thumbnailUrl\":\"https:\\\/\\\/angelomusa.com\\\/wp-content\\\/uploads\\\/2025\\\/10\\\/Boutique-Confiture_Ananas-Citron-Gingembre-Vanille.jpg\",\"datePublished\":\"2025-03-12T21:51:51+00:00\",\"dateModified\":\"2026-03-23T12:44:18+00:00\",\"description\":\"L\u2019exotisme d\u2019un ananas gorg\u00e9 de soleil, la fra\u00eecheur piquante du gingembre et la douceur velout\u00e9e de la vanille s\u2019unissent dans une confiture intense et \u00e9quilibr\u00e9e. Entre chaleur, douceur et acidit\u00e9 naturelle, chaque cuill\u00e8re est une invitation au voyage et \u00e0 la gourmandise. \u00c0 savourer au petit-d\u00e9jeuner, en dessert ou dans des accords sucr\u00e9s-sal\u00e9s.\",\"breadcrumb\":{\"@id\":\"https:\\\/\\\/angelomusa.com\\\/produit\\\/ananas-gingembre-vanille\\\/#breadcrumb\"},\"inLanguage\":\"en-US\",\"potentialAction\":[{\"@type\":\"ReadAction\",\"target\":[\"https:\\\/\\\/angelomusa.com\\\/produit\\\/ananas-gingembre-vanille\\\/\"]}]},{\"@type\":\"ImageObject\",\"inLanguage\":\"en-US\",\"@id\":\"https:\\\/\\\/angelomusa.com\\\/produit\\\/ananas-gingembre-vanille\\\/#primaryimage\",\"url\":\"https:\\\/\\\/angelomusa.com\\\/wp-content\\\/uploads\\\/2025\\\/10\\\/Boutique-Confiture_Ananas-Citron-Gingembre-Vanille.jpg\",\"contentUrl\":\"https:\\\/\\\/angelomusa.com\\\/wp-content\\\/uploads\\\/2025\\\/10\\\/Boutique-Confiture_Ananas-Citron-Gingembre-Vanille.jpg\",\"width\":1000,\"height\":1000,\"caption\":\"Confiture Ananas Citron Gingembre Vanille\"},{\"@type\":\"BreadcrumbList\",\"@id\":\"https:\\\/\\\/angelomusa.com\\\/produit\\\/ananas-gingembre-vanille\\\/#breadcrumb\",\"itemListElement\":[{\"@type\":\"ListItem\",\"position\":1,\"name\":\"Accueil\",\"item\":\"https:\\\/\\\/angelomusa.com\\\/\"},{\"@type\":\"ListItem\",\"position\":2,\"name\":\"La Boutique\",\"item\":\"https:\\\/\\\/www.angelomusa.com\\\/la-boutique\\\/\"},{\"@type\":\"ListItem\",\"position\":3,\"name\":\"Ananas Gingembre Vanille\"}]},{\"@type\":\"WebSite\",\"@id\":\"https:\\\/\\\/www.angelomusa.com\\\/#website\",\"url\":\"https:\\\/\\\/www.angelomusa.com\\\/\",\"name\":\"Angelo Musa\",\"description\":\"L\u2019art de la p\u00e2tisserie sublim\u00e9e par un Meilleur Ouvrier de France\",\"publisher\":{\"@id\":\"https:\\\/\\\/www.angelomusa.com\\\/#organization\"},\"potentialAction\":[{\"@type\":\"SearchAction\",\"target\":{\"@type\":\"EntryPoint\",\"urlTemplate\":\"https:\\\/\\\/www.angelomusa.com\\\/?s={search_term_string}\"},\"query-input\":{\"@type\":\"PropertyValueSpecification\",\"valueRequired\":true,\"valueName\":\"search_term_string\"}}],\"inLanguage\":\"en-US\"},{\"@type\":\"Organization\",\"@id\":\"https:\\\/\\\/www.angelomusa.com\\\/#organization\",\"name\":\"Angelo Musa\",\"url\":\"https:\\\/\\\/www.angelomusa.com\\\/\",\"logo\":{\"@type\":\"ImageObject\",\"inLanguage\":\"en-US\",\"@id\":\"https:\\\/\\\/www.angelomusa.com\\\/#\\\/schema\\\/logo\\\/image\\\/\",\"url\":\"https:\\\/\\\/angelomusa.com\\\/wp-content\\\/uploads\\\/2024\\\/11\\\/ANGELO-MUSA-ICONE-4.png\",\"contentUrl\":\"https:\\\/\\\/angelomusa.com\\\/wp-content\\\/uploads\\\/2024\\\/11\\\/ANGELO-MUSA-ICONE-4.png\",\"width\":500,\"height\":500,\"caption\":\"Angelo Musa\"},\"image\":{\"@id\":\"https:\\\/\\\/www.angelomusa.com\\\/#\\\/schema\\\/logo\\\/image\\\/\"}}]}<\/script>\n<!-- \/ Yoast SEO plugin. -->","yoast_head_json":{"title":"Ananas Gingembre Vanille - Angelo Musa","description":"L\u2019exotisme d\u2019un ananas gorg\u00e9 de soleil, la fra\u00eecheur piquante du gingembre et la douceur velout\u00e9e de la vanille s\u2019unissent dans une confiture intense et \u00e9quilibr\u00e9e. Entre chaleur, douceur et acidit\u00e9 naturelle, chaque cuill\u00e8re est une invitation au voyage et \u00e0 la gourmandise. \u00c0 savourer au petit-d\u00e9jeuner, en dessert ou dans des accords sucr\u00e9s-sal\u00e9s.","robots":{"index":"index","follow":"follow","max-snippet":"max-snippet:-1","max-image-preview":"max-image-preview:large","max-video-preview":"max-video-preview:-1"},"canonical":"https:\/\/angelomusa.com\/en\/produit\/ananas-gingembre-vanille\/","og_locale":"en_US","og_type":"article","og_title":"Ananas Gingembre Vanille - Angelo Musa","og_description":"L\u2019exotisme d\u2019un ananas gorg\u00e9 de soleil, la fra\u00eecheur piquante du gingembre et la douceur velout\u00e9e de la vanille s\u2019unissent dans une confiture intense et \u00e9quilibr\u00e9e. Entre chaleur, douceur et acidit\u00e9 naturelle, chaque cuill\u00e8re est une invitation au voyage et \u00e0 la gourmandise. \u00c0 savourer au petit-d\u00e9jeuner, en dessert ou dans des accords sucr\u00e9s-sal\u00e9s.","og_url":"https:\/\/angelomusa.com\/en\/produit\/ananas-gingembre-vanille\/","og_site_name":"Angelo Musa","article_modified_time":"2026-03-23T12:44:18+00:00","og_image":[{"width":1000,"height":1000,"url":"https:\/\/angelomusa.com\/wp-content\/uploads\/2025\/10\/Boutique-Confiture_Ananas-Citron-Gingembre-Vanille.jpg","type":"image\/jpeg"}],"twitter_card":"summary_large_image","twitter_misc":{"Est. reading time":"1 minute"},"schema":{"@context":"https:\/\/schema.org","@graph":[{"@type":"WebPage","@id":"https:\/\/angelomusa.com\/produit\/ananas-gingembre-vanille\/","url":"https:\/\/angelomusa.com\/produit\/ananas-gingembre-vanille\/","name":"Ananas Gingembre Vanille - Angelo Musa","isPartOf":{"@id":"https:\/\/www.angelomusa.com\/#website"},"primaryImageOfPage":{"@id":"https:\/\/angelomusa.com\/produit\/ananas-gingembre-vanille\/#primaryimage"},"image":{"@id":"https:\/\/angelomusa.com\/produit\/ananas-gingembre-vanille\/#primaryimage"},"thumbnailUrl":"https:\/\/angelomusa.com\/wp-content\/uploads\/2025\/10\/Boutique-Confiture_Ananas-Citron-Gingembre-Vanille.jpg","datePublished":"2025-03-12T21:51:51+00:00","dateModified":"2026-03-23T12:44:18+00:00","description":"L\u2019exotisme d\u2019un ananas gorg\u00e9 de soleil, la fra\u00eecheur piquante du gingembre et la douceur velout\u00e9e de la vanille s\u2019unissent dans une confiture intense et \u00e9quilibr\u00e9e. Entre chaleur, douceur et acidit\u00e9 naturelle, chaque cuill\u00e8re est une invitation au voyage et \u00e0 la gourmandise. \u00c0 savourer au petit-d\u00e9jeuner, en dessert ou dans des accords sucr\u00e9s-sal\u00e9s.","breadcrumb":{"@id":"https:\/\/angelomusa.com\/produit\/ananas-gingembre-vanille\/#breadcrumb"},"inLanguage":"en-US","potentialAction":[{"@type":"ReadAction","target":["https:\/\/angelomusa.com\/produit\/ananas-gingembre-vanille\/"]}]},{"@type":"ImageObject","inLanguage":"en-US","@id":"https:\/\/angelomusa.com\/produit\/ananas-gingembre-vanille\/#primaryimage","url":"https:\/\/angelomusa.com\/wp-content\/uploads\/2025\/10\/Boutique-Confiture_Ananas-Citron-Gingembre-Vanille.jpg","contentUrl":"https:\/\/angelomusa.com\/wp-content\/uploads\/2025\/10\/Boutique-Confiture_Ananas-Citron-Gingembre-Vanille.jpg","width":1000,"height":1000,"caption":"Confiture Ananas Citron Gingembre Vanille"},{"@type":"BreadcrumbList","@id":"https:\/\/angelomusa.com\/produit\/ananas-gingembre-vanille\/#breadcrumb","itemListElement":[{"@type":"ListItem","position":1,"name":"Accueil","item":"https:\/\/angelomusa.com\/"},{"@type":"ListItem","position":2,"name":"La Boutique","item":"https:\/\/www.angelomusa.com\/la-boutique\/"},{"@type":"ListItem","position":3,"name":"Ananas Gingembre Vanille"}]},{"@type":"WebSite","@id":"https:\/\/www.angelomusa.com\/#website","url":"https:\/\/www.angelomusa.com\/","name":"Angelo Musa","description":"L\u2019art de la p\u00e2tisserie sublim\u00e9e par un Meilleur Ouvrier de France","publisher":{"@id":"https:\/\/www.angelomusa.com\/#organization"},"potentialAction":[{"@type":"SearchAction","target":{"@type":"EntryPoint","urlTemplate":"https:\/\/www.angelomusa.com\/?s={search_term_string}"},"query-input":{"@type":"PropertyValueSpecification","valueRequired":true,"valueName":"search_term_string"}}],"inLanguage":"en-US"},{"@type":"Organization","@id":"https:\/\/www.angelomusa.com\/#organization","name":"Angelo Musa","url":"https:\/\/www.angelomusa.com\/","logo":{"@type":"ImageObject","inLanguage":"en-US","@id":"https:\/\/www.angelomusa.com\/#\/schema\/logo\/image\/","url":"https:\/\/angelomusa.com\/wp-content\/uploads\/2024\/11\/ANGELO-MUSA-ICONE-4.png","contentUrl":"https:\/\/angelomusa.com\/wp-content\/uploads\/2024\/11\/ANGELO-MUSA-ICONE-4.png","width":500,"height":500,"caption":"Angelo Musa"},"image":{"@id":"https:\/\/www.angelomusa.com\/#\/schema\/logo\/image\/"}}]}},"_links":{"self":[{"href":"https:\/\/angelomusa.com\/en\/wp-json\/wp\/v2\/product\/5463","targetHints":{"allow":["GET"]}}],"collection":[{"href":"https:\/\/angelomusa.com\/en\/wp-json\/wp\/v2\/product"}],"about":[{"href":"https:\/\/angelomusa.com\/en\/wp-json\/wp\/v2\/types\/product"}],"replies":[{"embeddable":true,"href":"https:\/\/angelomusa.com\/en\/wp-json\/wp\/v2\/comments?post=5463"}],"wp:featuredmedia":[{"embeddable":true,"href":"https:\/\/angelomusa.com\/en\/wp-json\/wp\/v2\/media\/5771"}],"wp:attachment":[{"href":"https:\/\/angelomusa.com\/en\/wp-json\/wp\/v2\/media?parent=5463"}],"wp:term":[{"taxonomy":"product_brand","embeddable":true,"href":"https:\/\/angelomusa.com\/en\/wp-json\/wp\/v2\/product_brand?post=5463"},{"taxonomy":"product_cat","embeddable":true,"href":"https:\/\/angelomusa.com\/en\/wp-json\/wp\/v2\/product_cat?post=5463"},{"taxonomy":"product_tag","embeddable":true,"href":"https:\/\/angelomusa.com\/en\/wp-json\/wp\/v2\/product_tag?post=5463"}],"curies":[{"name":"wp","href":"https:\/\/api.w.org\/{rel}","templated":true}]}}