{"id":5461,"date":"2025-03-12T22:45:13","date_gmt":"2025-03-12T21:45:13","guid":{"rendered":"https:\/\/www.angelomusa.com\/?post_type=product&#038;p=5461"},"modified":"2025-10-09T20:40:50","modified_gmt":"2025-10-09T18:40:50","slug":"new-sudashi","status":"publish","type":"product","link":"https:\/\/angelomusa.com\/en\/product\/new-sudashi\/","title":{"rendered":"Sudashi"},"content":{"rendered":"<p>Un agrume japonais au caract\u00e8re bien tremp\u00e9, entre acidit\u00e9 vive et notes v\u00e9g\u00e9tales. Son parfum intense, \u00e9voquant le citron vert et la mandarine, donne naissance \u00e0 une confiture fra\u00eeche et \u00e9clatante, id\u00e9ale pour r\u00e9veiller vos papilles. \u00c0 d\u00e9guster sur une tartine, avec un yaourt ou m\u00eame en touche audacieuse sur un plat sal\u00e9.<\/p>","protected":false},"excerpt":{"rendered":"<p>Le Sudashi, petit agrume originaire du Japon, est r\u00e9put\u00e9 pour sa saveur puissante et son acidit\u00e9 vibrante. Plus intense que le yuzu, il d\u00e9voile des notes zest\u00e9es et poivr\u00e9es qui dynamisent cette confiture raffin\u00e9e. Son go\u00fbt unique en fait un alli\u00e9 de choix pour accompagner aussi bien le sucr\u00e9 que le sal\u00e9, du simple petit-d\u00e9jeuner aux associations gastronomiques.<\/p>","protected":false},"featured_media":5462,"comment_status":"open","ping_status":"closed","template":"","meta":[],"product_brand":[],"product_cat":[22],"product_tag":[],"class_list":{"0":"post-5461","1":"product","2":"type-product","3":"status-publish","4":"has-post-thumbnail","6":"product_cat-les-nouveautes","8":"first","9":"instock","10":"taxable","11":"shipping-taxable","12":"purchasable","13":"product-type-simple"},"yoast_head":"<!-- This site is optimized with the Yoast SEO plugin v27.3 - https:\/\/yoast.com\/product\/yoast-seo-wordpress\/ -->\n<title>Sudashi - Angelo Musa<\/title>\n<meta name=\"description\" content=\"Le Sudachi, petit agrume originaire du Japon, est r\u00e9put\u00e9 pour sa saveur puissante et son acidit\u00e9 vibrante. Plus intense que le yuzu, il d\u00e9voile des notes zest\u00e9es et poivr\u00e9es qui dynamisent cette confiture raffin\u00e9e. Son go\u00fbt unique en fait un alli\u00e9 de choix pour accompagner aussi bien le sucr\u00e9 que le sal\u00e9, du simple petit-d\u00e9jeuner aux associations gastronomiques.\" \/>\n<meta name=\"robots\" content=\"index, follow, max-snippet:-1, max-image-preview:large, max-video-preview:-1\" \/>\n<link rel=\"canonical\" href=\"https:\/\/angelomusa.com\/en\/produit\/new-sudashi\/\" \/>\n<meta property=\"og:locale\" content=\"en_US\" \/>\n<meta property=\"og:type\" content=\"article\" \/>\n<meta property=\"og:title\" content=\"Sudashi - Angelo Musa\" \/>\n<meta property=\"og:description\" content=\"Le Sudachi, petit agrume originaire du Japon, est r\u00e9put\u00e9 pour sa saveur puissante et son acidit\u00e9 vibrante. Plus intense que le yuzu, il d\u00e9voile des notes zest\u00e9es et poivr\u00e9es qui dynamisent cette confiture raffin\u00e9e. Son go\u00fbt unique en fait un alli\u00e9 de choix pour accompagner aussi bien le sucr\u00e9 que le sal\u00e9, du simple petit-d\u00e9jeuner aux associations gastronomiques.\" \/>\n<meta property=\"og:url\" content=\"https:\/\/angelomusa.com\/en\/produit\/new-sudashi\/\" \/>\n<meta property=\"og:site_name\" content=\"Angelo Musa\" \/>\n<meta property=\"article:modified_time\" content=\"2025-10-09T18:40:50+00:00\" \/>\n<meta property=\"og:image\" content=\"https:\/\/angelomusa.com\/wp-content\/uploads\/2025\/03\/Design-sans-titre-24-e1744810576752.png\" \/>\n\t<meta property=\"og:image:width\" content=\"950\" \/>\n\t<meta property=\"og:image:height\" content=\"950\" \/>\n\t<meta property=\"og:image:type\" content=\"image\/png\" \/>\n<meta name=\"twitter:card\" content=\"summary_large_image\" \/>\n<meta name=\"twitter:label1\" content=\"Est. reading time\" \/>\n\t<meta name=\"twitter:data1\" content=\"1 minute\" \/>\n<script type=\"application\/ld+json\" class=\"yoast-schema-graph\">{\"@context\":\"https:\\\/\\\/schema.org\",\"@graph\":[{\"@type\":\"WebPage\",\"@id\":\"https:\\\/\\\/angelomusa.com\\\/produit\\\/new-sudashi\\\/\",\"url\":\"https:\\\/\\\/angelomusa.com\\\/produit\\\/new-sudashi\\\/\",\"name\":\"Sudashi - Angelo Musa\",\"isPartOf\":{\"@id\":\"https:\\\/\\\/www.angelomusa.com\\\/#website\"},\"primaryImageOfPage\":{\"@id\":\"https:\\\/\\\/angelomusa.com\\\/produit\\\/new-sudashi\\\/#primaryimage\"},\"image\":{\"@id\":\"https:\\\/\\\/angelomusa.com\\\/produit\\\/new-sudashi\\\/#primaryimage\"},\"thumbnailUrl\":\"https:\\\/\\\/angelomusa.com\\\/wp-content\\\/uploads\\\/2025\\\/03\\\/Design-sans-titre-24-e1744810576752.png\",\"datePublished\":\"2025-03-12T21:45:13+00:00\",\"dateModified\":\"2025-10-09T18:40:50+00:00\",\"description\":\"Le Sudachi, petit agrume originaire du Japon, est r\u00e9put\u00e9 pour sa saveur puissante et son acidit\u00e9 vibrante. Plus intense que le yuzu, il d\u00e9voile des notes zest\u00e9es et poivr\u00e9es qui dynamisent cette confiture raffin\u00e9e. Son go\u00fbt unique en fait un alli\u00e9 de choix pour accompagner aussi bien le sucr\u00e9 que le sal\u00e9, du simple petit-d\u00e9jeuner aux associations gastronomiques.\",\"breadcrumb\":{\"@id\":\"https:\\\/\\\/angelomusa.com\\\/produit\\\/new-sudashi\\\/#breadcrumb\"},\"inLanguage\":\"en-US\",\"potentialAction\":[{\"@type\":\"ReadAction\",\"target\":[\"https:\\\/\\\/angelomusa.com\\\/produit\\\/new-sudashi\\\/\"]}]},{\"@type\":\"ImageObject\",\"inLanguage\":\"en-US\",\"@id\":\"https:\\\/\\\/angelomusa.com\\\/produit\\\/new-sudashi\\\/#primaryimage\",\"url\":\"https:\\\/\\\/angelomusa.com\\\/wp-content\\\/uploads\\\/2025\\\/03\\\/Design-sans-titre-24-e1744810576752.png\",\"contentUrl\":\"https:\\\/\\\/angelomusa.com\\\/wp-content\\\/uploads\\\/2025\\\/03\\\/Design-sans-titre-24-e1744810576752.png\",\"width\":950,\"height\":950,\"caption\":\"Confiture Sudashi\"},{\"@type\":\"BreadcrumbList\",\"@id\":\"https:\\\/\\\/angelomusa.com\\\/produit\\\/new-sudashi\\\/#breadcrumb\",\"itemListElement\":[{\"@type\":\"ListItem\",\"position\":1,\"name\":\"Accueil\",\"item\":\"https:\\\/\\\/angelomusa.com\\\/\"},{\"@type\":\"ListItem\",\"position\":2,\"name\":\"La Boutique\",\"item\":\"https:\\\/\\\/www.angelomusa.com\\\/la-boutique\\\/\"},{\"@type\":\"ListItem\",\"position\":3,\"name\":\"Sudashi\"}]},{\"@type\":\"WebSite\",\"@id\":\"https:\\\/\\\/www.angelomusa.com\\\/#website\",\"url\":\"https:\\\/\\\/www.angelomusa.com\\\/\",\"name\":\"Angelo Musa\",\"description\":\"L\u2019art de la p\u00e2tisserie sublim\u00e9e par un Meilleur Ouvrier de France\",\"publisher\":{\"@id\":\"https:\\\/\\\/www.angelomusa.com\\\/#organization\"},\"potentialAction\":[{\"@type\":\"SearchAction\",\"target\":{\"@type\":\"EntryPoint\",\"urlTemplate\":\"https:\\\/\\\/www.angelomusa.com\\\/?s={search_term_string}\"},\"query-input\":{\"@type\":\"PropertyValueSpecification\",\"valueRequired\":true,\"valueName\":\"search_term_string\"}}],\"inLanguage\":\"en-US\"},{\"@type\":\"Organization\",\"@id\":\"https:\\\/\\\/www.angelomusa.com\\\/#organization\",\"name\":\"Angelo Musa\",\"url\":\"https:\\\/\\\/www.angelomusa.com\\\/\",\"logo\":{\"@type\":\"ImageObject\",\"inLanguage\":\"en-US\",\"@id\":\"https:\\\/\\\/www.angelomusa.com\\\/#\\\/schema\\\/logo\\\/image\\\/\",\"url\":\"https:\\\/\\\/angelomusa.com\\\/wp-content\\\/uploads\\\/2024\\\/11\\\/ANGELO-MUSA-ICONE-4.png\",\"contentUrl\":\"https:\\\/\\\/angelomusa.com\\\/wp-content\\\/uploads\\\/2024\\\/11\\\/ANGELO-MUSA-ICONE-4.png\",\"width\":500,\"height\":500,\"caption\":\"Angelo Musa\"},\"image\":{\"@id\":\"https:\\\/\\\/www.angelomusa.com\\\/#\\\/schema\\\/logo\\\/image\\\/\"}}]}<\/script>\n<!-- \/ Yoast SEO plugin. -->","yoast_head_json":{"title":"Sudashi - Angelo Musa","description":"Le Sudachi, petit agrume originaire du Japon, est r\u00e9put\u00e9 pour sa saveur puissante et son acidit\u00e9 vibrante. Plus intense que le yuzu, il d\u00e9voile des notes zest\u00e9es et poivr\u00e9es qui dynamisent cette confiture raffin\u00e9e. Son go\u00fbt unique en fait un alli\u00e9 de choix pour accompagner aussi bien le sucr\u00e9 que le sal\u00e9, du simple petit-d\u00e9jeuner aux associations gastronomiques.","robots":{"index":"index","follow":"follow","max-snippet":"max-snippet:-1","max-image-preview":"max-image-preview:large","max-video-preview":"max-video-preview:-1"},"canonical":"https:\/\/angelomusa.com\/en\/produit\/new-sudashi\/","og_locale":"en_US","og_type":"article","og_title":"Sudashi - Angelo Musa","og_description":"Le Sudachi, petit agrume originaire du Japon, est r\u00e9put\u00e9 pour sa saveur puissante et son acidit\u00e9 vibrante. Plus intense que le yuzu, il d\u00e9voile des notes zest\u00e9es et poivr\u00e9es qui dynamisent cette confiture raffin\u00e9e. Son go\u00fbt unique en fait un alli\u00e9 de choix pour accompagner aussi bien le sucr\u00e9 que le sal\u00e9, du simple petit-d\u00e9jeuner aux associations gastronomiques.","og_url":"https:\/\/angelomusa.com\/en\/produit\/new-sudashi\/","og_site_name":"Angelo Musa","article_modified_time":"2025-10-09T18:40:50+00:00","og_image":[{"width":950,"height":950,"url":"https:\/\/angelomusa.com\/wp-content\/uploads\/2025\/03\/Design-sans-titre-24-e1744810576752.png","type":"image\/png"}],"twitter_card":"summary_large_image","twitter_misc":{"Est. reading time":"1 minute"},"schema":{"@context":"https:\/\/schema.org","@graph":[{"@type":"WebPage","@id":"https:\/\/angelomusa.com\/produit\/new-sudashi\/","url":"https:\/\/angelomusa.com\/produit\/new-sudashi\/","name":"Sudashi - Angelo Musa","isPartOf":{"@id":"https:\/\/www.angelomusa.com\/#website"},"primaryImageOfPage":{"@id":"https:\/\/angelomusa.com\/produit\/new-sudashi\/#primaryimage"},"image":{"@id":"https:\/\/angelomusa.com\/produit\/new-sudashi\/#primaryimage"},"thumbnailUrl":"https:\/\/angelomusa.com\/wp-content\/uploads\/2025\/03\/Design-sans-titre-24-e1744810576752.png","datePublished":"2025-03-12T21:45:13+00:00","dateModified":"2025-10-09T18:40:50+00:00","description":"Le Sudachi, petit agrume originaire du Japon, est r\u00e9put\u00e9 pour sa saveur puissante et son acidit\u00e9 vibrante. Plus intense que le yuzu, il d\u00e9voile des notes zest\u00e9es et poivr\u00e9es qui dynamisent cette confiture raffin\u00e9e. Son go\u00fbt unique en fait un alli\u00e9 de choix pour accompagner aussi bien le sucr\u00e9 que le sal\u00e9, du simple petit-d\u00e9jeuner aux associations gastronomiques.","breadcrumb":{"@id":"https:\/\/angelomusa.com\/produit\/new-sudashi\/#breadcrumb"},"inLanguage":"en-US","potentialAction":[{"@type":"ReadAction","target":["https:\/\/angelomusa.com\/produit\/new-sudashi\/"]}]},{"@type":"ImageObject","inLanguage":"en-US","@id":"https:\/\/angelomusa.com\/produit\/new-sudashi\/#primaryimage","url":"https:\/\/angelomusa.com\/wp-content\/uploads\/2025\/03\/Design-sans-titre-24-e1744810576752.png","contentUrl":"https:\/\/angelomusa.com\/wp-content\/uploads\/2025\/03\/Design-sans-titre-24-e1744810576752.png","width":950,"height":950,"caption":"Confiture Sudashi"},{"@type":"BreadcrumbList","@id":"https:\/\/angelomusa.com\/produit\/new-sudashi\/#breadcrumb","itemListElement":[{"@type":"ListItem","position":1,"name":"Accueil","item":"https:\/\/angelomusa.com\/"},{"@type":"ListItem","position":2,"name":"La Boutique","item":"https:\/\/www.angelomusa.com\/la-boutique\/"},{"@type":"ListItem","position":3,"name":"Sudashi"}]},{"@type":"WebSite","@id":"https:\/\/www.angelomusa.com\/#website","url":"https:\/\/www.angelomusa.com\/","name":"Angelo Musa","description":"L\u2019art de la p\u00e2tisserie sublim\u00e9e par un Meilleur Ouvrier de France","publisher":{"@id":"https:\/\/www.angelomusa.com\/#organization"},"potentialAction":[{"@type":"SearchAction","target":{"@type":"EntryPoint","urlTemplate":"https:\/\/www.angelomusa.com\/?s={search_term_string}"},"query-input":{"@type":"PropertyValueSpecification","valueRequired":true,"valueName":"search_term_string"}}],"inLanguage":"en-US"},{"@type":"Organization","@id":"https:\/\/www.angelomusa.com\/#organization","name":"Angelo Musa","url":"https:\/\/www.angelomusa.com\/","logo":{"@type":"ImageObject","inLanguage":"en-US","@id":"https:\/\/www.angelomusa.com\/#\/schema\/logo\/image\/","url":"https:\/\/angelomusa.com\/wp-content\/uploads\/2024\/11\/ANGELO-MUSA-ICONE-4.png","contentUrl":"https:\/\/angelomusa.com\/wp-content\/uploads\/2024\/11\/ANGELO-MUSA-ICONE-4.png","width":500,"height":500,"caption":"Angelo Musa"},"image":{"@id":"https:\/\/www.angelomusa.com\/#\/schema\/logo\/image\/"}}]}},"_links":{"self":[{"href":"https:\/\/angelomusa.com\/en\/wp-json\/wp\/v2\/product\/5461","targetHints":{"allow":["GET"]}}],"collection":[{"href":"https:\/\/angelomusa.com\/en\/wp-json\/wp\/v2\/product"}],"about":[{"href":"https:\/\/angelomusa.com\/en\/wp-json\/wp\/v2\/types\/product"}],"replies":[{"embeddable":true,"href":"https:\/\/angelomusa.com\/en\/wp-json\/wp\/v2\/comments?post=5461"}],"wp:featuredmedia":[{"embeddable":true,"href":"https:\/\/angelomusa.com\/en\/wp-json\/wp\/v2\/media\/5462"}],"wp:attachment":[{"href":"https:\/\/angelomusa.com\/en\/wp-json\/wp\/v2\/media?parent=5461"}],"wp:term":[{"taxonomy":"product_brand","embeddable":true,"href":"https:\/\/angelomusa.com\/en\/wp-json\/wp\/v2\/product_brand?post=5461"},{"taxonomy":"product_cat","embeddable":true,"href":"https:\/\/angelomusa.com\/en\/wp-json\/wp\/v2\/product_cat?post=5461"},{"taxonomy":"product_tag","embeddable":true,"href":"https:\/\/angelomusa.com\/en\/wp-json\/wp\/v2\/product_tag?post=5461"}],"curies":[{"name":"wp","href":"https:\/\/api.w.org\/{rel}","templated":true}]}}