{"id":5436,"date":"2025-02-14T14:21:14","date_gmt":"2025-02-14T13:21:14","guid":{"rendered":"https:\/\/angelomusa.com\/?post_type=product&#038;p=5436"},"modified":"2025-10-24T11:36:03","modified_gmt":"2025-10-24T09:36:03","slug":"coffret-cadeau-pour-un-pot","status":"publish","type":"product","link":"https:\/\/angelomusa.com\/en\/product\/coffret-cadeau-pour-un-pot\/","title":{"rendered":"Coffret cadeau pour un pot"},"content":{"rendered":"<p data-start=\"0\" data-end=\"37\">\ud83c\udf81 <strong data-start=\"3\" data-end=\"35\">Le coffret cadeau individuel<\/strong><\/p>\n<p data-start=\"39\" data-end=\"213\" data-is-last-node=\"\">Sublimez votre pot de confiture <strong data-start=\"71\" data-end=\"99\">La Confiture Angelo Musa<\/strong> avec notre coffret cadeau \u00e9l\u00e9gant. Parfait pour toutes les occasions \u2013 ou simplement pour le plaisir d\u2019offrir ! \u2728<\/p>","protected":false},"excerpt":{"rendered":"<p data-start=\"0\" data-end=\"80\"><strong data-start=\"0\" data-end=\"78\">Offrez une touche de gourmandise avec notre coffret cadeau individuel ! \ud83c\udf81<\/strong><\/p>\n<p data-start=\"82\" data-end=\"403\">Envie de faire plaisir avec une attention sucr\u00e9e et raffin\u00e9e ? Notre coffret cadeau individuel est l\u2019\u00e9crin parfait pour sublimer un pot de confiture <strong data-start=\"231\" data-end=\"259\">La Confiture Angelo Musa<\/strong>. \u00c9l\u00e9gant et soign\u00e9, il transforme un simple pot en un cadeau d\u2019exception, id\u00e9al pour toutes les occasions\u2026 ou juste pour le plaisir d\u2019offrir.<\/p>\n<p data-start=\"405\" data-end=\"598\">Un anniversaire, une f\u00eate, un remerciement ou une surprise gourmande sans raison particuli\u00e8re : chaque pot raconte une histoire de saveurs et d\u2019authenticit\u00e9, pr\u00eat \u00e0 \u00eatre partag\u00e9 et savour\u00e9. \u2728<\/p>\n<p data-start=\"600\" data-end=\"680\" data-is-last-node=\"\">Ajoutez-le \u00e0 votre commande et faites de chaque d\u00e9gustation un moment unique. \ud83c\udf53<\/p>","protected":false},"featured_media":5437,"comment_status":"open","ping_status":"closed","template":"","meta":[],"product_brand":[],"product_cat":[48],"product_tag":[],"class_list":{"0":"post-5436","1":"product","2":"type-product","3":"status-publish","4":"has-post-thumbnail","6":"product_cat-coffret-angelo-musa","8":"first","9":"instock","10":"taxable","11":"shipping-taxable","12":"purchasable","13":"product-type-simple"},"yoast_head":"<!-- This site is optimized with the Yoast SEO plugin v27.4 - https:\/\/yoast.com\/product\/yoast-seo-wordpress\/ -->\n<title>Coffret cadeau pour un pot - Angelo Musa<\/title>\n<meta name=\"description\" content=\"\ud83c\udf81 Le coffret cadeau individuelSublimez votre pot de confiture La Confiture Angelo Musa avec notre coffret cadeau \u00e9l\u00e9gant. Parfait pour toutes les occasions \u2013 ou simplement pour le plaisir d\u2019offrir ! \u2728\" \/>\n<meta name=\"robots\" content=\"index, follow, max-snippet:-1, max-image-preview:large, max-video-preview:-1\" \/>\n<link rel=\"canonical\" href=\"https:\/\/angelomusa.com\/en\/produit\/coffret-cadeau-pour-un-pot\/\" \/>\n<meta property=\"og:locale\" content=\"en_US\" \/>\n<meta property=\"og:type\" content=\"article\" \/>\n<meta property=\"og:title\" content=\"Coffret cadeau pour un pot - Angelo Musa\" \/>\n<meta property=\"og:description\" content=\"\ud83c\udf81 Le coffret cadeau individuelSublimez votre pot de confiture La Confiture Angelo Musa avec notre coffret cadeau \u00e9l\u00e9gant. Parfait pour toutes les occasions \u2013 ou simplement pour le plaisir d\u2019offrir ! \u2728\" \/>\n<meta property=\"og:url\" content=\"https:\/\/angelomusa.com\/en\/produit\/coffret-cadeau-pour-un-pot\/\" \/>\n<meta property=\"og:site_name\" content=\"Angelo Musa\" \/>\n<meta property=\"article:modified_time\" content=\"2025-10-24T09:36:03+00:00\" \/>\n<meta property=\"og:image\" content=\"https:\/\/angelomusa.com\/wp-content\/uploads\/2025\/02\/Design-sans-titre-21-e1744810455308.png\" \/>\n\t<meta property=\"og:image:width\" content=\"800\" \/>\n\t<meta property=\"og:image:height\" content=\"800\" \/>\n\t<meta property=\"og:image:type\" content=\"image\/png\" \/>\n<meta name=\"twitter:card\" content=\"summary_large_image\" \/>\n<meta name=\"twitter:label1\" content=\"Est. reading time\" \/>\n\t<meta name=\"twitter:data1\" content=\"1 minute\" \/>\n<script type=\"application\/ld+json\" class=\"yoast-schema-graph\">{\"@context\":\"https:\\\/\\\/schema.org\",\"@graph\":[{\"@type\":\"WebPage\",\"@id\":\"https:\\\/\\\/angelomusa.com\\\/produit\\\/coffret-cadeau-pour-un-pot\\\/\",\"url\":\"https:\\\/\\\/angelomusa.com\\\/produit\\\/coffret-cadeau-pour-un-pot\\\/\",\"name\":\"Coffret cadeau pour un pot - Angelo Musa\",\"isPartOf\":{\"@id\":\"https:\\\/\\\/www.angelomusa.com\\\/#website\"},\"primaryImageOfPage\":{\"@id\":\"https:\\\/\\\/angelomusa.com\\\/produit\\\/coffret-cadeau-pour-un-pot\\\/#primaryimage\"},\"image\":{\"@id\":\"https:\\\/\\\/angelomusa.com\\\/produit\\\/coffret-cadeau-pour-un-pot\\\/#primaryimage\"},\"thumbnailUrl\":\"https:\\\/\\\/angelomusa.com\\\/wp-content\\\/uploads\\\/2025\\\/02\\\/Design-sans-titre-21-e1744810455308.png\",\"datePublished\":\"2025-02-14T13:21:14+00:00\",\"dateModified\":\"2025-10-24T09:36:03+00:00\",\"description\":\"\ud83c\udf81 Le coffret cadeau individuelSublimez votre pot de confiture La Confiture Angelo Musa avec notre coffret cadeau \u00e9l\u00e9gant. Parfait pour toutes les occasions \u2013 ou simplement pour le plaisir d\u2019offrir ! \u2728\",\"breadcrumb\":{\"@id\":\"https:\\\/\\\/angelomusa.com\\\/produit\\\/coffret-cadeau-pour-un-pot\\\/#breadcrumb\"},\"inLanguage\":\"en-US\",\"potentialAction\":[{\"@type\":\"ReadAction\",\"target\":[\"https:\\\/\\\/angelomusa.com\\\/produit\\\/coffret-cadeau-pour-un-pot\\\/\"]}]},{\"@type\":\"ImageObject\",\"inLanguage\":\"en-US\",\"@id\":\"https:\\\/\\\/angelomusa.com\\\/produit\\\/coffret-cadeau-pour-un-pot\\\/#primaryimage\",\"url\":\"https:\\\/\\\/angelomusa.com\\\/wp-content\\\/uploads\\\/2025\\\/02\\\/Design-sans-titre-21-e1744810455308.png\",\"contentUrl\":\"https:\\\/\\\/angelomusa.com\\\/wp-content\\\/uploads\\\/2025\\\/02\\\/Design-sans-titre-21-e1744810455308.png\",\"width\":800,\"height\":800,\"caption\":\"\ud83c\udf81 Le coffret cadeau individuel Sublimez votre pot de confiture La Confiture Angelo Musa avec notre coffret cadeau \u00e9l\u00e9gant. Parfait pour toutes les occasions \u2013 ou simplement pour le plaisir d\u2019offrir ! \u2728\"},{\"@type\":\"BreadcrumbList\",\"@id\":\"https:\\\/\\\/angelomusa.com\\\/produit\\\/coffret-cadeau-pour-un-pot\\\/#breadcrumb\",\"itemListElement\":[{\"@type\":\"ListItem\",\"position\":1,\"name\":\"Accueil\",\"item\":\"https:\\\/\\\/angelomusa.com\\\/\"},{\"@type\":\"ListItem\",\"position\":2,\"name\":\"La Boutique\",\"item\":\"https:\\\/\\\/www.angelomusa.com\\\/la-boutique\\\/\"},{\"@type\":\"ListItem\",\"position\":3,\"name\":\"Coffret cadeau pour un pot\"}]},{\"@type\":\"WebSite\",\"@id\":\"https:\\\/\\\/www.angelomusa.com\\\/#website\",\"url\":\"https:\\\/\\\/www.angelomusa.com\\\/\",\"name\":\"Angelo Musa\",\"description\":\"L\u2019art de la p\u00e2tisserie sublim\u00e9e par un Meilleur Ouvrier de France\",\"publisher\":{\"@id\":\"https:\\\/\\\/www.angelomusa.com\\\/#organization\"},\"potentialAction\":[{\"@type\":\"SearchAction\",\"target\":{\"@type\":\"EntryPoint\",\"urlTemplate\":\"https:\\\/\\\/www.angelomusa.com\\\/?s={search_term_string}\"},\"query-input\":{\"@type\":\"PropertyValueSpecification\",\"valueRequired\":true,\"valueName\":\"search_term_string\"}}],\"inLanguage\":\"en-US\"},{\"@type\":\"Organization\",\"@id\":\"https:\\\/\\\/www.angelomusa.com\\\/#organization\",\"name\":\"Angelo Musa\",\"url\":\"https:\\\/\\\/www.angelomusa.com\\\/\",\"logo\":{\"@type\":\"ImageObject\",\"inLanguage\":\"en-US\",\"@id\":\"https:\\\/\\\/www.angelomusa.com\\\/#\\\/schema\\\/logo\\\/image\\\/\",\"url\":\"https:\\\/\\\/angelomusa.com\\\/wp-content\\\/uploads\\\/2024\\\/11\\\/ANGELO-MUSA-ICONE-4.png\",\"contentUrl\":\"https:\\\/\\\/angelomusa.com\\\/wp-content\\\/uploads\\\/2024\\\/11\\\/ANGELO-MUSA-ICONE-4.png\",\"width\":500,\"height\":500,\"caption\":\"Angelo Musa\"},\"image\":{\"@id\":\"https:\\\/\\\/www.angelomusa.com\\\/#\\\/schema\\\/logo\\\/image\\\/\"}}]}<\/script>\n<!-- \/ Yoast SEO plugin. -->","yoast_head_json":{"title":"Coffret cadeau pour un pot - Angelo Musa","description":"\ud83c\udf81 Le coffret cadeau individuelSublimez votre pot de confiture La Confiture Angelo Musa avec notre coffret cadeau \u00e9l\u00e9gant. Parfait pour toutes les occasions \u2013 ou simplement pour le plaisir d\u2019offrir ! \u2728","robots":{"index":"index","follow":"follow","max-snippet":"max-snippet:-1","max-image-preview":"max-image-preview:large","max-video-preview":"max-video-preview:-1"},"canonical":"https:\/\/angelomusa.com\/en\/produit\/coffret-cadeau-pour-un-pot\/","og_locale":"en_US","og_type":"article","og_title":"Coffret cadeau pour un pot - Angelo Musa","og_description":"\ud83c\udf81 Le coffret cadeau individuelSublimez votre pot de confiture La Confiture Angelo Musa avec notre coffret cadeau \u00e9l\u00e9gant. Parfait pour toutes les occasions \u2013 ou simplement pour le plaisir d\u2019offrir ! \u2728","og_url":"https:\/\/angelomusa.com\/en\/produit\/coffret-cadeau-pour-un-pot\/","og_site_name":"Angelo Musa","article_modified_time":"2025-10-24T09:36:03+00:00","og_image":[{"width":800,"height":800,"url":"https:\/\/angelomusa.com\/wp-content\/uploads\/2025\/02\/Design-sans-titre-21-e1744810455308.png","type":"image\/png"}],"twitter_card":"summary_large_image","twitter_misc":{"Est. reading time":"1 minute"},"schema":{"@context":"https:\/\/schema.org","@graph":[{"@type":"WebPage","@id":"https:\/\/angelomusa.com\/produit\/coffret-cadeau-pour-un-pot\/","url":"https:\/\/angelomusa.com\/produit\/coffret-cadeau-pour-un-pot\/","name":"Coffret cadeau pour un pot - Angelo Musa","isPartOf":{"@id":"https:\/\/www.angelomusa.com\/#website"},"primaryImageOfPage":{"@id":"https:\/\/angelomusa.com\/produit\/coffret-cadeau-pour-un-pot\/#primaryimage"},"image":{"@id":"https:\/\/angelomusa.com\/produit\/coffret-cadeau-pour-un-pot\/#primaryimage"},"thumbnailUrl":"https:\/\/angelomusa.com\/wp-content\/uploads\/2025\/02\/Design-sans-titre-21-e1744810455308.png","datePublished":"2025-02-14T13:21:14+00:00","dateModified":"2025-10-24T09:36:03+00:00","description":"\ud83c\udf81 Le coffret cadeau individuelSublimez votre pot de confiture La Confiture Angelo Musa avec notre coffret cadeau \u00e9l\u00e9gant. Parfait pour toutes les occasions \u2013 ou simplement pour le plaisir d\u2019offrir ! \u2728","breadcrumb":{"@id":"https:\/\/angelomusa.com\/produit\/coffret-cadeau-pour-un-pot\/#breadcrumb"},"inLanguage":"en-US","potentialAction":[{"@type":"ReadAction","target":["https:\/\/angelomusa.com\/produit\/coffret-cadeau-pour-un-pot\/"]}]},{"@type":"ImageObject","inLanguage":"en-US","@id":"https:\/\/angelomusa.com\/produit\/coffret-cadeau-pour-un-pot\/#primaryimage","url":"https:\/\/angelomusa.com\/wp-content\/uploads\/2025\/02\/Design-sans-titre-21-e1744810455308.png","contentUrl":"https:\/\/angelomusa.com\/wp-content\/uploads\/2025\/02\/Design-sans-titre-21-e1744810455308.png","width":800,"height":800,"caption":"\ud83c\udf81 Le coffret cadeau individuel Sublimez votre pot de confiture La Confiture Angelo Musa avec notre coffret cadeau \u00e9l\u00e9gant. Parfait pour toutes les occasions \u2013 ou simplement pour le plaisir d\u2019offrir ! \u2728"},{"@type":"BreadcrumbList","@id":"https:\/\/angelomusa.com\/produit\/coffret-cadeau-pour-un-pot\/#breadcrumb","itemListElement":[{"@type":"ListItem","position":1,"name":"Accueil","item":"https:\/\/angelomusa.com\/"},{"@type":"ListItem","position":2,"name":"La Boutique","item":"https:\/\/www.angelomusa.com\/la-boutique\/"},{"@type":"ListItem","position":3,"name":"Coffret cadeau pour un pot"}]},{"@type":"WebSite","@id":"https:\/\/www.angelomusa.com\/#website","url":"https:\/\/www.angelomusa.com\/","name":"Angelo Musa","description":"L\u2019art de la p\u00e2tisserie sublim\u00e9e par un Meilleur Ouvrier de France","publisher":{"@id":"https:\/\/www.angelomusa.com\/#organization"},"potentialAction":[{"@type":"SearchAction","target":{"@type":"EntryPoint","urlTemplate":"https:\/\/www.angelomusa.com\/?s={search_term_string}"},"query-input":{"@type":"PropertyValueSpecification","valueRequired":true,"valueName":"search_term_string"}}],"inLanguage":"en-US"},{"@type":"Organization","@id":"https:\/\/www.angelomusa.com\/#organization","name":"Angelo Musa","url":"https:\/\/www.angelomusa.com\/","logo":{"@type":"ImageObject","inLanguage":"en-US","@id":"https:\/\/www.angelomusa.com\/#\/schema\/logo\/image\/","url":"https:\/\/angelomusa.com\/wp-content\/uploads\/2024\/11\/ANGELO-MUSA-ICONE-4.png","contentUrl":"https:\/\/angelomusa.com\/wp-content\/uploads\/2024\/11\/ANGELO-MUSA-ICONE-4.png","width":500,"height":500,"caption":"Angelo Musa"},"image":{"@id":"https:\/\/www.angelomusa.com\/#\/schema\/logo\/image\/"}}]}},"_links":{"self":[{"href":"https:\/\/angelomusa.com\/en\/wp-json\/wp\/v2\/product\/5436","targetHints":{"allow":["GET"]}}],"collection":[{"href":"https:\/\/angelomusa.com\/en\/wp-json\/wp\/v2\/product"}],"about":[{"href":"https:\/\/angelomusa.com\/en\/wp-json\/wp\/v2\/types\/product"}],"replies":[{"embeddable":true,"href":"https:\/\/angelomusa.com\/en\/wp-json\/wp\/v2\/comments?post=5436"}],"wp:featuredmedia":[{"embeddable":true,"href":"https:\/\/angelomusa.com\/en\/wp-json\/wp\/v2\/media\/5437"}],"wp:attachment":[{"href":"https:\/\/angelomusa.com\/en\/wp-json\/wp\/v2\/media?parent=5436"}],"wp:term":[{"taxonomy":"product_brand","embeddable":true,"href":"https:\/\/angelomusa.com\/en\/wp-json\/wp\/v2\/product_brand?post=5436"},{"taxonomy":"product_cat","embeddable":true,"href":"https:\/\/angelomusa.com\/en\/wp-json\/wp\/v2\/product_cat?post=5436"},{"taxonomy":"product_tag","embeddable":true,"href":"https:\/\/angelomusa.com\/en\/wp-json\/wp\/v2\/product_tag?post=5436"}],"curies":[{"name":"wp","href":"https:\/\/api.w.org\/{rel}","templated":true}]}}