{"id":5322,"date":"2024-12-13T17:57:40","date_gmt":"2024-12-13T16:57:40","guid":{"rendered":"https:\/\/angelomusa.com\/?post_type=product&#038;p=5322"},"modified":"2025-10-24T11:31:27","modified_gmt":"2025-10-24T09:31:27","slug":"design","status":"publish","type":"product","link":"https:\/\/angelomusa.com\/en\/product\/design\/","title":{"rendered":"Coffret Confiture Design"},"content":{"rendered":"<div class=\"flex-shrink-0 flex flex-col relative items-end\">\n<div>\n<div class=\"pt-0\">\n<div class=\"gizmo-bot-avatar flex h-8 w-8 items-center justify-center overflow-hidden rounded-full\">\n<div class=\"relative p-1 rounded-sm flex items-center justify-center bg-token-main-surface-primary text-token-text-primary h-8 w-8\"><\/div>\n<\/div>\n<\/div>\n<\/div>\n<\/div>\n<div class=\"group\/conversation-turn relative flex w-full min-w-0 flex-col agent-turn\">\n<div class=\"flex-col gap-1 md:gap-3\">\n<div class=\"flex max-w-full flex-col flex-grow\">\n<div class=\"min-h-8 text-message flex w-full flex-col items-end gap-2 whitespace-normal break-words text-start [.text-message+&amp;]:mt-5\" dir=\"auto\" data-message-author-role=\"assistant\" data-message-id=\"5c07c7b6-4fe0-44ff-af19-c634fcd6d40d\" data-message-model-slug=\"gpt-4o\">\n<div class=\"flex w-full flex-col gap-1 empty:hidden first:pt-[3px]\">\n<div class=\"markdown prose w-full break-words dark:prose-invert dark\">\n<p>Composez votre bo\u00eete id\u00e9ale avec <strong>trois pots de confitures au choix<\/strong>. Parfaite pour offrir ou se faire plaisir, elle allie <strong>\u00e9l\u00e9gance et gourmandise<\/strong>, mettant en lumi\u00e8re le savoir-faire artisanal de<strong> La Confiture Angelo Musa<\/strong>.<\/p>\n<\/div>\n<\/div>\n<\/div>\n<\/div>\n<\/div>\n<\/div>\n","protected":false},"excerpt":{"rendered":"<p><strong>Offrez ou faites-vous plaisir avec nos \u00e9l\u00e9gantes bo\u00eetes \u00e0 confitures<\/strong>, con\u00e7ues pour sublimer l\u2019art de la gourmandise. Chaque bo\u00eete peut accueillir <strong>trois pots de confitures de votre choix<\/strong>, pour cr\u00e9er une s\u00e9lection sur-mesure adapt\u00e9e \u00e0 vos envies ou celles de vos proches.<\/p>\n<p>Parfaites pour un cadeau raffin\u00e9 ou pour enrichir votre propre collection, ces bo\u00eetes allient praticit\u00e9 et esth\u00e9tisme, mettant en valeur le savoir-faire artisanal de <strong>La Confiture Angelo Musa.<\/strong><\/p>","protected":false},"featured_media":5336,"comment_status":"open","ping_status":"closed","template":"","meta":[],"product_brand":[],"product_cat":[48],"product_tag":[],"class_list":{"0":"post-5322","1":"product","2":"type-product","3":"status-publish","4":"has-post-thumbnail","6":"product_cat-coffret-angelo-musa","8":"first","9":"instock","10":"taxable","11":"shipping-taxable","12":"purchasable","13":"product-type-simple"},"yoast_head":"<!-- This site is optimized with the Yoast SEO plugin v27.4 - https:\/\/yoast.com\/product\/yoast-seo-wordpress\/ -->\n<title>Coffret Confiture Design - Angelo Musa<\/title>\n<meta name=\"description\" content=\"Composez votre bo\u00eete id\u00e9ale avec trois pots de confitures au choix. Parfaite pour offrir ou se faire plaisir, elle allie \u00e9l\u00e9gance et gourmandise, mettant en lumi\u00e8re le savoir-faire artisanal de La Confiture Angelo Musa.\" \/>\n<meta name=\"robots\" content=\"index, follow, max-snippet:-1, max-image-preview:large, max-video-preview:-1\" \/>\n<link rel=\"canonical\" href=\"https:\/\/angelomusa.com\/en\/produit\/design\/\" \/>\n<meta property=\"og:locale\" content=\"en_US\" \/>\n<meta property=\"og:type\" content=\"article\" \/>\n<meta property=\"og:title\" content=\"Coffret Confiture Design - Angelo Musa\" \/>\n<meta property=\"og:description\" content=\"Composez votre bo\u00eete id\u00e9ale avec trois pots de confitures au choix. Parfaite pour offrir ou se faire plaisir, elle allie \u00e9l\u00e9gance et gourmandise, mettant en lumi\u00e8re le savoir-faire artisanal de La Confiture Angelo Musa.\" \/>\n<meta property=\"og:url\" content=\"https:\/\/angelomusa.com\/en\/produit\/design\/\" \/>\n<meta property=\"og:site_name\" content=\"Angelo Musa\" \/>\n<meta property=\"article:modified_time\" content=\"2025-10-24T09:31:27+00:00\" \/>\n<meta property=\"og:image\" content=\"https:\/\/angelomusa.com\/wp-content\/uploads\/2024\/12\/IMG_7775-3-scaled.jpg\" \/>\n\t<meta property=\"og:image:width\" content=\"1920\" \/>\n\t<meta property=\"og:image:height\" content=\"2560\" \/>\n\t<meta property=\"og:image:type\" content=\"image\/jpeg\" \/>\n<meta name=\"twitter:card\" content=\"summary_large_image\" \/>\n<meta name=\"twitter:label1\" content=\"Est. reading time\" \/>\n\t<meta name=\"twitter:data1\" content=\"1 minute\" \/>\n<script type=\"application\/ld+json\" class=\"yoast-schema-graph\">{\"@context\":\"https:\\\/\\\/schema.org\",\"@graph\":[{\"@type\":\"WebPage\",\"@id\":\"https:\\\/\\\/angelomusa.com\\\/produit\\\/design\\\/\",\"url\":\"https:\\\/\\\/angelomusa.com\\\/produit\\\/design\\\/\",\"name\":\"Coffret Confiture Design - Angelo Musa\",\"isPartOf\":{\"@id\":\"https:\\\/\\\/www.angelomusa.com\\\/#website\"},\"primaryImageOfPage\":{\"@id\":\"https:\\\/\\\/angelomusa.com\\\/produit\\\/design\\\/#primaryimage\"},\"image\":{\"@id\":\"https:\\\/\\\/angelomusa.com\\\/produit\\\/design\\\/#primaryimage\"},\"thumbnailUrl\":\"https:\\\/\\\/angelomusa.com\\\/wp-content\\\/uploads\\\/2024\\\/12\\\/IMG_7775-3-scaled.jpg\",\"datePublished\":\"2024-12-13T16:57:40+00:00\",\"dateModified\":\"2025-10-24T09:31:27+00:00\",\"description\":\"Composez votre bo\u00eete id\u00e9ale avec trois pots de confitures au choix. Parfaite pour offrir ou se faire plaisir, elle allie \u00e9l\u00e9gance et gourmandise, mettant en lumi\u00e8re le savoir-faire artisanal de La Confiture Angelo Musa.\",\"breadcrumb\":{\"@id\":\"https:\\\/\\\/angelomusa.com\\\/produit\\\/design\\\/#breadcrumb\"},\"inLanguage\":\"en-US\",\"potentialAction\":[{\"@type\":\"ReadAction\",\"target\":[\"https:\\\/\\\/angelomusa.com\\\/produit\\\/design\\\/\"]}]},{\"@type\":\"ImageObject\",\"inLanguage\":\"en-US\",\"@id\":\"https:\\\/\\\/angelomusa.com\\\/produit\\\/design\\\/#primaryimage\",\"url\":\"https:\\\/\\\/angelomusa.com\\\/wp-content\\\/uploads\\\/2024\\\/12\\\/IMG_7775-3-scaled.jpg\",\"contentUrl\":\"https:\\\/\\\/angelomusa.com\\\/wp-content\\\/uploads\\\/2024\\\/12\\\/IMG_7775-3-scaled.jpg\",\"width\":1920,\"height\":2560,\"caption\":\"Coffret confiture \u00e0 offrir ou \u00e0 savourer!\"},{\"@type\":\"BreadcrumbList\",\"@id\":\"https:\\\/\\\/angelomusa.com\\\/produit\\\/design\\\/#breadcrumb\",\"itemListElement\":[{\"@type\":\"ListItem\",\"position\":1,\"name\":\"Accueil\",\"item\":\"https:\\\/\\\/angelomusa.com\\\/\"},{\"@type\":\"ListItem\",\"position\":2,\"name\":\"La Boutique\",\"item\":\"https:\\\/\\\/www.angelomusa.com\\\/la-boutique\\\/\"},{\"@type\":\"ListItem\",\"position\":3,\"name\":\"Coffret Confiture Design\"}]},{\"@type\":\"WebSite\",\"@id\":\"https:\\\/\\\/www.angelomusa.com\\\/#website\",\"url\":\"https:\\\/\\\/www.angelomusa.com\\\/\",\"name\":\"Angelo Musa\",\"description\":\"L\u2019art de la p\u00e2tisserie sublim\u00e9e par un Meilleur Ouvrier de France\",\"publisher\":{\"@id\":\"https:\\\/\\\/www.angelomusa.com\\\/#organization\"},\"potentialAction\":[{\"@type\":\"SearchAction\",\"target\":{\"@type\":\"EntryPoint\",\"urlTemplate\":\"https:\\\/\\\/www.angelomusa.com\\\/?s={search_term_string}\"},\"query-input\":{\"@type\":\"PropertyValueSpecification\",\"valueRequired\":true,\"valueName\":\"search_term_string\"}}],\"inLanguage\":\"en-US\"},{\"@type\":\"Organization\",\"@id\":\"https:\\\/\\\/www.angelomusa.com\\\/#organization\",\"name\":\"Angelo Musa\",\"url\":\"https:\\\/\\\/www.angelomusa.com\\\/\",\"logo\":{\"@type\":\"ImageObject\",\"inLanguage\":\"en-US\",\"@id\":\"https:\\\/\\\/www.angelomusa.com\\\/#\\\/schema\\\/logo\\\/image\\\/\",\"url\":\"https:\\\/\\\/angelomusa.com\\\/wp-content\\\/uploads\\\/2024\\\/11\\\/ANGELO-MUSA-ICONE-4.png\",\"contentUrl\":\"https:\\\/\\\/angelomusa.com\\\/wp-content\\\/uploads\\\/2024\\\/11\\\/ANGELO-MUSA-ICONE-4.png\",\"width\":500,\"height\":500,\"caption\":\"Angelo Musa\"},\"image\":{\"@id\":\"https:\\\/\\\/www.angelomusa.com\\\/#\\\/schema\\\/logo\\\/image\\\/\"}}]}<\/script>\n<!-- \/ Yoast SEO plugin. -->","yoast_head_json":{"title":"Coffret Confiture Design - Angelo Musa","description":"Composez votre bo\u00eete id\u00e9ale avec trois pots de confitures au choix. Parfaite pour offrir ou se faire plaisir, elle allie \u00e9l\u00e9gance et gourmandise, mettant en lumi\u00e8re le savoir-faire artisanal de La Confiture Angelo Musa.","robots":{"index":"index","follow":"follow","max-snippet":"max-snippet:-1","max-image-preview":"max-image-preview:large","max-video-preview":"max-video-preview:-1"},"canonical":"https:\/\/angelomusa.com\/en\/produit\/design\/","og_locale":"en_US","og_type":"article","og_title":"Coffret Confiture Design - Angelo Musa","og_description":"Composez votre bo\u00eete id\u00e9ale avec trois pots de confitures au choix. Parfaite pour offrir ou se faire plaisir, elle allie \u00e9l\u00e9gance et gourmandise, mettant en lumi\u00e8re le savoir-faire artisanal de La Confiture Angelo Musa.","og_url":"https:\/\/angelomusa.com\/en\/produit\/design\/","og_site_name":"Angelo Musa","article_modified_time":"2025-10-24T09:31:27+00:00","og_image":[{"width":1920,"height":2560,"url":"https:\/\/angelomusa.com\/wp-content\/uploads\/2024\/12\/IMG_7775-3-scaled.jpg","type":"image\/jpeg"}],"twitter_card":"summary_large_image","twitter_misc":{"Est. reading time":"1 minute"},"schema":{"@context":"https:\/\/schema.org","@graph":[{"@type":"WebPage","@id":"https:\/\/angelomusa.com\/produit\/design\/","url":"https:\/\/angelomusa.com\/produit\/design\/","name":"Coffret Confiture Design - Angelo Musa","isPartOf":{"@id":"https:\/\/www.angelomusa.com\/#website"},"primaryImageOfPage":{"@id":"https:\/\/angelomusa.com\/produit\/design\/#primaryimage"},"image":{"@id":"https:\/\/angelomusa.com\/produit\/design\/#primaryimage"},"thumbnailUrl":"https:\/\/angelomusa.com\/wp-content\/uploads\/2024\/12\/IMG_7775-3-scaled.jpg","datePublished":"2024-12-13T16:57:40+00:00","dateModified":"2025-10-24T09:31:27+00:00","description":"Composez votre bo\u00eete id\u00e9ale avec trois pots de confitures au choix. Parfaite pour offrir ou se faire plaisir, elle allie \u00e9l\u00e9gance et gourmandise, mettant en lumi\u00e8re le savoir-faire artisanal de La Confiture Angelo Musa.","breadcrumb":{"@id":"https:\/\/angelomusa.com\/produit\/design\/#breadcrumb"},"inLanguage":"en-US","potentialAction":[{"@type":"ReadAction","target":["https:\/\/angelomusa.com\/produit\/design\/"]}]},{"@type":"ImageObject","inLanguage":"en-US","@id":"https:\/\/angelomusa.com\/produit\/design\/#primaryimage","url":"https:\/\/angelomusa.com\/wp-content\/uploads\/2024\/12\/IMG_7775-3-scaled.jpg","contentUrl":"https:\/\/angelomusa.com\/wp-content\/uploads\/2024\/12\/IMG_7775-3-scaled.jpg","width":1920,"height":2560,"caption":"Coffret confiture \u00e0 offrir ou \u00e0 savourer!"},{"@type":"BreadcrumbList","@id":"https:\/\/angelomusa.com\/produit\/design\/#breadcrumb","itemListElement":[{"@type":"ListItem","position":1,"name":"Accueil","item":"https:\/\/angelomusa.com\/"},{"@type":"ListItem","position":2,"name":"La Boutique","item":"https:\/\/www.angelomusa.com\/la-boutique\/"},{"@type":"ListItem","position":3,"name":"Coffret Confiture Design"}]},{"@type":"WebSite","@id":"https:\/\/www.angelomusa.com\/#website","url":"https:\/\/www.angelomusa.com\/","name":"Angelo Musa","description":"L\u2019art de la p\u00e2tisserie sublim\u00e9e par un Meilleur Ouvrier de France","publisher":{"@id":"https:\/\/www.angelomusa.com\/#organization"},"potentialAction":[{"@type":"SearchAction","target":{"@type":"EntryPoint","urlTemplate":"https:\/\/www.angelomusa.com\/?s={search_term_string}"},"query-input":{"@type":"PropertyValueSpecification","valueRequired":true,"valueName":"search_term_string"}}],"inLanguage":"en-US"},{"@type":"Organization","@id":"https:\/\/www.angelomusa.com\/#organization","name":"Angelo Musa","url":"https:\/\/www.angelomusa.com\/","logo":{"@type":"ImageObject","inLanguage":"en-US","@id":"https:\/\/www.angelomusa.com\/#\/schema\/logo\/image\/","url":"https:\/\/angelomusa.com\/wp-content\/uploads\/2024\/11\/ANGELO-MUSA-ICONE-4.png","contentUrl":"https:\/\/angelomusa.com\/wp-content\/uploads\/2024\/11\/ANGELO-MUSA-ICONE-4.png","width":500,"height":500,"caption":"Angelo Musa"},"image":{"@id":"https:\/\/www.angelomusa.com\/#\/schema\/logo\/image\/"}}]}},"_links":{"self":[{"href":"https:\/\/angelomusa.com\/en\/wp-json\/wp\/v2\/product\/5322","targetHints":{"allow":["GET"]}}],"collection":[{"href":"https:\/\/angelomusa.com\/en\/wp-json\/wp\/v2\/product"}],"about":[{"href":"https:\/\/angelomusa.com\/en\/wp-json\/wp\/v2\/types\/product"}],"replies":[{"embeddable":true,"href":"https:\/\/angelomusa.com\/en\/wp-json\/wp\/v2\/comments?post=5322"}],"wp:featuredmedia":[{"embeddable":true,"href":"https:\/\/angelomusa.com\/en\/wp-json\/wp\/v2\/media\/5336"}],"wp:attachment":[{"href":"https:\/\/angelomusa.com\/en\/wp-json\/wp\/v2\/media?parent=5322"}],"wp:term":[{"taxonomy":"product_brand","embeddable":true,"href":"https:\/\/angelomusa.com\/en\/wp-json\/wp\/v2\/product_brand?post=5322"},{"taxonomy":"product_cat","embeddable":true,"href":"https:\/\/angelomusa.com\/en\/wp-json\/wp\/v2\/product_cat?post=5322"},{"taxonomy":"product_tag","embeddable":true,"href":"https:\/\/angelomusa.com\/en\/wp-json\/wp\/v2\/product_tag?post=5322"}],"curies":[{"name":"wp","href":"https:\/\/api.w.org\/{rel}","templated":true}]}}