{"id":5293,"date":"2024-12-07T19:59:58","date_gmt":"2024-12-07T18:59:58","guid":{"rendered":"https:\/\/angelomusa.com\/?post_type=product&#038;p=5293"},"modified":"2025-11-05T23:45:07","modified_gmt":"2025-11-05T22:45:07","slug":"mure","status":"publish","type":"product","link":"https:\/\/angelomusa.com\/en\/product\/mure\/","title":{"rendered":"M\u00fbre"},"content":{"rendered":"<p>Toute la gourmandise des m\u00fbres cueillies \u00e0 leur apog\u00e9e dans une confiture riche en saveurs et en caract\u00e8re. Avec son parfum intense et ses notes acidul\u00e9es, elle sublime vos petits-d\u00e9jeuners et desserts pour un pur moment de plaisir fruit\u00e9.<\/p>","protected":false},"excerpt":{"rendered":"<p>Laissez-vous transporter par la richesse naturelle de la m\u00fbre avec cette confiture d\u00e9licatement \u00e9labor\u00e9e pour sublimer ce fruit sauvage. Cueillies \u00e0 parfaite maturit\u00e9, nos m\u00fbres r\u00e9v\u00e8lent leur parfum intense et leur douceur l\u00e9g\u00e8rement acidul\u00e9e.<\/p>\n<p>Chaque cuiller\u00e9e \u00e9voque les sous-bois ensoleill\u00e9s, offrant une texture onctueuse ponctu\u00e9e de petites graines croquantes, pour une exp\u00e9rience authentique et gourmande. Sa belle couleur profonde et ses saveurs uniques en font un choix parfait pour accompagner vos tartines, desserts, ou un plateau de fromages.<\/p>","protected":false},"featured_media":5742,"comment_status":"open","ping_status":"closed","template":"","meta":[],"product_brand":[],"product_cat":[45,20],"product_tag":[],"class_list":{"0":"post-5293","1":"product","2":"type-product","3":"status-publish","4":"has-post-thumbnail","6":"product_cat-confitures","7":"product_cat-printemps-ete","9":"first","10":"instock","11":"taxable","12":"shipping-taxable","13":"purchasable","14":"product-type-simple"},"yoast_head":"<!-- This site is optimized with the Yoast SEO plugin v27.4 - https:\/\/yoast.com\/product\/yoast-seo-wordpress\/ -->\n<title>M\u00fbre - Angelo Musa<\/title>\n<meta name=\"description\" content=\"Toute la gourmandise des m\u00fbres cueillies \u00e0 leur apog\u00e9e dans une confiture riche en saveurs et en caract\u00e8re. Avec son parfum intense et ses notes acidul\u00e9es, elle sublime vos petits-d\u00e9jeuners et desserts pour un pur moment de plaisir fruit\u00e9.\" \/>\n<meta name=\"robots\" content=\"index, follow, max-snippet:-1, max-image-preview:large, max-video-preview:-1\" \/>\n<link rel=\"canonical\" href=\"https:\/\/angelomusa.com\/en\/produit\/mure\/\" \/>\n<meta property=\"og:locale\" content=\"en_US\" \/>\n<meta property=\"og:type\" content=\"article\" \/>\n<meta property=\"og:title\" content=\"M\u00fbre - Angelo Musa\" \/>\n<meta property=\"og:description\" content=\"Toute la gourmandise des m\u00fbres cueillies \u00e0 leur apog\u00e9e dans une confiture riche en saveurs et en caract\u00e8re. Avec son parfum intense et ses notes acidul\u00e9es, elle sublime vos petits-d\u00e9jeuners et desserts pour un pur moment de plaisir fruit\u00e9.\" \/>\n<meta property=\"og:url\" content=\"https:\/\/angelomusa.com\/en\/produit\/mure\/\" \/>\n<meta property=\"og:site_name\" content=\"Angelo Musa\" \/>\n<meta property=\"article:modified_time\" content=\"2025-11-05T22:45:07+00:00\" \/>\n<meta property=\"og:image\" content=\"https:\/\/angelomusa.com\/wp-content\/uploads\/2025\/08\/Boutique-Confiture_Mure.jpg\" \/>\n\t<meta property=\"og:image:width\" content=\"1200\" \/>\n\t<meta property=\"og:image:height\" content=\"1200\" \/>\n\t<meta property=\"og:image:type\" content=\"image\/jpeg\" \/>\n<meta name=\"twitter:card\" content=\"summary_large_image\" \/>\n<meta name=\"twitter:label1\" content=\"Est. reading time\" \/>\n\t<meta name=\"twitter:data1\" content=\"1 minute\" \/>\n<script type=\"application\/ld+json\" class=\"yoast-schema-graph\">{\"@context\":\"https:\\\/\\\/schema.org\",\"@graph\":[{\"@type\":\"WebPage\",\"@id\":\"https:\\\/\\\/angelomusa.com\\\/produit\\\/mure\\\/\",\"url\":\"https:\\\/\\\/angelomusa.com\\\/produit\\\/mure\\\/\",\"name\":\"M\u00fbre - Angelo Musa\",\"isPartOf\":{\"@id\":\"https:\\\/\\\/www.angelomusa.com\\\/#website\"},\"primaryImageOfPage\":{\"@id\":\"https:\\\/\\\/angelomusa.com\\\/produit\\\/mure\\\/#primaryimage\"},\"image\":{\"@id\":\"https:\\\/\\\/angelomusa.com\\\/produit\\\/mure\\\/#primaryimage\"},\"thumbnailUrl\":\"https:\\\/\\\/angelomusa.com\\\/wp-content\\\/uploads\\\/2025\\\/08\\\/Boutique-Confiture_Mure.jpg\",\"datePublished\":\"2024-12-07T18:59:58+00:00\",\"dateModified\":\"2025-11-05T22:45:07+00:00\",\"description\":\"Toute la gourmandise des m\u00fbres cueillies \u00e0 leur apog\u00e9e dans une confiture riche en saveurs et en caract\u00e8re. Avec son parfum intense et ses notes acidul\u00e9es, elle sublime vos petits-d\u00e9jeuners et desserts pour un pur moment de plaisir fruit\u00e9.\",\"breadcrumb\":{\"@id\":\"https:\\\/\\\/angelomusa.com\\\/produit\\\/mure\\\/#breadcrumb\"},\"inLanguage\":\"en-US\",\"potentialAction\":[{\"@type\":\"ReadAction\",\"target\":[\"https:\\\/\\\/angelomusa.com\\\/produit\\\/mure\\\/\"]}]},{\"@type\":\"ImageObject\",\"inLanguage\":\"en-US\",\"@id\":\"https:\\\/\\\/angelomusa.com\\\/produit\\\/mure\\\/#primaryimage\",\"url\":\"https:\\\/\\\/angelomusa.com\\\/wp-content\\\/uploads\\\/2025\\\/08\\\/Boutique-Confiture_Mure.jpg\",\"contentUrl\":\"https:\\\/\\\/angelomusa.com\\\/wp-content\\\/uploads\\\/2025\\\/08\\\/Boutique-Confiture_Mure.jpg\",\"width\":1200,\"height\":1200,\"caption\":\"Confiture de m\u00fbre\"},{\"@type\":\"BreadcrumbList\",\"@id\":\"https:\\\/\\\/angelomusa.com\\\/produit\\\/mure\\\/#breadcrumb\",\"itemListElement\":[{\"@type\":\"ListItem\",\"position\":1,\"name\":\"Accueil\",\"item\":\"https:\\\/\\\/angelomusa.com\\\/\"},{\"@type\":\"ListItem\",\"position\":2,\"name\":\"La Boutique\",\"item\":\"https:\\\/\\\/www.angelomusa.com\\\/la-boutique\\\/\"},{\"@type\":\"ListItem\",\"position\":3,\"name\":\"M\u00fbre\"}]},{\"@type\":\"WebSite\",\"@id\":\"https:\\\/\\\/www.angelomusa.com\\\/#website\",\"url\":\"https:\\\/\\\/www.angelomusa.com\\\/\",\"name\":\"Angelo Musa\",\"description\":\"L\u2019art de la p\u00e2tisserie sublim\u00e9e par un Meilleur Ouvrier de France\",\"publisher\":{\"@id\":\"https:\\\/\\\/www.angelomusa.com\\\/#organization\"},\"potentialAction\":[{\"@type\":\"SearchAction\",\"target\":{\"@type\":\"EntryPoint\",\"urlTemplate\":\"https:\\\/\\\/www.angelomusa.com\\\/?s={search_term_string}\"},\"query-input\":{\"@type\":\"PropertyValueSpecification\",\"valueRequired\":true,\"valueName\":\"search_term_string\"}}],\"inLanguage\":\"en-US\"},{\"@type\":\"Organization\",\"@id\":\"https:\\\/\\\/www.angelomusa.com\\\/#organization\",\"name\":\"Angelo Musa\",\"url\":\"https:\\\/\\\/www.angelomusa.com\\\/\",\"logo\":{\"@type\":\"ImageObject\",\"inLanguage\":\"en-US\",\"@id\":\"https:\\\/\\\/www.angelomusa.com\\\/#\\\/schema\\\/logo\\\/image\\\/\",\"url\":\"https:\\\/\\\/angelomusa.com\\\/wp-content\\\/uploads\\\/2024\\\/11\\\/ANGELO-MUSA-ICONE-4.png\",\"contentUrl\":\"https:\\\/\\\/angelomusa.com\\\/wp-content\\\/uploads\\\/2024\\\/11\\\/ANGELO-MUSA-ICONE-4.png\",\"width\":500,\"height\":500,\"caption\":\"Angelo Musa\"},\"image\":{\"@id\":\"https:\\\/\\\/www.angelomusa.com\\\/#\\\/schema\\\/logo\\\/image\\\/\"}}]}<\/script>\n<!-- \/ Yoast SEO plugin. -->","yoast_head_json":{"title":"M\u00fbre - Angelo Musa","description":"Toute la gourmandise des m\u00fbres cueillies \u00e0 leur apog\u00e9e dans une confiture riche en saveurs et en caract\u00e8re. Avec son parfum intense et ses notes acidul\u00e9es, elle sublime vos petits-d\u00e9jeuners et desserts pour un pur moment de plaisir fruit\u00e9.","robots":{"index":"index","follow":"follow","max-snippet":"max-snippet:-1","max-image-preview":"max-image-preview:large","max-video-preview":"max-video-preview:-1"},"canonical":"https:\/\/angelomusa.com\/en\/produit\/mure\/","og_locale":"en_US","og_type":"article","og_title":"M\u00fbre - Angelo Musa","og_description":"Toute la gourmandise des m\u00fbres cueillies \u00e0 leur apog\u00e9e dans une confiture riche en saveurs et en caract\u00e8re. Avec son parfum intense et ses notes acidul\u00e9es, elle sublime vos petits-d\u00e9jeuners et desserts pour un pur moment de plaisir fruit\u00e9.","og_url":"https:\/\/angelomusa.com\/en\/produit\/mure\/","og_site_name":"Angelo Musa","article_modified_time":"2025-11-05T22:45:07+00:00","og_image":[{"width":1200,"height":1200,"url":"https:\/\/angelomusa.com\/wp-content\/uploads\/2025\/08\/Boutique-Confiture_Mure.jpg","type":"image\/jpeg"}],"twitter_card":"summary_large_image","twitter_misc":{"Est. reading time":"1 minute"},"schema":{"@context":"https:\/\/schema.org","@graph":[{"@type":"WebPage","@id":"https:\/\/angelomusa.com\/produit\/mure\/","url":"https:\/\/angelomusa.com\/produit\/mure\/","name":"M\u00fbre - Angelo Musa","isPartOf":{"@id":"https:\/\/www.angelomusa.com\/#website"},"primaryImageOfPage":{"@id":"https:\/\/angelomusa.com\/produit\/mure\/#primaryimage"},"image":{"@id":"https:\/\/angelomusa.com\/produit\/mure\/#primaryimage"},"thumbnailUrl":"https:\/\/angelomusa.com\/wp-content\/uploads\/2025\/08\/Boutique-Confiture_Mure.jpg","datePublished":"2024-12-07T18:59:58+00:00","dateModified":"2025-11-05T22:45:07+00:00","description":"Toute la gourmandise des m\u00fbres cueillies \u00e0 leur apog\u00e9e dans une confiture riche en saveurs et en caract\u00e8re. Avec son parfum intense et ses notes acidul\u00e9es, elle sublime vos petits-d\u00e9jeuners et desserts pour un pur moment de plaisir fruit\u00e9.","breadcrumb":{"@id":"https:\/\/angelomusa.com\/produit\/mure\/#breadcrumb"},"inLanguage":"en-US","potentialAction":[{"@type":"ReadAction","target":["https:\/\/angelomusa.com\/produit\/mure\/"]}]},{"@type":"ImageObject","inLanguage":"en-US","@id":"https:\/\/angelomusa.com\/produit\/mure\/#primaryimage","url":"https:\/\/angelomusa.com\/wp-content\/uploads\/2025\/08\/Boutique-Confiture_Mure.jpg","contentUrl":"https:\/\/angelomusa.com\/wp-content\/uploads\/2025\/08\/Boutique-Confiture_Mure.jpg","width":1200,"height":1200,"caption":"Confiture de m\u00fbre"},{"@type":"BreadcrumbList","@id":"https:\/\/angelomusa.com\/produit\/mure\/#breadcrumb","itemListElement":[{"@type":"ListItem","position":1,"name":"Accueil","item":"https:\/\/angelomusa.com\/"},{"@type":"ListItem","position":2,"name":"La Boutique","item":"https:\/\/www.angelomusa.com\/la-boutique\/"},{"@type":"ListItem","position":3,"name":"M\u00fbre"}]},{"@type":"WebSite","@id":"https:\/\/www.angelomusa.com\/#website","url":"https:\/\/www.angelomusa.com\/","name":"Angelo Musa","description":"L\u2019art de la p\u00e2tisserie sublim\u00e9e par un Meilleur Ouvrier de France","publisher":{"@id":"https:\/\/www.angelomusa.com\/#organization"},"potentialAction":[{"@type":"SearchAction","target":{"@type":"EntryPoint","urlTemplate":"https:\/\/www.angelomusa.com\/?s={search_term_string}"},"query-input":{"@type":"PropertyValueSpecification","valueRequired":true,"valueName":"search_term_string"}}],"inLanguage":"en-US"},{"@type":"Organization","@id":"https:\/\/www.angelomusa.com\/#organization","name":"Angelo Musa","url":"https:\/\/www.angelomusa.com\/","logo":{"@type":"ImageObject","inLanguage":"en-US","@id":"https:\/\/www.angelomusa.com\/#\/schema\/logo\/image\/","url":"https:\/\/angelomusa.com\/wp-content\/uploads\/2024\/11\/ANGELO-MUSA-ICONE-4.png","contentUrl":"https:\/\/angelomusa.com\/wp-content\/uploads\/2024\/11\/ANGELO-MUSA-ICONE-4.png","width":500,"height":500,"caption":"Angelo Musa"},"image":{"@id":"https:\/\/www.angelomusa.com\/#\/schema\/logo\/image\/"}}]}},"_links":{"self":[{"href":"https:\/\/angelomusa.com\/en\/wp-json\/wp\/v2\/product\/5293","targetHints":{"allow":["GET"]}}],"collection":[{"href":"https:\/\/angelomusa.com\/en\/wp-json\/wp\/v2\/product"}],"about":[{"href":"https:\/\/angelomusa.com\/en\/wp-json\/wp\/v2\/types\/product"}],"replies":[{"embeddable":true,"href":"https:\/\/angelomusa.com\/en\/wp-json\/wp\/v2\/comments?post=5293"}],"wp:featuredmedia":[{"embeddable":true,"href":"https:\/\/angelomusa.com\/en\/wp-json\/wp\/v2\/media\/5742"}],"wp:attachment":[{"href":"https:\/\/angelomusa.com\/en\/wp-json\/wp\/v2\/media?parent=5293"}],"wp:term":[{"taxonomy":"product_brand","embeddable":true,"href":"https:\/\/angelomusa.com\/en\/wp-json\/wp\/v2\/product_brand?post=5293"},{"taxonomy":"product_cat","embeddable":true,"href":"https:\/\/angelomusa.com\/en\/wp-json\/wp\/v2\/product_cat?post=5293"},{"taxonomy":"product_tag","embeddable":true,"href":"https:\/\/angelomusa.com\/en\/wp-json\/wp\/v2\/product_tag?post=5293"}],"curies":[{"name":"wp","href":"https:\/\/api.w.org\/{rel}","templated":true}]}}