{"id":4557,"date":"2024-11-26T17:24:32","date_gmt":"2024-11-26T16:24:32","guid":{"rendered":"https:\/\/angelomusa.com\/?post_type=product&#038;p=4557"},"modified":"2025-10-10T09:47:44","modified_gmt":"2025-10-10T07:47:44","slug":"estivale","status":"publish","type":"product","link":"https:\/\/angelomusa.com\/en\/product\/estivale\/","title":{"rendered":"Estivale"},"content":{"rendered":"<p>Une explosion de saveurs tropicales : la douceur velout\u00e9e de la mangue, l&#8217;acidul\u00e9 floral du fruit de la passion et la fra\u00eecheur juteuse de l\u2019ananas. Un pur concentr\u00e9 d\u2019\u00e9vasion \u00e0 savourer sans mod\u00e9ration. \ud83c\udf4d\u2728<\/p>","protected":false},"excerpt":{"rendered":"<p>Succombez \u00e0 cette confiture exquise o\u00f9 la douceur juteuse de la mangue se m\u00eale \u00e0 l\u2019intensit\u00e9 exotique du fruit de la passion et \u00e0 la fra\u00eecheur acidul\u00e9e de l\u2019ananas. Chaque cuill\u00e8re est une invitation \u00e0 voyager sous les tropiques, avec des saveurs \u00e9clatantes qui capturent l\u2019essence de l\u2019\u00e9t\u00e9. Parfaite pour sublimer vos tartines, vos desserts ou m\u00eame vos instants de pure gourmandise. \u2600\ufe0f<\/p>","protected":false},"featured_media":5772,"comment_status":"open","ping_status":"closed","template":"","meta":[],"product_brand":[],"product_cat":[45,20],"product_tag":[],"class_list":{"0":"post-4557","1":"product","2":"type-product","3":"status-publish","4":"has-post-thumbnail","6":"product_cat-confitures","7":"product_cat-printemps-ete","9":"first","10":"instock","11":"taxable","12":"shipping-taxable","13":"purchasable","14":"product-type-simple"},"yoast_head":"<!-- This site is optimized with the Yoast SEO plugin v27.3 - https:\/\/yoast.com\/product\/yoast-seo-wordpress\/ -->\n<title>Estivale - Angelo Musa<\/title>\n<meta name=\"description\" content=\"Une explosion de saveurs tropicales : la douceur velout\u00e9e de la mangue, l&#039;acidul\u00e9 floral du fruit de la passion et la fra\u00eecheur juteuse de l\u2019ananas. Un pur concentr\u00e9 d\u2019\u00e9vasion \u00e0 savourer sans mod\u00e9ration. \ud83c\udf4d\u2728\" \/>\n<meta name=\"robots\" content=\"index, follow, max-snippet:-1, max-image-preview:large, max-video-preview:-1\" \/>\n<link rel=\"canonical\" href=\"https:\/\/angelomusa.com\/en\/produit\/estivale\/\" \/>\n<meta property=\"og:locale\" content=\"en_US\" \/>\n<meta property=\"og:type\" content=\"article\" \/>\n<meta property=\"og:title\" content=\"Estivale - Angelo Musa\" \/>\n<meta property=\"og:description\" content=\"Une explosion de saveurs tropicales : la douceur velout\u00e9e de la mangue, l&#039;acidul\u00e9 floral du fruit de la passion et la fra\u00eecheur juteuse de l\u2019ananas. Un pur concentr\u00e9 d\u2019\u00e9vasion \u00e0 savourer sans mod\u00e9ration. \ud83c\udf4d\u2728\" \/>\n<meta property=\"og:url\" content=\"https:\/\/angelomusa.com\/en\/produit\/estivale\/\" \/>\n<meta property=\"og:site_name\" content=\"Angelo Musa\" \/>\n<meta property=\"article:modified_time\" content=\"2025-10-10T07:47:44+00:00\" \/>\n<meta property=\"og:image\" content=\"https:\/\/angelomusa.com\/wp-content\/uploads\/2025\/10\/Boutique-Confiture_Estivale.jpg\" \/>\n\t<meta property=\"og:image:width\" content=\"1000\" \/>\n\t<meta property=\"og:image:height\" content=\"1000\" \/>\n\t<meta property=\"og:image:type\" content=\"image\/jpeg\" \/>\n<meta name=\"twitter:card\" content=\"summary_large_image\" \/>\n<meta name=\"twitter:label1\" content=\"Est. reading time\" \/>\n\t<meta name=\"twitter:data1\" content=\"1 minute\" \/>\n<script type=\"application\/ld+json\" class=\"yoast-schema-graph\">{\"@context\":\"https:\\\/\\\/schema.org\",\"@graph\":[{\"@type\":\"WebPage\",\"@id\":\"https:\\\/\\\/angelomusa.com\\\/produit\\\/estivale\\\/\",\"url\":\"https:\\\/\\\/angelomusa.com\\\/produit\\\/estivale\\\/\",\"name\":\"Estivale - Angelo Musa\",\"isPartOf\":{\"@id\":\"https:\\\/\\\/www.angelomusa.com\\\/#website\"},\"primaryImageOfPage\":{\"@id\":\"https:\\\/\\\/angelomusa.com\\\/produit\\\/estivale\\\/#primaryimage\"},\"image\":{\"@id\":\"https:\\\/\\\/angelomusa.com\\\/produit\\\/estivale\\\/#primaryimage\"},\"thumbnailUrl\":\"https:\\\/\\\/angelomusa.com\\\/wp-content\\\/uploads\\\/2025\\\/10\\\/Boutique-Confiture_Estivale.jpg\",\"datePublished\":\"2024-11-26T16:24:32+00:00\",\"dateModified\":\"2025-10-10T07:47:44+00:00\",\"description\":\"Une explosion de saveurs tropicales : la douceur velout\u00e9e de la mangue, l'acidul\u00e9 floral du fruit de la passion et la fra\u00eecheur juteuse de l\u2019ananas. Un pur concentr\u00e9 d\u2019\u00e9vasion \u00e0 savourer sans mod\u00e9ration. \ud83c\udf4d\u2728\",\"breadcrumb\":{\"@id\":\"https:\\\/\\\/angelomusa.com\\\/produit\\\/estivale\\\/#breadcrumb\"},\"inLanguage\":\"en-US\",\"potentialAction\":[{\"@type\":\"ReadAction\",\"target\":[\"https:\\\/\\\/angelomusa.com\\\/produit\\\/estivale\\\/\"]}]},{\"@type\":\"ImageObject\",\"inLanguage\":\"en-US\",\"@id\":\"https:\\\/\\\/angelomusa.com\\\/produit\\\/estivale\\\/#primaryimage\",\"url\":\"https:\\\/\\\/angelomusa.com\\\/wp-content\\\/uploads\\\/2025\\\/10\\\/Boutique-Confiture_Estivale.jpg\",\"contentUrl\":\"https:\\\/\\\/angelomusa.com\\\/wp-content\\\/uploads\\\/2025\\\/10\\\/Boutique-Confiture_Estivale.jpg\",\"width\":1000,\"height\":1000,\"caption\":\"Confiture Angelo Musa Estivale\"},{\"@type\":\"BreadcrumbList\",\"@id\":\"https:\\\/\\\/angelomusa.com\\\/produit\\\/estivale\\\/#breadcrumb\",\"itemListElement\":[{\"@type\":\"ListItem\",\"position\":1,\"name\":\"Accueil\",\"item\":\"https:\\\/\\\/angelomusa.com\\\/\"},{\"@type\":\"ListItem\",\"position\":2,\"name\":\"La Boutique\",\"item\":\"https:\\\/\\\/www.angelomusa.com\\\/la-boutique\\\/\"},{\"@type\":\"ListItem\",\"position\":3,\"name\":\"Estivale\"}]},{\"@type\":\"WebSite\",\"@id\":\"https:\\\/\\\/www.angelomusa.com\\\/#website\",\"url\":\"https:\\\/\\\/www.angelomusa.com\\\/\",\"name\":\"Angelo Musa\",\"description\":\"L\u2019art de la p\u00e2tisserie sublim\u00e9e par un Meilleur Ouvrier de France\",\"publisher\":{\"@id\":\"https:\\\/\\\/www.angelomusa.com\\\/#organization\"},\"potentialAction\":[{\"@type\":\"SearchAction\",\"target\":{\"@type\":\"EntryPoint\",\"urlTemplate\":\"https:\\\/\\\/www.angelomusa.com\\\/?s={search_term_string}\"},\"query-input\":{\"@type\":\"PropertyValueSpecification\",\"valueRequired\":true,\"valueName\":\"search_term_string\"}}],\"inLanguage\":\"en-US\"},{\"@type\":\"Organization\",\"@id\":\"https:\\\/\\\/www.angelomusa.com\\\/#organization\",\"name\":\"Angelo Musa\",\"url\":\"https:\\\/\\\/www.angelomusa.com\\\/\",\"logo\":{\"@type\":\"ImageObject\",\"inLanguage\":\"en-US\",\"@id\":\"https:\\\/\\\/www.angelomusa.com\\\/#\\\/schema\\\/logo\\\/image\\\/\",\"url\":\"https:\\\/\\\/angelomusa.com\\\/wp-content\\\/uploads\\\/2024\\\/11\\\/ANGELO-MUSA-ICONE-4.png\",\"contentUrl\":\"https:\\\/\\\/angelomusa.com\\\/wp-content\\\/uploads\\\/2024\\\/11\\\/ANGELO-MUSA-ICONE-4.png\",\"width\":500,\"height\":500,\"caption\":\"Angelo Musa\"},\"image\":{\"@id\":\"https:\\\/\\\/www.angelomusa.com\\\/#\\\/schema\\\/logo\\\/image\\\/\"}}]}<\/script>\n<!-- \/ Yoast SEO plugin. -->","yoast_head_json":{"title":"Estivale - Angelo Musa","description":"Une explosion de saveurs tropicales : la douceur velout\u00e9e de la mangue, l'acidul\u00e9 floral du fruit de la passion et la fra\u00eecheur juteuse de l\u2019ananas. Un pur concentr\u00e9 d\u2019\u00e9vasion \u00e0 savourer sans mod\u00e9ration. \ud83c\udf4d\u2728","robots":{"index":"index","follow":"follow","max-snippet":"max-snippet:-1","max-image-preview":"max-image-preview:large","max-video-preview":"max-video-preview:-1"},"canonical":"https:\/\/angelomusa.com\/en\/produit\/estivale\/","og_locale":"en_US","og_type":"article","og_title":"Estivale - Angelo Musa","og_description":"Une explosion de saveurs tropicales : la douceur velout\u00e9e de la mangue, l'acidul\u00e9 floral du fruit de la passion et la fra\u00eecheur juteuse de l\u2019ananas. Un pur concentr\u00e9 d\u2019\u00e9vasion \u00e0 savourer sans mod\u00e9ration. \ud83c\udf4d\u2728","og_url":"https:\/\/angelomusa.com\/en\/produit\/estivale\/","og_site_name":"Angelo Musa","article_modified_time":"2025-10-10T07:47:44+00:00","og_image":[{"width":1000,"height":1000,"url":"https:\/\/angelomusa.com\/wp-content\/uploads\/2025\/10\/Boutique-Confiture_Estivale.jpg","type":"image\/jpeg"}],"twitter_card":"summary_large_image","twitter_misc":{"Est. reading time":"1 minute"},"schema":{"@context":"https:\/\/schema.org","@graph":[{"@type":"WebPage","@id":"https:\/\/angelomusa.com\/produit\/estivale\/","url":"https:\/\/angelomusa.com\/produit\/estivale\/","name":"Estivale - Angelo Musa","isPartOf":{"@id":"https:\/\/www.angelomusa.com\/#website"},"primaryImageOfPage":{"@id":"https:\/\/angelomusa.com\/produit\/estivale\/#primaryimage"},"image":{"@id":"https:\/\/angelomusa.com\/produit\/estivale\/#primaryimage"},"thumbnailUrl":"https:\/\/angelomusa.com\/wp-content\/uploads\/2025\/10\/Boutique-Confiture_Estivale.jpg","datePublished":"2024-11-26T16:24:32+00:00","dateModified":"2025-10-10T07:47:44+00:00","description":"Une explosion de saveurs tropicales : la douceur velout\u00e9e de la mangue, l'acidul\u00e9 floral du fruit de la passion et la fra\u00eecheur juteuse de l\u2019ananas. Un pur concentr\u00e9 d\u2019\u00e9vasion \u00e0 savourer sans mod\u00e9ration. \ud83c\udf4d\u2728","breadcrumb":{"@id":"https:\/\/angelomusa.com\/produit\/estivale\/#breadcrumb"},"inLanguage":"en-US","potentialAction":[{"@type":"ReadAction","target":["https:\/\/angelomusa.com\/produit\/estivale\/"]}]},{"@type":"ImageObject","inLanguage":"en-US","@id":"https:\/\/angelomusa.com\/produit\/estivale\/#primaryimage","url":"https:\/\/angelomusa.com\/wp-content\/uploads\/2025\/10\/Boutique-Confiture_Estivale.jpg","contentUrl":"https:\/\/angelomusa.com\/wp-content\/uploads\/2025\/10\/Boutique-Confiture_Estivale.jpg","width":1000,"height":1000,"caption":"Confiture Angelo Musa Estivale"},{"@type":"BreadcrumbList","@id":"https:\/\/angelomusa.com\/produit\/estivale\/#breadcrumb","itemListElement":[{"@type":"ListItem","position":1,"name":"Accueil","item":"https:\/\/angelomusa.com\/"},{"@type":"ListItem","position":2,"name":"La Boutique","item":"https:\/\/www.angelomusa.com\/la-boutique\/"},{"@type":"ListItem","position":3,"name":"Estivale"}]},{"@type":"WebSite","@id":"https:\/\/www.angelomusa.com\/#website","url":"https:\/\/www.angelomusa.com\/","name":"Angelo Musa","description":"L\u2019art de la p\u00e2tisserie sublim\u00e9e par un Meilleur Ouvrier de France","publisher":{"@id":"https:\/\/www.angelomusa.com\/#organization"},"potentialAction":[{"@type":"SearchAction","target":{"@type":"EntryPoint","urlTemplate":"https:\/\/www.angelomusa.com\/?s={search_term_string}"},"query-input":{"@type":"PropertyValueSpecification","valueRequired":true,"valueName":"search_term_string"}}],"inLanguage":"en-US"},{"@type":"Organization","@id":"https:\/\/www.angelomusa.com\/#organization","name":"Angelo Musa","url":"https:\/\/www.angelomusa.com\/","logo":{"@type":"ImageObject","inLanguage":"en-US","@id":"https:\/\/www.angelomusa.com\/#\/schema\/logo\/image\/","url":"https:\/\/angelomusa.com\/wp-content\/uploads\/2024\/11\/ANGELO-MUSA-ICONE-4.png","contentUrl":"https:\/\/angelomusa.com\/wp-content\/uploads\/2024\/11\/ANGELO-MUSA-ICONE-4.png","width":500,"height":500,"caption":"Angelo Musa"},"image":{"@id":"https:\/\/www.angelomusa.com\/#\/schema\/logo\/image\/"}}]}},"_links":{"self":[{"href":"https:\/\/angelomusa.com\/en\/wp-json\/wp\/v2\/product\/4557","targetHints":{"allow":["GET"]}}],"collection":[{"href":"https:\/\/angelomusa.com\/en\/wp-json\/wp\/v2\/product"}],"about":[{"href":"https:\/\/angelomusa.com\/en\/wp-json\/wp\/v2\/types\/product"}],"replies":[{"embeddable":true,"href":"https:\/\/angelomusa.com\/en\/wp-json\/wp\/v2\/comments?post=4557"}],"wp:featuredmedia":[{"embeddable":true,"href":"https:\/\/angelomusa.com\/en\/wp-json\/wp\/v2\/media\/5772"}],"wp:attachment":[{"href":"https:\/\/angelomusa.com\/en\/wp-json\/wp\/v2\/media?parent=4557"}],"wp:term":[{"taxonomy":"product_brand","embeddable":true,"href":"https:\/\/angelomusa.com\/en\/wp-json\/wp\/v2\/product_brand?post=4557"},{"taxonomy":"product_cat","embeddable":true,"href":"https:\/\/angelomusa.com\/en\/wp-json\/wp\/v2\/product_cat?post=4557"},{"taxonomy":"product_tag","embeddable":true,"href":"https:\/\/angelomusa.com\/en\/wp-json\/wp\/v2\/product_tag?post=4557"}],"curies":[{"name":"wp","href":"https:\/\/api.w.org\/{rel}","templated":true}]}}