{"id":245,"date":"2023-07-18T12:04:15","date_gmt":"2023-07-18T10:04:15","guid":{"rendered":"https:\/\/angelomusa.com\/?post_type=product&#038;p=245"},"modified":"2026-02-02T07:29:23","modified_gmt":"2026-02-02T06:29:23","slug":"pate-a-tartiner-noisette","status":"publish","type":"product","link":"https:\/\/angelomusa.com\/en\/product\/pate-a-tartiner-noisette\/","title":{"rendered":"P\u00e2te \u00e0 tartiner noisette"},"content":{"rendered":"<p>Recette artisanale d\u2019une p\u00e2te \u00e0 tartiner noisette du Pi\u00e9mont (IGP) fabriqu\u00e9 par le Chef Angelo Musa.<\/p>\n<p>Les ar\u00f4mes exceptionnels de la noisette italienne associ\u00e9s au chocolat noir typique criollo de <a href=\"https:\/\/www.chocolateriedelopera.com\/fr_FR\/\">la Chocolaterie de l\u2019Op\u00e9ra<\/a>. Des ingr\u00e9dients de premi\u00e8re qualit\u00e9 pour d\u00e9velopper les notes fortes et rondes tout en conservant le subtil craquant du pralin\u00e9, une tentation irr\u00e9sistible !<\/p>","protected":false},"excerpt":{"rendered":"<p>Un chocolat noir atypique sign\u00e9 de la Chocolaterie de l&#8217;Op\u00e9ra nuanc\u00e9 par un sucre de canne peu raffin\u00e9 pour faire ressortir la noblesse des noisettes italiennes du Pi\u00e9mont IGP torr\u00e9fi\u00e9es \u00e0 c\u0153ur\u2026 D\u00e9couvrez une p\u00e2te \u00e0 tartiner cr\u00e9meuse pleine de caract\u00e8re !<\/p>","protected":false},"featured_media":5778,"comment_status":"closed","ping_status":"closed","template":"","meta":[],"product_brand":[],"product_cat":[23],"product_tag":[],"class_list":{"0":"post-245","1":"product","2":"type-product","3":"status-publish","4":"has-post-thumbnail","6":"product_cat-pates-a-tartiner","8":"first","9":"instock","10":"taxable","11":"shipping-taxable","12":"purchasable","13":"product-type-simple"},"yoast_head":"<!-- This site is optimized with the Yoast SEO plugin v27.3 - https:\/\/yoast.com\/product\/yoast-seo-wordpress\/ -->\n<title>P\u00e2te \u00e0 tartiner noisette - Angelo Musa<\/title>\n<meta name=\"description\" content=\"Une p\u00e2te \u00e0 tartiner au chocolat grand cru et noisettes du Pi\u00e9mont, a la texture cr\u00e9meuse et craquante, totalement addictive.\" \/>\n<meta name=\"robots\" content=\"index, follow, max-snippet:-1, max-image-preview:large, max-video-preview:-1\" \/>\n<link rel=\"canonical\" href=\"https:\/\/angelomusa.com\/en\/produit\/pate-a-tartiner-noisette\/\" \/>\n<meta property=\"og:locale\" content=\"en_US\" \/>\n<meta property=\"og:type\" content=\"article\" \/>\n<meta property=\"og:title\" content=\"P\u00e2te \u00e0 tartiner noisette - Angelo Musa\" \/>\n<meta property=\"og:description\" content=\"Une p\u00e2te \u00e0 tartiner au chocolat grand cru et noisettes du Pi\u00e9mont, a la texture cr\u00e9meuse et craquante, totalement addictive.\" \/>\n<meta property=\"og:url\" content=\"https:\/\/angelomusa.com\/en\/produit\/pate-a-tartiner-noisette\/\" \/>\n<meta property=\"og:site_name\" content=\"Angelo Musa\" \/>\n<meta property=\"article:modified_time\" content=\"2026-02-02T06:29:23+00:00\" \/>\n<meta property=\"og:image\" content=\"https:\/\/angelomusa.com\/wp-content\/uploads\/2025\/10\/Boutique-Pate-a-tartiner-noisette.jpg\" \/>\n\t<meta property=\"og:image:width\" content=\"1688\" \/>\n\t<meta property=\"og:image:height\" content=\"1688\" \/>\n\t<meta property=\"og:image:type\" content=\"image\/jpeg\" \/>\n<meta name=\"twitter:card\" content=\"summary_large_image\" \/>\n<meta name=\"twitter:label1\" content=\"Est. reading time\" \/>\n\t<meta name=\"twitter:data1\" content=\"1 minute\" \/>\n<script type=\"application\/ld+json\" class=\"yoast-schema-graph\">{\"@context\":\"https:\\\/\\\/schema.org\",\"@graph\":[{\"@type\":\"WebPage\",\"@id\":\"https:\\\/\\\/angelomusa.com\\\/produit\\\/pate-a-tartiner-noisette\\\/\",\"url\":\"https:\\\/\\\/angelomusa.com\\\/produit\\\/pate-a-tartiner-noisette\\\/\",\"name\":\"P\u00e2te \u00e0 tartiner noisette - Angelo Musa\",\"isPartOf\":{\"@id\":\"https:\\\/\\\/www.angelomusa.com\\\/#website\"},\"primaryImageOfPage\":{\"@id\":\"https:\\\/\\\/angelomusa.com\\\/produit\\\/pate-a-tartiner-noisette\\\/#primaryimage\"},\"image\":{\"@id\":\"https:\\\/\\\/angelomusa.com\\\/produit\\\/pate-a-tartiner-noisette\\\/#primaryimage\"},\"thumbnailUrl\":\"https:\\\/\\\/angelomusa.com\\\/wp-content\\\/uploads\\\/2025\\\/10\\\/Boutique-Pate-a-tartiner-noisette.jpg\",\"datePublished\":\"2023-07-18T10:04:15+00:00\",\"dateModified\":\"2026-02-02T06:29:23+00:00\",\"description\":\"Une p\u00e2te \u00e0 tartiner au chocolat grand cru et noisettes du Pi\u00e9mont, a la texture cr\u00e9meuse et craquante, totalement addictive.\",\"breadcrumb\":{\"@id\":\"https:\\\/\\\/angelomusa.com\\\/produit\\\/pate-a-tartiner-noisette\\\/#breadcrumb\"},\"inLanguage\":\"en-US\",\"potentialAction\":[{\"@type\":\"ReadAction\",\"target\":[\"https:\\\/\\\/angelomusa.com\\\/produit\\\/pate-a-tartiner-noisette\\\/\"]}]},{\"@type\":\"ImageObject\",\"inLanguage\":\"en-US\",\"@id\":\"https:\\\/\\\/angelomusa.com\\\/produit\\\/pate-a-tartiner-noisette\\\/#primaryimage\",\"url\":\"https:\\\/\\\/angelomusa.com\\\/wp-content\\\/uploads\\\/2025\\\/10\\\/Boutique-Pate-a-tartiner-noisette.jpg\",\"contentUrl\":\"https:\\\/\\\/angelomusa.com\\\/wp-content\\\/uploads\\\/2025\\\/10\\\/Boutique-Pate-a-tartiner-noisette.jpg\",\"width\":1688,\"height\":1688,\"caption\":\"Pa\u0302te a\u0300 tartiner noisette\"},{\"@type\":\"BreadcrumbList\",\"@id\":\"https:\\\/\\\/angelomusa.com\\\/produit\\\/pate-a-tartiner-noisette\\\/#breadcrumb\",\"itemListElement\":[{\"@type\":\"ListItem\",\"position\":1,\"name\":\"Accueil\",\"item\":\"https:\\\/\\\/angelomusa.com\\\/\"},{\"@type\":\"ListItem\",\"position\":2,\"name\":\"La Boutique\",\"item\":\"https:\\\/\\\/www.angelomusa.com\\\/la-boutique\\\/\"},{\"@type\":\"ListItem\",\"position\":3,\"name\":\"P\u00e2te \u00e0 tartiner noisette\"}]},{\"@type\":\"WebSite\",\"@id\":\"https:\\\/\\\/www.angelomusa.com\\\/#website\",\"url\":\"https:\\\/\\\/www.angelomusa.com\\\/\",\"name\":\"Angelo Musa\",\"description\":\"L\u2019art de la p\u00e2tisserie sublim\u00e9e par un Meilleur Ouvrier de France\",\"publisher\":{\"@id\":\"https:\\\/\\\/www.angelomusa.com\\\/#organization\"},\"potentialAction\":[{\"@type\":\"SearchAction\",\"target\":{\"@type\":\"EntryPoint\",\"urlTemplate\":\"https:\\\/\\\/www.angelomusa.com\\\/?s={search_term_string}\"},\"query-input\":{\"@type\":\"PropertyValueSpecification\",\"valueRequired\":true,\"valueName\":\"search_term_string\"}}],\"inLanguage\":\"en-US\"},{\"@type\":\"Organization\",\"@id\":\"https:\\\/\\\/www.angelomusa.com\\\/#organization\",\"name\":\"Angelo Musa\",\"url\":\"https:\\\/\\\/www.angelomusa.com\\\/\",\"logo\":{\"@type\":\"ImageObject\",\"inLanguage\":\"en-US\",\"@id\":\"https:\\\/\\\/www.angelomusa.com\\\/#\\\/schema\\\/logo\\\/image\\\/\",\"url\":\"https:\\\/\\\/angelomusa.com\\\/wp-content\\\/uploads\\\/2024\\\/11\\\/ANGELO-MUSA-ICONE-4.png\",\"contentUrl\":\"https:\\\/\\\/angelomusa.com\\\/wp-content\\\/uploads\\\/2024\\\/11\\\/ANGELO-MUSA-ICONE-4.png\",\"width\":500,\"height\":500,\"caption\":\"Angelo Musa\"},\"image\":{\"@id\":\"https:\\\/\\\/www.angelomusa.com\\\/#\\\/schema\\\/logo\\\/image\\\/\"}}]}<\/script>\n<!-- \/ Yoast SEO plugin. -->","yoast_head_json":{"title":"P\u00e2te \u00e0 tartiner noisette - Angelo Musa","description":"Une p\u00e2te \u00e0 tartiner au chocolat grand cru et noisettes du Pi\u00e9mont, a la texture cr\u00e9meuse et craquante, totalement addictive.","robots":{"index":"index","follow":"follow","max-snippet":"max-snippet:-1","max-image-preview":"max-image-preview:large","max-video-preview":"max-video-preview:-1"},"canonical":"https:\/\/angelomusa.com\/en\/produit\/pate-a-tartiner-noisette\/","og_locale":"en_US","og_type":"article","og_title":"P\u00e2te \u00e0 tartiner noisette - Angelo Musa","og_description":"Une p\u00e2te \u00e0 tartiner au chocolat grand cru et noisettes du Pi\u00e9mont, a la texture cr\u00e9meuse et craquante, totalement addictive.","og_url":"https:\/\/angelomusa.com\/en\/produit\/pate-a-tartiner-noisette\/","og_site_name":"Angelo Musa","article_modified_time":"2026-02-02T06:29:23+00:00","og_image":[{"width":1688,"height":1688,"url":"https:\/\/angelomusa.com\/wp-content\/uploads\/2025\/10\/Boutique-Pate-a-tartiner-noisette.jpg","type":"image\/jpeg"}],"twitter_card":"summary_large_image","twitter_misc":{"Est. reading time":"1 minute"},"schema":{"@context":"https:\/\/schema.org","@graph":[{"@type":"WebPage","@id":"https:\/\/angelomusa.com\/produit\/pate-a-tartiner-noisette\/","url":"https:\/\/angelomusa.com\/produit\/pate-a-tartiner-noisette\/","name":"P\u00e2te \u00e0 tartiner noisette - Angelo Musa","isPartOf":{"@id":"https:\/\/www.angelomusa.com\/#website"},"primaryImageOfPage":{"@id":"https:\/\/angelomusa.com\/produit\/pate-a-tartiner-noisette\/#primaryimage"},"image":{"@id":"https:\/\/angelomusa.com\/produit\/pate-a-tartiner-noisette\/#primaryimage"},"thumbnailUrl":"https:\/\/angelomusa.com\/wp-content\/uploads\/2025\/10\/Boutique-Pate-a-tartiner-noisette.jpg","datePublished":"2023-07-18T10:04:15+00:00","dateModified":"2026-02-02T06:29:23+00:00","description":"Une p\u00e2te \u00e0 tartiner au chocolat grand cru et noisettes du Pi\u00e9mont, a la texture cr\u00e9meuse et craquante, totalement addictive.","breadcrumb":{"@id":"https:\/\/angelomusa.com\/produit\/pate-a-tartiner-noisette\/#breadcrumb"},"inLanguage":"en-US","potentialAction":[{"@type":"ReadAction","target":["https:\/\/angelomusa.com\/produit\/pate-a-tartiner-noisette\/"]}]},{"@type":"ImageObject","inLanguage":"en-US","@id":"https:\/\/angelomusa.com\/produit\/pate-a-tartiner-noisette\/#primaryimage","url":"https:\/\/angelomusa.com\/wp-content\/uploads\/2025\/10\/Boutique-Pate-a-tartiner-noisette.jpg","contentUrl":"https:\/\/angelomusa.com\/wp-content\/uploads\/2025\/10\/Boutique-Pate-a-tartiner-noisette.jpg","width":1688,"height":1688,"caption":"Pa\u0302te a\u0300 tartiner noisette"},{"@type":"BreadcrumbList","@id":"https:\/\/angelomusa.com\/produit\/pate-a-tartiner-noisette\/#breadcrumb","itemListElement":[{"@type":"ListItem","position":1,"name":"Accueil","item":"https:\/\/angelomusa.com\/"},{"@type":"ListItem","position":2,"name":"La Boutique","item":"https:\/\/www.angelomusa.com\/la-boutique\/"},{"@type":"ListItem","position":3,"name":"P\u00e2te \u00e0 tartiner noisette"}]},{"@type":"WebSite","@id":"https:\/\/www.angelomusa.com\/#website","url":"https:\/\/www.angelomusa.com\/","name":"Angelo Musa","description":"L\u2019art de la p\u00e2tisserie sublim\u00e9e par un Meilleur Ouvrier de France","publisher":{"@id":"https:\/\/www.angelomusa.com\/#organization"},"potentialAction":[{"@type":"SearchAction","target":{"@type":"EntryPoint","urlTemplate":"https:\/\/www.angelomusa.com\/?s={search_term_string}"},"query-input":{"@type":"PropertyValueSpecification","valueRequired":true,"valueName":"search_term_string"}}],"inLanguage":"en-US"},{"@type":"Organization","@id":"https:\/\/www.angelomusa.com\/#organization","name":"Angelo Musa","url":"https:\/\/www.angelomusa.com\/","logo":{"@type":"ImageObject","inLanguage":"en-US","@id":"https:\/\/www.angelomusa.com\/#\/schema\/logo\/image\/","url":"https:\/\/angelomusa.com\/wp-content\/uploads\/2024\/11\/ANGELO-MUSA-ICONE-4.png","contentUrl":"https:\/\/angelomusa.com\/wp-content\/uploads\/2024\/11\/ANGELO-MUSA-ICONE-4.png","width":500,"height":500,"caption":"Angelo Musa"},"image":{"@id":"https:\/\/www.angelomusa.com\/#\/schema\/logo\/image\/"}}]}},"_links":{"self":[{"href":"https:\/\/angelomusa.com\/en\/wp-json\/wp\/v2\/product\/245","targetHints":{"allow":["GET"]}}],"collection":[{"href":"https:\/\/angelomusa.com\/en\/wp-json\/wp\/v2\/product"}],"about":[{"href":"https:\/\/angelomusa.com\/en\/wp-json\/wp\/v2\/types\/product"}],"replies":[{"embeddable":true,"href":"https:\/\/angelomusa.com\/en\/wp-json\/wp\/v2\/comments?post=245"}],"wp:featuredmedia":[{"embeddable":true,"href":"https:\/\/angelomusa.com\/en\/wp-json\/wp\/v2\/media\/5778"}],"wp:attachment":[{"href":"https:\/\/angelomusa.com\/en\/wp-json\/wp\/v2\/media?parent=245"}],"wp:term":[{"taxonomy":"product_brand","embeddable":true,"href":"https:\/\/angelomusa.com\/en\/wp-json\/wp\/v2\/product_brand?post=245"},{"taxonomy":"product_cat","embeddable":true,"href":"https:\/\/angelomusa.com\/en\/wp-json\/wp\/v2\/product_cat?post=245"},{"taxonomy":"product_tag","embeddable":true,"href":"https:\/\/angelomusa.com\/en\/wp-json\/wp\/v2\/product_tag?post=245"}],"curies":[{"name":"wp","href":"https:\/\/api.w.org\/{rel}","templated":true}]}}