{"id":2446,"date":"2024-10-14T18:00:15","date_gmt":"2024-10-14T16:00:15","guid":{"rendered":"https:\/\/angelomusa.com\/?post_type=product&#038;p=2446"},"modified":"2025-12-14T15:25:18","modified_gmt":"2025-12-14T14:25:18","slug":"figue-peche-blanche","status":"publish","type":"product","link":"https:\/\/angelomusa.com\/en\/product\/figue-peche-blanche\/","title":{"rendered":"Figue P\u00eache blanche"},"content":{"rendered":"<p>D\u00e9couvrez l&#8217;harmonie parfaite entre<strong> la figue,<\/strong> aux ar\u00f4mes sucr\u00e9s et profonds, et <strong>la p\u00eache blanche<\/strong>, juteuse et d\u00e9licatement parfum\u00e9e. <strong>La figue<\/strong>, avec sa texture fondante et ses petites graines croquantes, s\u2019associe \u00e0 la douceur velout\u00e9e de <strong>la p\u00eache blanche<\/strong>, aux notes l\u00e9g\u00e8rement florales. Cette cr\u00e9ation de <strong>La Confiture Angelo Musa<\/strong> r\u00e9v\u00e8le un \u00e9quilibre raffin\u00e9, o\u00f9 chaque saveur se d\u00e9voile en douceur pour offrir un v\u00e9ritable plaisir gourmand. \u00c0 savourer sur une tartine ou dans vos cr\u00e9ations sucr\u00e9es.<\/p>","protected":false},"excerpt":{"rendered":"<p>L\u2019accord parfait entre la douceur de <strong>la figue<\/strong> et la fra\u00eecheur d\u00e9licate de l<strong>a p\u00eache blanche<\/strong>. <strong>La figue<\/strong>, avec ses notes sucr\u00e9es et l\u00e9g\u00e8rement caram\u00e9lis\u00e9es, se marie \u00e0 merveille avec la tendresse juteuse de <strong>la p\u00eache blanche<\/strong>, offrant une confiture pleine de saveurs fruit\u00e9es et raffin\u00e9es.<\/p>\n<p><em>Une cr\u00e9ation sign\u00e9e La Confiture Angelo Musa<\/em><\/p>","protected":false},"featured_media":5786,"comment_status":"closed","ping_status":"closed","template":"","meta":[],"product_brand":[],"product_cat":[45,22],"product_tag":[],"class_list":{"0":"post-2446","1":"product","2":"type-product","3":"status-publish","4":"has-post-thumbnail","6":"product_cat-confitures","7":"product_cat-les-nouveautes","9":"first","10":"instock","11":"taxable","12":"shipping-taxable","13":"purchasable","14":"product-type-simple"},"yoast_head":"<!-- This site is optimized with the Yoast SEO plugin v27.3 - https:\/\/yoast.com\/product\/yoast-seo-wordpress\/ -->\n<title>Figue P\u00eache blanche - Angelo Musa<\/title>\n<meta name=\"description\" content=\"D\u00e9couvrez l&#039;harmonie parfaite entre la figue, aux ar\u00f4mes sucr\u00e9s et profonds, et la p\u00eache blanche, juteuse et d\u00e9licatement parfum\u00e9e.\" \/>\n<meta name=\"robots\" content=\"index, follow, max-snippet:-1, max-image-preview:large, max-video-preview:-1\" \/>\n<link rel=\"canonical\" href=\"https:\/\/angelomusa.com\/en\/produit\/figue-peche-blanche\/\" \/>\n<meta property=\"og:locale\" content=\"en_US\" \/>\n<meta property=\"og:type\" content=\"article\" \/>\n<meta property=\"og:title\" content=\"Figue P\u00eache blanche - Angelo Musa\" \/>\n<meta property=\"og:description\" content=\"D\u00e9couvrez l&#039;harmonie parfaite entre la figue, aux ar\u00f4mes sucr\u00e9s et profonds, et la p\u00eache blanche, juteuse et d\u00e9licatement parfum\u00e9e.\" \/>\n<meta property=\"og:url\" content=\"https:\/\/angelomusa.com\/en\/produit\/figue-peche-blanche\/\" \/>\n<meta property=\"og:site_name\" content=\"Angelo Musa\" \/>\n<meta property=\"article:modified_time\" content=\"2025-12-14T14:25:18+00:00\" \/>\n<meta property=\"og:image\" content=\"https:\/\/angelomusa.com\/wp-content\/uploads\/2025\/10\/Boutique-Confiture_Figue-Peche-blanche.jpg\" \/>\n\t<meta property=\"og:image:width\" content=\"1000\" \/>\n\t<meta property=\"og:image:height\" content=\"1000\" \/>\n\t<meta property=\"og:image:type\" content=\"image\/jpeg\" \/>\n<meta name=\"twitter:card\" content=\"summary_large_image\" \/>\n<meta name=\"twitter:label1\" content=\"Est. reading time\" \/>\n\t<meta name=\"twitter:data1\" content=\"1 minute\" \/>\n<script type=\"application\/ld+json\" class=\"yoast-schema-graph\">{\"@context\":\"https:\\\/\\\/schema.org\",\"@graph\":[{\"@type\":\"WebPage\",\"@id\":\"https:\\\/\\\/angelomusa.com\\\/produit\\\/figue-peche-blanche\\\/\",\"url\":\"https:\\\/\\\/angelomusa.com\\\/produit\\\/figue-peche-blanche\\\/\",\"name\":\"Figue P\u00eache blanche - Angelo Musa\",\"isPartOf\":{\"@id\":\"https:\\\/\\\/www.angelomusa.com\\\/#website\"},\"primaryImageOfPage\":{\"@id\":\"https:\\\/\\\/angelomusa.com\\\/produit\\\/figue-peche-blanche\\\/#primaryimage\"},\"image\":{\"@id\":\"https:\\\/\\\/angelomusa.com\\\/produit\\\/figue-peche-blanche\\\/#primaryimage\"},\"thumbnailUrl\":\"https:\\\/\\\/angelomusa.com\\\/wp-content\\\/uploads\\\/2025\\\/10\\\/Boutique-Confiture_Figue-Peche-blanche.jpg\",\"datePublished\":\"2024-10-14T16:00:15+00:00\",\"dateModified\":\"2025-12-14T14:25:18+00:00\",\"description\":\"D\u00e9couvrez l'harmonie parfaite entre la figue, aux ar\u00f4mes sucr\u00e9s et profonds, et la p\u00eache blanche, juteuse et d\u00e9licatement parfum\u00e9e.\",\"breadcrumb\":{\"@id\":\"https:\\\/\\\/angelomusa.com\\\/produit\\\/figue-peche-blanche\\\/#breadcrumb\"},\"inLanguage\":\"en-US\",\"potentialAction\":[{\"@type\":\"ReadAction\",\"target\":[\"https:\\\/\\\/angelomusa.com\\\/produit\\\/figue-peche-blanche\\\/\"]}]},{\"@type\":\"ImageObject\",\"inLanguage\":\"en-US\",\"@id\":\"https:\\\/\\\/angelomusa.com\\\/produit\\\/figue-peche-blanche\\\/#primaryimage\",\"url\":\"https:\\\/\\\/angelomusa.com\\\/wp-content\\\/uploads\\\/2025\\\/10\\\/Boutique-Confiture_Figue-Peche-blanche.jpg\",\"contentUrl\":\"https:\\\/\\\/angelomusa.com\\\/wp-content\\\/uploads\\\/2025\\\/10\\\/Boutique-Confiture_Figue-Peche-blanche.jpg\",\"width\":1000,\"height\":1000,\"caption\":\"Confiture Figue Pe\u0302che blanche\"},{\"@type\":\"BreadcrumbList\",\"@id\":\"https:\\\/\\\/angelomusa.com\\\/produit\\\/figue-peche-blanche\\\/#breadcrumb\",\"itemListElement\":[{\"@type\":\"ListItem\",\"position\":1,\"name\":\"Accueil\",\"item\":\"https:\\\/\\\/angelomusa.com\\\/\"},{\"@type\":\"ListItem\",\"position\":2,\"name\":\"La Boutique\",\"item\":\"https:\\\/\\\/www.angelomusa.com\\\/la-boutique\\\/\"},{\"@type\":\"ListItem\",\"position\":3,\"name\":\"Figue P\u00eache blanche\"}]},{\"@type\":\"WebSite\",\"@id\":\"https:\\\/\\\/www.angelomusa.com\\\/#website\",\"url\":\"https:\\\/\\\/www.angelomusa.com\\\/\",\"name\":\"Angelo Musa\",\"description\":\"L\u2019art de la p\u00e2tisserie sublim\u00e9e par un Meilleur Ouvrier de France\",\"publisher\":{\"@id\":\"https:\\\/\\\/www.angelomusa.com\\\/#organization\"},\"potentialAction\":[{\"@type\":\"SearchAction\",\"target\":{\"@type\":\"EntryPoint\",\"urlTemplate\":\"https:\\\/\\\/www.angelomusa.com\\\/?s={search_term_string}\"},\"query-input\":{\"@type\":\"PropertyValueSpecification\",\"valueRequired\":true,\"valueName\":\"search_term_string\"}}],\"inLanguage\":\"en-US\"},{\"@type\":\"Organization\",\"@id\":\"https:\\\/\\\/www.angelomusa.com\\\/#organization\",\"name\":\"Angelo Musa\",\"url\":\"https:\\\/\\\/www.angelomusa.com\\\/\",\"logo\":{\"@type\":\"ImageObject\",\"inLanguage\":\"en-US\",\"@id\":\"https:\\\/\\\/www.angelomusa.com\\\/#\\\/schema\\\/logo\\\/image\\\/\",\"url\":\"https:\\\/\\\/angelomusa.com\\\/wp-content\\\/uploads\\\/2024\\\/11\\\/ANGELO-MUSA-ICONE-4.png\",\"contentUrl\":\"https:\\\/\\\/angelomusa.com\\\/wp-content\\\/uploads\\\/2024\\\/11\\\/ANGELO-MUSA-ICONE-4.png\",\"width\":500,\"height\":500,\"caption\":\"Angelo Musa\"},\"image\":{\"@id\":\"https:\\\/\\\/www.angelomusa.com\\\/#\\\/schema\\\/logo\\\/image\\\/\"}}]}<\/script>\n<!-- \/ Yoast SEO plugin. -->","yoast_head_json":{"title":"Figue P\u00eache blanche - Angelo Musa","description":"D\u00e9couvrez l'harmonie parfaite entre la figue, aux ar\u00f4mes sucr\u00e9s et profonds, et la p\u00eache blanche, juteuse et d\u00e9licatement parfum\u00e9e.","robots":{"index":"index","follow":"follow","max-snippet":"max-snippet:-1","max-image-preview":"max-image-preview:large","max-video-preview":"max-video-preview:-1"},"canonical":"https:\/\/angelomusa.com\/en\/produit\/figue-peche-blanche\/","og_locale":"en_US","og_type":"article","og_title":"Figue P\u00eache blanche - Angelo Musa","og_description":"D\u00e9couvrez l'harmonie parfaite entre la figue, aux ar\u00f4mes sucr\u00e9s et profonds, et la p\u00eache blanche, juteuse et d\u00e9licatement parfum\u00e9e.","og_url":"https:\/\/angelomusa.com\/en\/produit\/figue-peche-blanche\/","og_site_name":"Angelo Musa","article_modified_time":"2025-12-14T14:25:18+00:00","og_image":[{"width":1000,"height":1000,"url":"https:\/\/angelomusa.com\/wp-content\/uploads\/2025\/10\/Boutique-Confiture_Figue-Peche-blanche.jpg","type":"image\/jpeg"}],"twitter_card":"summary_large_image","twitter_misc":{"Est. reading time":"1 minute"},"schema":{"@context":"https:\/\/schema.org","@graph":[{"@type":"WebPage","@id":"https:\/\/angelomusa.com\/produit\/figue-peche-blanche\/","url":"https:\/\/angelomusa.com\/produit\/figue-peche-blanche\/","name":"Figue P\u00eache blanche - Angelo Musa","isPartOf":{"@id":"https:\/\/www.angelomusa.com\/#website"},"primaryImageOfPage":{"@id":"https:\/\/angelomusa.com\/produit\/figue-peche-blanche\/#primaryimage"},"image":{"@id":"https:\/\/angelomusa.com\/produit\/figue-peche-blanche\/#primaryimage"},"thumbnailUrl":"https:\/\/angelomusa.com\/wp-content\/uploads\/2025\/10\/Boutique-Confiture_Figue-Peche-blanche.jpg","datePublished":"2024-10-14T16:00:15+00:00","dateModified":"2025-12-14T14:25:18+00:00","description":"D\u00e9couvrez l'harmonie parfaite entre la figue, aux ar\u00f4mes sucr\u00e9s et profonds, et la p\u00eache blanche, juteuse et d\u00e9licatement parfum\u00e9e.","breadcrumb":{"@id":"https:\/\/angelomusa.com\/produit\/figue-peche-blanche\/#breadcrumb"},"inLanguage":"en-US","potentialAction":[{"@type":"ReadAction","target":["https:\/\/angelomusa.com\/produit\/figue-peche-blanche\/"]}]},{"@type":"ImageObject","inLanguage":"en-US","@id":"https:\/\/angelomusa.com\/produit\/figue-peche-blanche\/#primaryimage","url":"https:\/\/angelomusa.com\/wp-content\/uploads\/2025\/10\/Boutique-Confiture_Figue-Peche-blanche.jpg","contentUrl":"https:\/\/angelomusa.com\/wp-content\/uploads\/2025\/10\/Boutique-Confiture_Figue-Peche-blanche.jpg","width":1000,"height":1000,"caption":"Confiture Figue Pe\u0302che blanche"},{"@type":"BreadcrumbList","@id":"https:\/\/angelomusa.com\/produit\/figue-peche-blanche\/#breadcrumb","itemListElement":[{"@type":"ListItem","position":1,"name":"Accueil","item":"https:\/\/angelomusa.com\/"},{"@type":"ListItem","position":2,"name":"La Boutique","item":"https:\/\/www.angelomusa.com\/la-boutique\/"},{"@type":"ListItem","position":3,"name":"Figue P\u00eache blanche"}]},{"@type":"WebSite","@id":"https:\/\/www.angelomusa.com\/#website","url":"https:\/\/www.angelomusa.com\/","name":"Angelo Musa","description":"L\u2019art de la p\u00e2tisserie sublim\u00e9e par un Meilleur Ouvrier de France","publisher":{"@id":"https:\/\/www.angelomusa.com\/#organization"},"potentialAction":[{"@type":"SearchAction","target":{"@type":"EntryPoint","urlTemplate":"https:\/\/www.angelomusa.com\/?s={search_term_string}"},"query-input":{"@type":"PropertyValueSpecification","valueRequired":true,"valueName":"search_term_string"}}],"inLanguage":"en-US"},{"@type":"Organization","@id":"https:\/\/www.angelomusa.com\/#organization","name":"Angelo Musa","url":"https:\/\/www.angelomusa.com\/","logo":{"@type":"ImageObject","inLanguage":"en-US","@id":"https:\/\/www.angelomusa.com\/#\/schema\/logo\/image\/","url":"https:\/\/angelomusa.com\/wp-content\/uploads\/2024\/11\/ANGELO-MUSA-ICONE-4.png","contentUrl":"https:\/\/angelomusa.com\/wp-content\/uploads\/2024\/11\/ANGELO-MUSA-ICONE-4.png","width":500,"height":500,"caption":"Angelo Musa"},"image":{"@id":"https:\/\/www.angelomusa.com\/#\/schema\/logo\/image\/"}}]}},"_links":{"self":[{"href":"https:\/\/angelomusa.com\/en\/wp-json\/wp\/v2\/product\/2446","targetHints":{"allow":["GET"]}}],"collection":[{"href":"https:\/\/angelomusa.com\/en\/wp-json\/wp\/v2\/product"}],"about":[{"href":"https:\/\/angelomusa.com\/en\/wp-json\/wp\/v2\/types\/product"}],"replies":[{"embeddable":true,"href":"https:\/\/angelomusa.com\/en\/wp-json\/wp\/v2\/comments?post=2446"}],"wp:featuredmedia":[{"embeddable":true,"href":"https:\/\/angelomusa.com\/en\/wp-json\/wp\/v2\/media\/5786"}],"wp:attachment":[{"href":"https:\/\/angelomusa.com\/en\/wp-json\/wp\/v2\/media?parent=2446"}],"wp:term":[{"taxonomy":"product_brand","embeddable":true,"href":"https:\/\/angelomusa.com\/en\/wp-json\/wp\/v2\/product_brand?post=2446"},{"taxonomy":"product_cat","embeddable":true,"href":"https:\/\/angelomusa.com\/en\/wp-json\/wp\/v2\/product_cat?post=2446"},{"taxonomy":"product_tag","embeddable":true,"href":"https:\/\/angelomusa.com\/en\/wp-json\/wp\/v2\/product_tag?post=2446"}],"curies":[{"name":"wp","href":"https:\/\/api.w.org\/{rel}","templated":true}]}}