{"id":238,"date":"2025-04-11T11:53:51","date_gmt":"2025-04-11T09:53:51","guid":{"rendered":"https:\/\/angelomusa.com\/?post_type=product&#038;p=238"},"modified":"2026-02-02T07:56:24","modified_gmt":"2026-02-02T06:56:24","slug":"agrumes","status":"publish","type":"product","link":"https:\/\/angelomusa.com\/en\/product\/agrumes\/","title":{"rendered":"Pamplemousse Orange Citron bergamote"},"content":{"rendered":"<p>Recette artisanale d\u2019une pr\u00e9paration de fruits o\u00f9 la confiture laisse toute sa place aux saveurs originelles.<\/p>\n<p>Amateurs d\u2019agrumes, le Chef a pens\u00e9 \u00e0 vous dans cette mise en valeur de quelques-uns de ses fruits pr\u00e9f\u00e9r\u00e9s : orange, pamplemousse, citron, citron bergamote assembl\u00e9s pour un pur d\u00e9lice aux qualit\u00e9s gustatives nobles.<\/p>\n<p>Confectionn\u00e9e suivant les saisons et dans les r\u00e8gles de l\u2019art par le Chef Angelo Musa, &#8221;La confiture&#8221; offre une gamme compl\u00e8te de flaveurs et d\u2019associations raffin\u00e9es.<\/p>","protected":false},"excerpt":{"rendered":"<p>Toute la gourmandise du Chef pour les agrumes se trouve dans cette recette ! La couleur solaire des agrumes pour une confiture m\u00ealant l\u2019orange, le pamplemousse rose, le citron Meyer, le limequat, et la main de Bouddha. Un floril\u00e8ge aux qualit\u00e9s nobles et subtiles, entre douceur et acidit\u00e9, qui ne laissera personne insensible \u00e0 son charme gustatif.<\/p>","protected":false},"featured_media":5672,"comment_status":"closed","ping_status":"closed","template":"","meta":[],"product_brand":[],"product_cat":[21,45,22],"product_tag":[],"class_list":{"0":"post-238","1":"product","2":"type-product","3":"status-publish","4":"has-post-thumbnail","6":"product_cat-automne-hiver","7":"product_cat-confitures","8":"product_cat-les-nouveautes","10":"first","11":"instock","12":"taxable","13":"shipping-taxable","14":"purchasable","15":"product-type-simple"},"yoast_head":"<!-- This site is optimized with the Yoast SEO plugin v27.3 - https:\/\/yoast.com\/product\/yoast-seo-wordpress\/ -->\n<title>Pamplemousse Orange Citron bergamote - Angelo Musa<\/title>\n<meta name=\"description\" content=\"Amoureux des agrumes, cette confiture est pour vous! Orange, pamplemousse rose, citron Meyer, limequat, main de Bouddha, tout y est pour vous faire plaisir.\" \/>\n<meta name=\"robots\" content=\"index, follow, max-snippet:-1, max-image-preview:large, max-video-preview:-1\" \/>\n<link rel=\"canonical\" href=\"https:\/\/angelomusa.com\/en\/produit\/agrumes\/\" \/>\n<meta property=\"og:locale\" content=\"en_US\" \/>\n<meta property=\"og:type\" content=\"article\" \/>\n<meta property=\"og:title\" content=\"Pamplemousse Orange Citron bergamote - Angelo Musa\" \/>\n<meta property=\"og:description\" content=\"Amoureux des agrumes, cette confiture est pour vous! Orange, pamplemousse rose, citron Meyer, limequat, main de Bouddha, tout y est pour vous faire plaisir.\" \/>\n<meta property=\"og:url\" content=\"https:\/\/angelomusa.com\/en\/produit\/agrumes\/\" \/>\n<meta property=\"og:site_name\" content=\"Angelo Musa\" \/>\n<meta property=\"article:modified_time\" content=\"2026-02-02T06:56:24+00:00\" \/>\n<meta property=\"og:image\" content=\"https:\/\/angelomusa.com\/wp-content\/uploads\/2025\/04\/Boutique-Confiture_Pamplemousse_Orange_Citron-Bergamotte.jpg\" \/>\n\t<meta property=\"og:image:width\" content=\"800\" \/>\n\t<meta property=\"og:image:height\" content=\"800\" \/>\n\t<meta property=\"og:image:type\" content=\"image\/jpeg\" \/>\n<meta name=\"twitter:card\" content=\"summary_large_image\" \/>\n<meta name=\"twitter:label1\" content=\"Est. reading time\" \/>\n\t<meta name=\"twitter:data1\" content=\"1 minute\" \/>\n<script type=\"application\/ld+json\" class=\"yoast-schema-graph\">{\"@context\":\"https:\\\/\\\/schema.org\",\"@graph\":[{\"@type\":\"WebPage\",\"@id\":\"https:\\\/\\\/angelomusa.com\\\/produit\\\/agrumes\\\/\",\"url\":\"https:\\\/\\\/angelomusa.com\\\/produit\\\/agrumes\\\/\",\"name\":\"Pamplemousse Orange Citron bergamote - Angelo Musa\",\"isPartOf\":{\"@id\":\"https:\\\/\\\/www.angelomusa.com\\\/#website\"},\"primaryImageOfPage\":{\"@id\":\"https:\\\/\\\/angelomusa.com\\\/produit\\\/agrumes\\\/#primaryimage\"},\"image\":{\"@id\":\"https:\\\/\\\/angelomusa.com\\\/produit\\\/agrumes\\\/#primaryimage\"},\"thumbnailUrl\":\"https:\\\/\\\/angelomusa.com\\\/wp-content\\\/uploads\\\/2025\\\/04\\\/Boutique-Confiture_Pamplemousse_Orange_Citron-Bergamotte.jpg\",\"datePublished\":\"2025-04-11T09:53:51+00:00\",\"dateModified\":\"2026-02-02T06:56:24+00:00\",\"description\":\"Amoureux des agrumes, cette confiture est pour vous! Orange, pamplemousse rose, citron Meyer, limequat, main de Bouddha, tout y est pour vous faire plaisir.\",\"breadcrumb\":{\"@id\":\"https:\\\/\\\/angelomusa.com\\\/produit\\\/agrumes\\\/#breadcrumb\"},\"inLanguage\":\"en-US\",\"potentialAction\":[{\"@type\":\"ReadAction\",\"target\":[\"https:\\\/\\\/angelomusa.com\\\/produit\\\/agrumes\\\/\"]}]},{\"@type\":\"ImageObject\",\"inLanguage\":\"en-US\",\"@id\":\"https:\\\/\\\/angelomusa.com\\\/produit\\\/agrumes\\\/#primaryimage\",\"url\":\"https:\\\/\\\/angelomusa.com\\\/wp-content\\\/uploads\\\/2025\\\/04\\\/Boutique-Confiture_Pamplemousse_Orange_Citron-Bergamotte.jpg\",\"contentUrl\":\"https:\\\/\\\/angelomusa.com\\\/wp-content\\\/uploads\\\/2025\\\/04\\\/Boutique-Confiture_Pamplemousse_Orange_Citron-Bergamotte.jpg\",\"width\":800,\"height\":800,\"caption\":\"Confiture Pamplemousse - Orange - Citron Bergamote\"},{\"@type\":\"BreadcrumbList\",\"@id\":\"https:\\\/\\\/angelomusa.com\\\/produit\\\/agrumes\\\/#breadcrumb\",\"itemListElement\":[{\"@type\":\"ListItem\",\"position\":1,\"name\":\"Accueil\",\"item\":\"https:\\\/\\\/angelomusa.com\\\/\"},{\"@type\":\"ListItem\",\"position\":2,\"name\":\"La Boutique\",\"item\":\"https:\\\/\\\/www.angelomusa.com\\\/la-boutique\\\/\"},{\"@type\":\"ListItem\",\"position\":3,\"name\":\"Pamplemousse Orange Citron bergamote\"}]},{\"@type\":\"WebSite\",\"@id\":\"https:\\\/\\\/www.angelomusa.com\\\/#website\",\"url\":\"https:\\\/\\\/www.angelomusa.com\\\/\",\"name\":\"Angelo Musa\",\"description\":\"L\u2019art de la p\u00e2tisserie sublim\u00e9e par un Meilleur Ouvrier de France\",\"publisher\":{\"@id\":\"https:\\\/\\\/www.angelomusa.com\\\/#organization\"},\"potentialAction\":[{\"@type\":\"SearchAction\",\"target\":{\"@type\":\"EntryPoint\",\"urlTemplate\":\"https:\\\/\\\/www.angelomusa.com\\\/?s={search_term_string}\"},\"query-input\":{\"@type\":\"PropertyValueSpecification\",\"valueRequired\":true,\"valueName\":\"search_term_string\"}}],\"inLanguage\":\"en-US\"},{\"@type\":\"Organization\",\"@id\":\"https:\\\/\\\/www.angelomusa.com\\\/#organization\",\"name\":\"Angelo Musa\",\"url\":\"https:\\\/\\\/www.angelomusa.com\\\/\",\"logo\":{\"@type\":\"ImageObject\",\"inLanguage\":\"en-US\",\"@id\":\"https:\\\/\\\/www.angelomusa.com\\\/#\\\/schema\\\/logo\\\/image\\\/\",\"url\":\"https:\\\/\\\/angelomusa.com\\\/wp-content\\\/uploads\\\/2024\\\/11\\\/ANGELO-MUSA-ICONE-4.png\",\"contentUrl\":\"https:\\\/\\\/angelomusa.com\\\/wp-content\\\/uploads\\\/2024\\\/11\\\/ANGELO-MUSA-ICONE-4.png\",\"width\":500,\"height\":500,\"caption\":\"Angelo Musa\"},\"image\":{\"@id\":\"https:\\\/\\\/www.angelomusa.com\\\/#\\\/schema\\\/logo\\\/image\\\/\"}}]}<\/script>\n<!-- \/ Yoast SEO plugin. -->","yoast_head_json":{"title":"Pamplemousse Orange Citron bergamote - Angelo Musa","description":"Amoureux des agrumes, cette confiture est pour vous! Orange, pamplemousse rose, citron Meyer, limequat, main de Bouddha, tout y est pour vous faire plaisir.","robots":{"index":"index","follow":"follow","max-snippet":"max-snippet:-1","max-image-preview":"max-image-preview:large","max-video-preview":"max-video-preview:-1"},"canonical":"https:\/\/angelomusa.com\/en\/produit\/agrumes\/","og_locale":"en_US","og_type":"article","og_title":"Pamplemousse Orange Citron bergamote - Angelo Musa","og_description":"Amoureux des agrumes, cette confiture est pour vous! Orange, pamplemousse rose, citron Meyer, limequat, main de Bouddha, tout y est pour vous faire plaisir.","og_url":"https:\/\/angelomusa.com\/en\/produit\/agrumes\/","og_site_name":"Angelo Musa","article_modified_time":"2026-02-02T06:56:24+00:00","og_image":[{"width":800,"height":800,"url":"https:\/\/angelomusa.com\/wp-content\/uploads\/2025\/04\/Boutique-Confiture_Pamplemousse_Orange_Citron-Bergamotte.jpg","type":"image\/jpeg"}],"twitter_card":"summary_large_image","twitter_misc":{"Est. reading time":"1 minute"},"schema":{"@context":"https:\/\/schema.org","@graph":[{"@type":"WebPage","@id":"https:\/\/angelomusa.com\/produit\/agrumes\/","url":"https:\/\/angelomusa.com\/produit\/agrumes\/","name":"Pamplemousse Orange Citron bergamote - Angelo Musa","isPartOf":{"@id":"https:\/\/www.angelomusa.com\/#website"},"primaryImageOfPage":{"@id":"https:\/\/angelomusa.com\/produit\/agrumes\/#primaryimage"},"image":{"@id":"https:\/\/angelomusa.com\/produit\/agrumes\/#primaryimage"},"thumbnailUrl":"https:\/\/angelomusa.com\/wp-content\/uploads\/2025\/04\/Boutique-Confiture_Pamplemousse_Orange_Citron-Bergamotte.jpg","datePublished":"2025-04-11T09:53:51+00:00","dateModified":"2026-02-02T06:56:24+00:00","description":"Amoureux des agrumes, cette confiture est pour vous! Orange, pamplemousse rose, citron Meyer, limequat, main de Bouddha, tout y est pour vous faire plaisir.","breadcrumb":{"@id":"https:\/\/angelomusa.com\/produit\/agrumes\/#breadcrumb"},"inLanguage":"en-US","potentialAction":[{"@type":"ReadAction","target":["https:\/\/angelomusa.com\/produit\/agrumes\/"]}]},{"@type":"ImageObject","inLanguage":"en-US","@id":"https:\/\/angelomusa.com\/produit\/agrumes\/#primaryimage","url":"https:\/\/angelomusa.com\/wp-content\/uploads\/2025\/04\/Boutique-Confiture_Pamplemousse_Orange_Citron-Bergamotte.jpg","contentUrl":"https:\/\/angelomusa.com\/wp-content\/uploads\/2025\/04\/Boutique-Confiture_Pamplemousse_Orange_Citron-Bergamotte.jpg","width":800,"height":800,"caption":"Confiture Pamplemousse - Orange - Citron Bergamote"},{"@type":"BreadcrumbList","@id":"https:\/\/angelomusa.com\/produit\/agrumes\/#breadcrumb","itemListElement":[{"@type":"ListItem","position":1,"name":"Accueil","item":"https:\/\/angelomusa.com\/"},{"@type":"ListItem","position":2,"name":"La Boutique","item":"https:\/\/www.angelomusa.com\/la-boutique\/"},{"@type":"ListItem","position":3,"name":"Pamplemousse Orange Citron bergamote"}]},{"@type":"WebSite","@id":"https:\/\/www.angelomusa.com\/#website","url":"https:\/\/www.angelomusa.com\/","name":"Angelo Musa","description":"L\u2019art de la p\u00e2tisserie sublim\u00e9e par un Meilleur Ouvrier de France","publisher":{"@id":"https:\/\/www.angelomusa.com\/#organization"},"potentialAction":[{"@type":"SearchAction","target":{"@type":"EntryPoint","urlTemplate":"https:\/\/www.angelomusa.com\/?s={search_term_string}"},"query-input":{"@type":"PropertyValueSpecification","valueRequired":true,"valueName":"search_term_string"}}],"inLanguage":"en-US"},{"@type":"Organization","@id":"https:\/\/www.angelomusa.com\/#organization","name":"Angelo Musa","url":"https:\/\/www.angelomusa.com\/","logo":{"@type":"ImageObject","inLanguage":"en-US","@id":"https:\/\/www.angelomusa.com\/#\/schema\/logo\/image\/","url":"https:\/\/angelomusa.com\/wp-content\/uploads\/2024\/11\/ANGELO-MUSA-ICONE-4.png","contentUrl":"https:\/\/angelomusa.com\/wp-content\/uploads\/2024\/11\/ANGELO-MUSA-ICONE-4.png","width":500,"height":500,"caption":"Angelo Musa"},"image":{"@id":"https:\/\/www.angelomusa.com\/#\/schema\/logo\/image\/"}}]}},"_links":{"self":[{"href":"https:\/\/angelomusa.com\/en\/wp-json\/wp\/v2\/product\/238","targetHints":{"allow":["GET"]}}],"collection":[{"href":"https:\/\/angelomusa.com\/en\/wp-json\/wp\/v2\/product"}],"about":[{"href":"https:\/\/angelomusa.com\/en\/wp-json\/wp\/v2\/types\/product"}],"replies":[{"embeddable":true,"href":"https:\/\/angelomusa.com\/en\/wp-json\/wp\/v2\/comments?post=238"}],"wp:featuredmedia":[{"embeddable":true,"href":"https:\/\/angelomusa.com\/en\/wp-json\/wp\/v2\/media\/5672"}],"wp:attachment":[{"href":"https:\/\/angelomusa.com\/en\/wp-json\/wp\/v2\/media?parent=238"}],"wp:term":[{"taxonomy":"product_brand","embeddable":true,"href":"https:\/\/angelomusa.com\/en\/wp-json\/wp\/v2\/product_brand?post=238"},{"taxonomy":"product_cat","embeddable":true,"href":"https:\/\/angelomusa.com\/en\/wp-json\/wp\/v2\/product_cat?post=238"},{"taxonomy":"product_tag","embeddable":true,"href":"https:\/\/angelomusa.com\/en\/wp-json\/wp\/v2\/product_tag?post=238"}],"curies":[{"name":"wp","href":"https:\/\/api.w.org\/{rel}","templated":true}]}}