{"id":219,"date":"2023-07-18T11:17:56","date_gmt":"2023-07-18T09:17:56","guid":{"rendered":"https:\/\/angelomusa.com\/?post_type=product&#038;p=219"},"modified":"2025-10-09T20:35:13","modified_gmt":"2025-10-09T18:35:13","slug":"abricot-rhubarbe","status":"publish","type":"product","link":"https:\/\/angelomusa.com\/en\/product\/abricot-rhubarbe\/","title":{"rendered":"Abricot Rhubarbe"},"content":{"rendered":"<p>Recette artisanale d\u2019une pr\u00e9paration de fruits o\u00f9 la confiture laisse toute sa place aux saveurs originelles.<\/p>\n<p>La chair g\u00e9n\u00e9reuse de l\u2019abricot balance l\u2019acidit\u00e9 de la rhubarbe, des parfums arrondis et gourmands pour une belle d\u00e9clinaison d\u2019un parfum classique\u2026 \u00c0 d\u00e9couvrir !<\/p>\n<p>Confectionn\u00e9e suivant les saisons et dans les r\u00e8gles de l\u2019art par le Chef Angelo Musa, &#8221;La confiture&#8221; offre une gamme compl\u00e8te de flaveurs et d\u2019associations raffin\u00e9es.<\/p>","protected":false},"excerpt":{"rendered":"<p>Une confiture ronde, moelleuse et prometteuse. Le Chef renouvelle ici les d\u00e9clinaisons de la rhubarbe avec un accord abricot qui cache en son c\u0153ur un tr\u00e9sor de douceur. Succ\u00e8s assur\u00e9 \u00e0 la table des petits-d\u00e9jeuners !<\/p>","protected":false},"featured_media":5739,"comment_status":"closed","ping_status":"closed","template":"","meta":[],"product_brand":[],"product_cat":[45,22,20],"product_tag":[],"class_list":{"0":"post-219","1":"product","2":"type-product","3":"status-publish","4":"has-post-thumbnail","6":"product_cat-confitures","7":"product_cat-les-nouveautes","8":"product_cat-printemps-ete","10":"first","11":"instock","12":"taxable","13":"shipping-taxable","14":"purchasable","15":"product-type-simple"},"yoast_head":"<!-- This site is optimized with the Yoast SEO plugin v27.3 - https:\/\/yoast.com\/product\/yoast-seo-wordpress\/ -->\n<title>Abricot Rhubarbe - Angelo Musa<\/title>\n<meta name=\"description\" content=\"D\u00e9clinaison de la classique rhubarbe qui rencontre la douceur moelleuse de l&#039;abricot, un parfum de fruits d\u00e9licieux \u00e0 d\u00e9couvrir sans tarder.\" \/>\n<meta name=\"robots\" content=\"index, follow, max-snippet:-1, max-image-preview:large, max-video-preview:-1\" \/>\n<link rel=\"canonical\" href=\"https:\/\/angelomusa.com\/en\/produit\/abricot-rhubarbe\/\" \/>\n<meta property=\"og:locale\" content=\"en_US\" \/>\n<meta property=\"og:type\" content=\"article\" \/>\n<meta property=\"og:title\" content=\"Abricot Rhubarbe - Angelo Musa\" \/>\n<meta property=\"og:description\" content=\"D\u00e9clinaison de la classique rhubarbe qui rencontre la douceur moelleuse de l&#039;abricot, un parfum de fruits d\u00e9licieux \u00e0 d\u00e9couvrir sans tarder.\" \/>\n<meta property=\"og:url\" content=\"https:\/\/angelomusa.com\/en\/produit\/abricot-rhubarbe\/\" \/>\n<meta property=\"og:site_name\" content=\"Angelo Musa\" \/>\n<meta property=\"article:modified_time\" content=\"2025-10-09T18:35:13+00:00\" \/>\n<meta property=\"og:image\" content=\"https:\/\/angelomusa.com\/wp-content\/uploads\/2025\/08\/Boutique-Confiture_Abricot-Rhubarbe.jpg\" \/>\n\t<meta property=\"og:image:width\" content=\"1846\" \/>\n\t<meta property=\"og:image:height\" content=\"1846\" \/>\n\t<meta property=\"og:image:type\" content=\"image\/jpeg\" \/>\n<meta name=\"twitter:card\" content=\"summary_large_image\" \/>\n<meta name=\"twitter:label1\" content=\"Est. reading time\" \/>\n\t<meta name=\"twitter:data1\" content=\"1 minute\" \/>\n<script type=\"application\/ld+json\" class=\"yoast-schema-graph\">{\"@context\":\"https:\\\/\\\/schema.org\",\"@graph\":[{\"@type\":\"WebPage\",\"@id\":\"https:\\\/\\\/angelomusa.com\\\/produit\\\/abricot-rhubarbe\\\/\",\"url\":\"https:\\\/\\\/angelomusa.com\\\/produit\\\/abricot-rhubarbe\\\/\",\"name\":\"Abricot Rhubarbe - Angelo Musa\",\"isPartOf\":{\"@id\":\"https:\\\/\\\/www.angelomusa.com\\\/#website\"},\"primaryImageOfPage\":{\"@id\":\"https:\\\/\\\/angelomusa.com\\\/produit\\\/abricot-rhubarbe\\\/#primaryimage\"},\"image\":{\"@id\":\"https:\\\/\\\/angelomusa.com\\\/produit\\\/abricot-rhubarbe\\\/#primaryimage\"},\"thumbnailUrl\":\"https:\\\/\\\/angelomusa.com\\\/wp-content\\\/uploads\\\/2025\\\/08\\\/Boutique-Confiture_Abricot-Rhubarbe.jpg\",\"datePublished\":\"2023-07-18T09:17:56+00:00\",\"dateModified\":\"2025-10-09T18:35:13+00:00\",\"description\":\"D\u00e9clinaison de la classique rhubarbe qui rencontre la douceur moelleuse de l'abricot, un parfum de fruits d\u00e9licieux \u00e0 d\u00e9couvrir sans tarder.\",\"breadcrumb\":{\"@id\":\"https:\\\/\\\/angelomusa.com\\\/produit\\\/abricot-rhubarbe\\\/#breadcrumb\"},\"inLanguage\":\"en-US\",\"potentialAction\":[{\"@type\":\"ReadAction\",\"target\":[\"https:\\\/\\\/angelomusa.com\\\/produit\\\/abricot-rhubarbe\\\/\"]}]},{\"@type\":\"ImageObject\",\"inLanguage\":\"en-US\",\"@id\":\"https:\\\/\\\/angelomusa.com\\\/produit\\\/abricot-rhubarbe\\\/#primaryimage\",\"url\":\"https:\\\/\\\/angelomusa.com\\\/wp-content\\\/uploads\\\/2025\\\/08\\\/Boutique-Confiture_Abricot-Rhubarbe.jpg\",\"contentUrl\":\"https:\\\/\\\/angelomusa.com\\\/wp-content\\\/uploads\\\/2025\\\/08\\\/Boutique-Confiture_Abricot-Rhubarbe.jpg\",\"width\":1846,\"height\":1846,\"caption\":\"Confiture Abricot Rhubarbe\"},{\"@type\":\"BreadcrumbList\",\"@id\":\"https:\\\/\\\/angelomusa.com\\\/produit\\\/abricot-rhubarbe\\\/#breadcrumb\",\"itemListElement\":[{\"@type\":\"ListItem\",\"position\":1,\"name\":\"Accueil\",\"item\":\"https:\\\/\\\/angelomusa.com\\\/\"},{\"@type\":\"ListItem\",\"position\":2,\"name\":\"La Boutique\",\"item\":\"https:\\\/\\\/www.angelomusa.com\\\/la-boutique\\\/\"},{\"@type\":\"ListItem\",\"position\":3,\"name\":\"Abricot Rhubarbe\"}]},{\"@type\":\"WebSite\",\"@id\":\"https:\\\/\\\/www.angelomusa.com\\\/#website\",\"url\":\"https:\\\/\\\/www.angelomusa.com\\\/\",\"name\":\"Angelo Musa\",\"description\":\"L\u2019art de la p\u00e2tisserie sublim\u00e9e par un Meilleur Ouvrier de France\",\"publisher\":{\"@id\":\"https:\\\/\\\/www.angelomusa.com\\\/#organization\"},\"potentialAction\":[{\"@type\":\"SearchAction\",\"target\":{\"@type\":\"EntryPoint\",\"urlTemplate\":\"https:\\\/\\\/www.angelomusa.com\\\/?s={search_term_string}\"},\"query-input\":{\"@type\":\"PropertyValueSpecification\",\"valueRequired\":true,\"valueName\":\"search_term_string\"}}],\"inLanguage\":\"en-US\"},{\"@type\":\"Organization\",\"@id\":\"https:\\\/\\\/www.angelomusa.com\\\/#organization\",\"name\":\"Angelo Musa\",\"url\":\"https:\\\/\\\/www.angelomusa.com\\\/\",\"logo\":{\"@type\":\"ImageObject\",\"inLanguage\":\"en-US\",\"@id\":\"https:\\\/\\\/www.angelomusa.com\\\/#\\\/schema\\\/logo\\\/image\\\/\",\"url\":\"https:\\\/\\\/angelomusa.com\\\/wp-content\\\/uploads\\\/2024\\\/11\\\/ANGELO-MUSA-ICONE-4.png\",\"contentUrl\":\"https:\\\/\\\/angelomusa.com\\\/wp-content\\\/uploads\\\/2024\\\/11\\\/ANGELO-MUSA-ICONE-4.png\",\"width\":500,\"height\":500,\"caption\":\"Angelo Musa\"},\"image\":{\"@id\":\"https:\\\/\\\/www.angelomusa.com\\\/#\\\/schema\\\/logo\\\/image\\\/\"}}]}<\/script>\n<!-- \/ Yoast SEO plugin. -->","yoast_head_json":{"title":"Abricot Rhubarbe - Angelo Musa","description":"D\u00e9clinaison de la classique rhubarbe qui rencontre la douceur moelleuse de l'abricot, un parfum de fruits d\u00e9licieux \u00e0 d\u00e9couvrir sans tarder.","robots":{"index":"index","follow":"follow","max-snippet":"max-snippet:-1","max-image-preview":"max-image-preview:large","max-video-preview":"max-video-preview:-1"},"canonical":"https:\/\/angelomusa.com\/en\/produit\/abricot-rhubarbe\/","og_locale":"en_US","og_type":"article","og_title":"Abricot Rhubarbe - Angelo Musa","og_description":"D\u00e9clinaison de la classique rhubarbe qui rencontre la douceur moelleuse de l'abricot, un parfum de fruits d\u00e9licieux \u00e0 d\u00e9couvrir sans tarder.","og_url":"https:\/\/angelomusa.com\/en\/produit\/abricot-rhubarbe\/","og_site_name":"Angelo Musa","article_modified_time":"2025-10-09T18:35:13+00:00","og_image":[{"width":1846,"height":1846,"url":"https:\/\/angelomusa.com\/wp-content\/uploads\/2025\/08\/Boutique-Confiture_Abricot-Rhubarbe.jpg","type":"image\/jpeg"}],"twitter_card":"summary_large_image","twitter_misc":{"Est. reading time":"1 minute"},"schema":{"@context":"https:\/\/schema.org","@graph":[{"@type":"WebPage","@id":"https:\/\/angelomusa.com\/produit\/abricot-rhubarbe\/","url":"https:\/\/angelomusa.com\/produit\/abricot-rhubarbe\/","name":"Abricot Rhubarbe - Angelo Musa","isPartOf":{"@id":"https:\/\/www.angelomusa.com\/#website"},"primaryImageOfPage":{"@id":"https:\/\/angelomusa.com\/produit\/abricot-rhubarbe\/#primaryimage"},"image":{"@id":"https:\/\/angelomusa.com\/produit\/abricot-rhubarbe\/#primaryimage"},"thumbnailUrl":"https:\/\/angelomusa.com\/wp-content\/uploads\/2025\/08\/Boutique-Confiture_Abricot-Rhubarbe.jpg","datePublished":"2023-07-18T09:17:56+00:00","dateModified":"2025-10-09T18:35:13+00:00","description":"D\u00e9clinaison de la classique rhubarbe qui rencontre la douceur moelleuse de l'abricot, un parfum de fruits d\u00e9licieux \u00e0 d\u00e9couvrir sans tarder.","breadcrumb":{"@id":"https:\/\/angelomusa.com\/produit\/abricot-rhubarbe\/#breadcrumb"},"inLanguage":"en-US","potentialAction":[{"@type":"ReadAction","target":["https:\/\/angelomusa.com\/produit\/abricot-rhubarbe\/"]}]},{"@type":"ImageObject","inLanguage":"en-US","@id":"https:\/\/angelomusa.com\/produit\/abricot-rhubarbe\/#primaryimage","url":"https:\/\/angelomusa.com\/wp-content\/uploads\/2025\/08\/Boutique-Confiture_Abricot-Rhubarbe.jpg","contentUrl":"https:\/\/angelomusa.com\/wp-content\/uploads\/2025\/08\/Boutique-Confiture_Abricot-Rhubarbe.jpg","width":1846,"height":1846,"caption":"Confiture Abricot Rhubarbe"},{"@type":"BreadcrumbList","@id":"https:\/\/angelomusa.com\/produit\/abricot-rhubarbe\/#breadcrumb","itemListElement":[{"@type":"ListItem","position":1,"name":"Accueil","item":"https:\/\/angelomusa.com\/"},{"@type":"ListItem","position":2,"name":"La Boutique","item":"https:\/\/www.angelomusa.com\/la-boutique\/"},{"@type":"ListItem","position":3,"name":"Abricot Rhubarbe"}]},{"@type":"WebSite","@id":"https:\/\/www.angelomusa.com\/#website","url":"https:\/\/www.angelomusa.com\/","name":"Angelo Musa","description":"L\u2019art de la p\u00e2tisserie sublim\u00e9e par un Meilleur Ouvrier de France","publisher":{"@id":"https:\/\/www.angelomusa.com\/#organization"},"potentialAction":[{"@type":"SearchAction","target":{"@type":"EntryPoint","urlTemplate":"https:\/\/www.angelomusa.com\/?s={search_term_string}"},"query-input":{"@type":"PropertyValueSpecification","valueRequired":true,"valueName":"search_term_string"}}],"inLanguage":"en-US"},{"@type":"Organization","@id":"https:\/\/www.angelomusa.com\/#organization","name":"Angelo Musa","url":"https:\/\/www.angelomusa.com\/","logo":{"@type":"ImageObject","inLanguage":"en-US","@id":"https:\/\/www.angelomusa.com\/#\/schema\/logo\/image\/","url":"https:\/\/angelomusa.com\/wp-content\/uploads\/2024\/11\/ANGELO-MUSA-ICONE-4.png","contentUrl":"https:\/\/angelomusa.com\/wp-content\/uploads\/2024\/11\/ANGELO-MUSA-ICONE-4.png","width":500,"height":500,"caption":"Angelo Musa"},"image":{"@id":"https:\/\/www.angelomusa.com\/#\/schema\/logo\/image\/"}}]}},"_links":{"self":[{"href":"https:\/\/angelomusa.com\/en\/wp-json\/wp\/v2\/product\/219","targetHints":{"allow":["GET"]}}],"collection":[{"href":"https:\/\/angelomusa.com\/en\/wp-json\/wp\/v2\/product"}],"about":[{"href":"https:\/\/angelomusa.com\/en\/wp-json\/wp\/v2\/types\/product"}],"replies":[{"embeddable":true,"href":"https:\/\/angelomusa.com\/en\/wp-json\/wp\/v2\/comments?post=219"}],"wp:featuredmedia":[{"embeddable":true,"href":"https:\/\/angelomusa.com\/en\/wp-json\/wp\/v2\/media\/5739"}],"wp:attachment":[{"href":"https:\/\/angelomusa.com\/en\/wp-json\/wp\/v2\/media?parent=219"}],"wp:term":[{"taxonomy":"product_brand","embeddable":true,"href":"https:\/\/angelomusa.com\/en\/wp-json\/wp\/v2\/product_brand?post=219"},{"taxonomy":"product_cat","embeddable":true,"href":"https:\/\/angelomusa.com\/en\/wp-json\/wp\/v2\/product_cat?post=219"},{"taxonomy":"product_tag","embeddable":true,"href":"https:\/\/angelomusa.com\/en\/wp-json\/wp\/v2\/product_tag?post=219"}],"curies":[{"name":"wp","href":"https:\/\/api.w.org\/{rel}","templated":true}]}}