{"id":212,"date":"2023-07-18T10:48:37","date_gmt":"2023-07-18T08:48:37","guid":{"rendered":"https:\/\/angelomusa.com\/?post_type=product&#038;p=212"},"modified":"2026-02-19T20:22:04","modified_gmt":"2026-02-19T19:22:04","slug":"abricot-vanille","status":"publish","type":"product","link":"https:\/\/angelomusa.com\/en\/product\/abricot-vanille\/","title":{"rendered":"Abricot Vanille"},"content":{"rendered":"<p>Recette artisanale d\u2019une pr\u00e9paration de fruits o\u00f9 la confiture laisse toute sa place aux saveurs originelles.<\/p>\n<p>Fruit rond et orang\u00e9, la popularit\u00e9 de l\u2019abricot n\u2019est plus \u00e0 d\u00e9montrer. Sa chair douce et sucr\u00e9e rencontre une belle gousse de vanille Bourbon de Madagascar pour un plaisir \u00e0 la d\u00e9gustation in\u00e9gal\u00e9.<\/p>\n<p>Confectionn\u00e9e suivant les saisons et dans les r\u00e8gles de l\u2019art par le Chef Angelo Musa, &#8221;La confiture&#8221; offre une gamme compl\u00e8te de flaveurs et d\u2019associations raffin\u00e9es.<\/p>","protected":false},"excerpt":{"rendered":"<p>Avec sa chair tendre gorg\u00e9e de soleil et sa texture moelleuse, la cote d\u2019amour pour l\u2019abricot est parmi les plus hautes. Ici ses ar\u00f4mes se marient \u00e0 merveille \u00e0 une vanille de Madagascar, dont la gousse enti\u00e8re est plong\u00e9e dans les fruits\u2026 magique !<\/p>","protected":false},"featured_media":5842,"comment_status":"closed","ping_status":"closed","template":"","meta":[],"product_brand":[],"product_cat":[45,22,20],"product_tag":[],"class_list":{"0":"post-212","1":"product","2":"type-product","3":"status-publish","4":"has-post-thumbnail","6":"product_cat-confitures","7":"product_cat-les-nouveautes","8":"product_cat-printemps-ete","10":"first","11":"instock","12":"taxable","13":"shipping-taxable","14":"purchasable","15":"product-type-simple"},"yoast_head":"<!-- This site is optimized with the Yoast SEO plugin v27.3 - https:\/\/yoast.com\/product\/yoast-seo-wordpress\/ -->\n<title>Abricot Vanille - Angelo Musa<\/title>\n<meta name=\"description\" content=\"Une chair douce sucr\u00e9e, l&#039;abricot fait partie des fruits pr\u00e9f\u00e9r\u00e9s. Ici son go\u00fbt g\u00e9n\u00e9reux est associ\u00e9 \u00e0 la vanille Bourbon de Madagascar. Des saveurs suaves.\" \/>\n<meta name=\"robots\" content=\"index, follow, max-snippet:-1, max-image-preview:large, max-video-preview:-1\" \/>\n<link rel=\"canonical\" href=\"https:\/\/angelomusa.com\/en\/produit\/abricot-vanille\/\" \/>\n<meta property=\"og:locale\" content=\"en_US\" \/>\n<meta property=\"og:type\" content=\"article\" \/>\n<meta property=\"og:title\" content=\"Abricot Vanille - Angelo Musa\" \/>\n<meta property=\"og:description\" content=\"Une chair douce sucr\u00e9e, l&#039;abricot fait partie des fruits pr\u00e9f\u00e9r\u00e9s. Ici son go\u00fbt g\u00e9n\u00e9reux est associ\u00e9 \u00e0 la vanille Bourbon de Madagascar. Des saveurs suaves.\" \/>\n<meta property=\"og:url\" content=\"https:\/\/angelomusa.com\/en\/produit\/abricot-vanille\/\" \/>\n<meta property=\"og:site_name\" content=\"Angelo Musa\" \/>\n<meta property=\"article:modified_time\" content=\"2026-02-19T19:22:04+00:00\" \/>\n<meta property=\"og:image\" content=\"https:\/\/angelomusa.com\/wp-content\/uploads\/2026\/02\/Boutique_Confiture-Abricot-Vanille.jpg\" \/>\n\t<meta property=\"og:image:width\" content=\"1000\" \/>\n\t<meta property=\"og:image:height\" content=\"1000\" \/>\n\t<meta property=\"og:image:type\" content=\"image\/jpeg\" \/>\n<meta name=\"twitter:card\" content=\"summary_large_image\" \/>\n<meta name=\"twitter:label1\" content=\"Est. reading time\" \/>\n\t<meta name=\"twitter:data1\" content=\"1 minute\" \/>\n<script type=\"application\/ld+json\" class=\"yoast-schema-graph\">{\"@context\":\"https:\\\/\\\/schema.org\",\"@graph\":[{\"@type\":\"WebPage\",\"@id\":\"https:\\\/\\\/angelomusa.com\\\/produit\\\/abricot-vanille\\\/\",\"url\":\"https:\\\/\\\/angelomusa.com\\\/produit\\\/abricot-vanille\\\/\",\"name\":\"Abricot Vanille - Angelo Musa\",\"isPartOf\":{\"@id\":\"https:\\\/\\\/www.angelomusa.com\\\/#website\"},\"primaryImageOfPage\":{\"@id\":\"https:\\\/\\\/angelomusa.com\\\/produit\\\/abricot-vanille\\\/#primaryimage\"},\"image\":{\"@id\":\"https:\\\/\\\/angelomusa.com\\\/produit\\\/abricot-vanille\\\/#primaryimage\"},\"thumbnailUrl\":\"https:\\\/\\\/angelomusa.com\\\/wp-content\\\/uploads\\\/2026\\\/02\\\/Boutique_Confiture-Abricot-Vanille.jpg\",\"datePublished\":\"2023-07-18T08:48:37+00:00\",\"dateModified\":\"2026-02-19T19:22:04+00:00\",\"description\":\"Une chair douce sucr\u00e9e, l'abricot fait partie des fruits pr\u00e9f\u00e9r\u00e9s. Ici son go\u00fbt g\u00e9n\u00e9reux est associ\u00e9 \u00e0 la vanille Bourbon de Madagascar. Des saveurs suaves.\",\"breadcrumb\":{\"@id\":\"https:\\\/\\\/angelomusa.com\\\/produit\\\/abricot-vanille\\\/#breadcrumb\"},\"inLanguage\":\"en-US\",\"potentialAction\":[{\"@type\":\"ReadAction\",\"target\":[\"https:\\\/\\\/angelomusa.com\\\/produit\\\/abricot-vanille\\\/\"]}]},{\"@type\":\"ImageObject\",\"inLanguage\":\"en-US\",\"@id\":\"https:\\\/\\\/angelomusa.com\\\/produit\\\/abricot-vanille\\\/#primaryimage\",\"url\":\"https:\\\/\\\/angelomusa.com\\\/wp-content\\\/uploads\\\/2026\\\/02\\\/Boutique_Confiture-Abricot-Vanille.jpg\",\"contentUrl\":\"https:\\\/\\\/angelomusa.com\\\/wp-content\\\/uploads\\\/2026\\\/02\\\/Boutique_Confiture-Abricot-Vanille.jpg\",\"width\":1000,\"height\":1000,\"caption\":\"Abricot Vanille\"},{\"@type\":\"BreadcrumbList\",\"@id\":\"https:\\\/\\\/angelomusa.com\\\/produit\\\/abricot-vanille\\\/#breadcrumb\",\"itemListElement\":[{\"@type\":\"ListItem\",\"position\":1,\"name\":\"Accueil\",\"item\":\"https:\\\/\\\/angelomusa.com\\\/\"},{\"@type\":\"ListItem\",\"position\":2,\"name\":\"La Boutique\",\"item\":\"https:\\\/\\\/www.angelomusa.com\\\/la-boutique\\\/\"},{\"@type\":\"ListItem\",\"position\":3,\"name\":\"Abricot Vanille\"}]},{\"@type\":\"WebSite\",\"@id\":\"https:\\\/\\\/www.angelomusa.com\\\/#website\",\"url\":\"https:\\\/\\\/www.angelomusa.com\\\/\",\"name\":\"Angelo Musa\",\"description\":\"L\u2019art de la p\u00e2tisserie sublim\u00e9e par un Meilleur Ouvrier de France\",\"publisher\":{\"@id\":\"https:\\\/\\\/www.angelomusa.com\\\/#organization\"},\"potentialAction\":[{\"@type\":\"SearchAction\",\"target\":{\"@type\":\"EntryPoint\",\"urlTemplate\":\"https:\\\/\\\/www.angelomusa.com\\\/?s={search_term_string}\"},\"query-input\":{\"@type\":\"PropertyValueSpecification\",\"valueRequired\":true,\"valueName\":\"search_term_string\"}}],\"inLanguage\":\"en-US\"},{\"@type\":\"Organization\",\"@id\":\"https:\\\/\\\/www.angelomusa.com\\\/#organization\",\"name\":\"Angelo Musa\",\"url\":\"https:\\\/\\\/www.angelomusa.com\\\/\",\"logo\":{\"@type\":\"ImageObject\",\"inLanguage\":\"en-US\",\"@id\":\"https:\\\/\\\/www.angelomusa.com\\\/#\\\/schema\\\/logo\\\/image\\\/\",\"url\":\"https:\\\/\\\/angelomusa.com\\\/wp-content\\\/uploads\\\/2024\\\/11\\\/ANGELO-MUSA-ICONE-4.png\",\"contentUrl\":\"https:\\\/\\\/angelomusa.com\\\/wp-content\\\/uploads\\\/2024\\\/11\\\/ANGELO-MUSA-ICONE-4.png\",\"width\":500,\"height\":500,\"caption\":\"Angelo Musa\"},\"image\":{\"@id\":\"https:\\\/\\\/www.angelomusa.com\\\/#\\\/schema\\\/logo\\\/image\\\/\"}}]}<\/script>\n<!-- \/ Yoast SEO plugin. -->","yoast_head_json":{"title":"Abricot Vanille - Angelo Musa","description":"Une chair douce sucr\u00e9e, l'abricot fait partie des fruits pr\u00e9f\u00e9r\u00e9s. Ici son go\u00fbt g\u00e9n\u00e9reux est associ\u00e9 \u00e0 la vanille Bourbon de Madagascar. Des saveurs suaves.","robots":{"index":"index","follow":"follow","max-snippet":"max-snippet:-1","max-image-preview":"max-image-preview:large","max-video-preview":"max-video-preview:-1"},"canonical":"https:\/\/angelomusa.com\/en\/produit\/abricot-vanille\/","og_locale":"en_US","og_type":"article","og_title":"Abricot Vanille - Angelo Musa","og_description":"Une chair douce sucr\u00e9e, l'abricot fait partie des fruits pr\u00e9f\u00e9r\u00e9s. Ici son go\u00fbt g\u00e9n\u00e9reux est associ\u00e9 \u00e0 la vanille Bourbon de Madagascar. Des saveurs suaves.","og_url":"https:\/\/angelomusa.com\/en\/produit\/abricot-vanille\/","og_site_name":"Angelo Musa","article_modified_time":"2026-02-19T19:22:04+00:00","og_image":[{"width":1000,"height":1000,"url":"https:\/\/angelomusa.com\/wp-content\/uploads\/2026\/02\/Boutique_Confiture-Abricot-Vanille.jpg","type":"image\/jpeg"}],"twitter_card":"summary_large_image","twitter_misc":{"Est. reading time":"1 minute"},"schema":{"@context":"https:\/\/schema.org","@graph":[{"@type":"WebPage","@id":"https:\/\/angelomusa.com\/produit\/abricot-vanille\/","url":"https:\/\/angelomusa.com\/produit\/abricot-vanille\/","name":"Abricot Vanille - Angelo Musa","isPartOf":{"@id":"https:\/\/www.angelomusa.com\/#website"},"primaryImageOfPage":{"@id":"https:\/\/angelomusa.com\/produit\/abricot-vanille\/#primaryimage"},"image":{"@id":"https:\/\/angelomusa.com\/produit\/abricot-vanille\/#primaryimage"},"thumbnailUrl":"https:\/\/angelomusa.com\/wp-content\/uploads\/2026\/02\/Boutique_Confiture-Abricot-Vanille.jpg","datePublished":"2023-07-18T08:48:37+00:00","dateModified":"2026-02-19T19:22:04+00:00","description":"Une chair douce sucr\u00e9e, l'abricot fait partie des fruits pr\u00e9f\u00e9r\u00e9s. Ici son go\u00fbt g\u00e9n\u00e9reux est associ\u00e9 \u00e0 la vanille Bourbon de Madagascar. Des saveurs suaves.","breadcrumb":{"@id":"https:\/\/angelomusa.com\/produit\/abricot-vanille\/#breadcrumb"},"inLanguage":"en-US","potentialAction":[{"@type":"ReadAction","target":["https:\/\/angelomusa.com\/produit\/abricot-vanille\/"]}]},{"@type":"ImageObject","inLanguage":"en-US","@id":"https:\/\/angelomusa.com\/produit\/abricot-vanille\/#primaryimage","url":"https:\/\/angelomusa.com\/wp-content\/uploads\/2026\/02\/Boutique_Confiture-Abricot-Vanille.jpg","contentUrl":"https:\/\/angelomusa.com\/wp-content\/uploads\/2026\/02\/Boutique_Confiture-Abricot-Vanille.jpg","width":1000,"height":1000,"caption":"Abricot Vanille"},{"@type":"BreadcrumbList","@id":"https:\/\/angelomusa.com\/produit\/abricot-vanille\/#breadcrumb","itemListElement":[{"@type":"ListItem","position":1,"name":"Accueil","item":"https:\/\/angelomusa.com\/"},{"@type":"ListItem","position":2,"name":"La Boutique","item":"https:\/\/www.angelomusa.com\/la-boutique\/"},{"@type":"ListItem","position":3,"name":"Abricot Vanille"}]},{"@type":"WebSite","@id":"https:\/\/www.angelomusa.com\/#website","url":"https:\/\/www.angelomusa.com\/","name":"Angelo Musa","description":"L\u2019art de la p\u00e2tisserie sublim\u00e9e par un Meilleur Ouvrier de France","publisher":{"@id":"https:\/\/www.angelomusa.com\/#organization"},"potentialAction":[{"@type":"SearchAction","target":{"@type":"EntryPoint","urlTemplate":"https:\/\/www.angelomusa.com\/?s={search_term_string}"},"query-input":{"@type":"PropertyValueSpecification","valueRequired":true,"valueName":"search_term_string"}}],"inLanguage":"en-US"},{"@type":"Organization","@id":"https:\/\/www.angelomusa.com\/#organization","name":"Angelo Musa","url":"https:\/\/www.angelomusa.com\/","logo":{"@type":"ImageObject","inLanguage":"en-US","@id":"https:\/\/www.angelomusa.com\/#\/schema\/logo\/image\/","url":"https:\/\/angelomusa.com\/wp-content\/uploads\/2024\/11\/ANGELO-MUSA-ICONE-4.png","contentUrl":"https:\/\/angelomusa.com\/wp-content\/uploads\/2024\/11\/ANGELO-MUSA-ICONE-4.png","width":500,"height":500,"caption":"Angelo Musa"},"image":{"@id":"https:\/\/www.angelomusa.com\/#\/schema\/logo\/image\/"}}]}},"_links":{"self":[{"href":"https:\/\/angelomusa.com\/en\/wp-json\/wp\/v2\/product\/212","targetHints":{"allow":["GET"]}}],"collection":[{"href":"https:\/\/angelomusa.com\/en\/wp-json\/wp\/v2\/product"}],"about":[{"href":"https:\/\/angelomusa.com\/en\/wp-json\/wp\/v2\/types\/product"}],"replies":[{"embeddable":true,"href":"https:\/\/angelomusa.com\/en\/wp-json\/wp\/v2\/comments?post=212"}],"wp:featuredmedia":[{"embeddable":true,"href":"https:\/\/angelomusa.com\/en\/wp-json\/wp\/v2\/media\/5842"}],"wp:attachment":[{"href":"https:\/\/angelomusa.com\/en\/wp-json\/wp\/v2\/media?parent=212"}],"wp:term":[{"taxonomy":"product_brand","embeddable":true,"href":"https:\/\/angelomusa.com\/en\/wp-json\/wp\/v2\/product_brand?post=212"},{"taxonomy":"product_cat","embeddable":true,"href":"https:\/\/angelomusa.com\/en\/wp-json\/wp\/v2\/product_cat?post=212"},{"taxonomy":"product_tag","embeddable":true,"href":"https:\/\/angelomusa.com\/en\/wp-json\/wp\/v2\/product_tag?post=212"}],"curies":[{"name":"wp","href":"https:\/\/api.w.org\/{rel}","templated":true}]}}