{"id":206,"date":"2025-04-11T10:38:36","date_gmt":"2025-04-11T08:38:36","guid":{"rendered":"https:\/\/angelomusa.com\/?post_type=product&#038;p=206"},"modified":"2026-04-02T11:17:07","modified_gmt":"2026-04-02T09:17:07","slug":"citron-meyer","status":"publish","type":"product","link":"https:\/\/angelomusa.com\/en\/product\/citron-meyer\/","title":{"rendered":"Citron Meyer"},"content":{"rendered":"<p>Recette artisanale d\u2019une pr\u00e9paration de fruits o\u00f9 la confiture laisse toute sa place aux saveurs originelles.<\/p>\n<p>Une chair tendre qui offre un parfum aussi fruit\u00e9 que floral. Peu acidul\u00e9, l\u00e9g\u00e8rement sucr\u00e9, le citron Meyer est appr\u00e9ci\u00e9 pour la douceur de ses ar\u00f4mes dont le Chef se plait \u00e0 les explorer depuis le zeste, au jus et \u00e0 sa pulpe.<\/p>\n<p>Confectionn\u00e9e suivant les saisons et dans les r\u00e8gles de l\u2019art par le Chef Angelo Musa, &#8221;La confiture&#8221; offre une gamme compl\u00e8te de flaveurs et d\u2019associations raffin\u00e9es.<\/p>","protected":false},"excerpt":{"rendered":"<p>Gorg\u00e9 de parfums, \u00e0 mi-chemin entre le citron et l\u2019orange, ses saveurs plus douces et sa chair charnue font du citron Meyer un des agrumes les plus populaires. Une confiture aux ar\u00f4mes d\u00e9licats et sucr\u00e9s.<\/p>","protected":false},"featured_media":5670,"comment_status":"closed","ping_status":"closed","template":"","meta":[],"product_brand":[],"product_cat":[21,45],"product_tag":[],"class_list":{"0":"post-206","1":"product","2":"type-product","3":"status-publish","4":"has-post-thumbnail","6":"product_cat-automne-hiver","7":"product_cat-confitures","9":"first","10":"instock","11":"taxable","12":"shipping-taxable","13":"purchasable","14":"product-type-simple"},"yoast_head":"<!-- This site is optimized with the Yoast SEO plugin v27.5 - https:\/\/yoast.com\/product\/yoast-seo-wordpress\/ -->\n<title>Citron Meyer - Angelo Musa<\/title>\n<meta name=\"description\" content=\"Le citron Meyer est unique par ses ar\u00f4mes de fruits et de fleurs. Peu acidul\u00e9 et m\u00eame sucr\u00e9, il est un agrume qui s\u00e9duits les palais \u00e0 la premi\u00e8re cuill\u00e8re.\" \/>\n<meta name=\"robots\" content=\"index, follow, max-snippet:-1, max-image-preview:large, max-video-preview:-1\" \/>\n<link rel=\"canonical\" href=\"https:\/\/angelomusa.com\/en\/product\/citron-meyer\/\" \/>\n<meta property=\"og:locale\" content=\"en_US\" \/>\n<meta property=\"og:type\" content=\"article\" \/>\n<meta property=\"og:title\" content=\"Citron Meyer - Angelo Musa\" \/>\n<meta property=\"og:description\" content=\"Le citron Meyer est unique par ses ar\u00f4mes de fruits et de fleurs. Peu acidul\u00e9 et m\u00eame sucr\u00e9, il est un agrume qui s\u00e9duits les palais \u00e0 la premi\u00e8re cuill\u00e8re.\" \/>\n<meta property=\"og:url\" content=\"https:\/\/angelomusa.com\/en\/product\/citron-meyer\/\" \/>\n<meta property=\"og:site_name\" content=\"Angelo Musa\" \/>\n<meta property=\"article:modified_time\" content=\"2026-04-02T09:17:07+00:00\" \/>\n<meta property=\"og:image\" content=\"https:\/\/angelomusa.com\/wp-content\/uploads\/2025\/04\/Boutique-Confiture_Citron_Meyer.jpg\" \/>\n\t<meta property=\"og:image:width\" content=\"800\" \/>\n\t<meta property=\"og:image:height\" content=\"800\" \/>\n\t<meta property=\"og:image:type\" content=\"image\/jpeg\" \/>\n<meta name=\"twitter:card\" content=\"summary_large_image\" \/>\n<meta name=\"twitter:label1\" content=\"Est. reading time\" \/>\n\t<meta name=\"twitter:data1\" content=\"1 minute\" \/>\n<script type=\"application\/ld+json\" class=\"yoast-schema-graph\">{\"@context\":\"https:\\\/\\\/schema.org\",\"@graph\":[{\"@type\":\"WebPage\",\"@id\":\"https:\\\/\\\/angelomusa.com\\\/produit\\\/citron-meyer\\\/\",\"url\":\"https:\\\/\\\/angelomusa.com\\\/produit\\\/citron-meyer\\\/\",\"name\":\"Citron Meyer - Angelo Musa\",\"isPartOf\":{\"@id\":\"https:\\\/\\\/www.angelomusa.com\\\/#website\"},\"primaryImageOfPage\":{\"@id\":\"https:\\\/\\\/angelomusa.com\\\/produit\\\/citron-meyer\\\/#primaryimage\"},\"image\":{\"@id\":\"https:\\\/\\\/angelomusa.com\\\/produit\\\/citron-meyer\\\/#primaryimage\"},\"thumbnailUrl\":\"https:\\\/\\\/angelomusa.com\\\/wp-content\\\/uploads\\\/2025\\\/04\\\/Boutique-Confiture_Citron_Meyer.jpg\",\"datePublished\":\"2025-04-11T08:38:36+00:00\",\"dateModified\":\"2026-04-02T09:17:07+00:00\",\"description\":\"Le citron Meyer est unique par ses ar\u00f4mes de fruits et de fleurs. Peu acidul\u00e9 et m\u00eame sucr\u00e9, il est un agrume qui s\u00e9duits les palais \u00e0 la premi\u00e8re cuill\u00e8re.\",\"breadcrumb\":{\"@id\":\"https:\\\/\\\/angelomusa.com\\\/produit\\\/citron-meyer\\\/#breadcrumb\"},\"inLanguage\":\"en-US\",\"potentialAction\":[{\"@type\":\"ReadAction\",\"target\":[\"https:\\\/\\\/angelomusa.com\\\/produit\\\/citron-meyer\\\/\"]}]},{\"@type\":\"ImageObject\",\"inLanguage\":\"en-US\",\"@id\":\"https:\\\/\\\/angelomusa.com\\\/produit\\\/citron-meyer\\\/#primaryimage\",\"url\":\"https:\\\/\\\/angelomusa.com\\\/wp-content\\\/uploads\\\/2025\\\/04\\\/Boutique-Confiture_Citron_Meyer.jpg\",\"contentUrl\":\"https:\\\/\\\/angelomusa.com\\\/wp-content\\\/uploads\\\/2025\\\/04\\\/Boutique-Confiture_Citron_Meyer.jpg\",\"width\":800,\"height\":800,\"caption\":\"Confiture Citron Meyer\"},{\"@type\":\"BreadcrumbList\",\"@id\":\"https:\\\/\\\/angelomusa.com\\\/produit\\\/citron-meyer\\\/#breadcrumb\",\"itemListElement\":[{\"@type\":\"ListItem\",\"position\":1,\"name\":\"Accueil\",\"item\":\"https:\\\/\\\/angelomusa.com\\\/\"},{\"@type\":\"ListItem\",\"position\":2,\"name\":\"La Boutique\",\"item\":\"https:\\\/\\\/www.angelomusa.com\\\/la-boutique\\\/\"},{\"@type\":\"ListItem\",\"position\":3,\"name\":\"Citron Meyer\"}]},{\"@type\":\"WebSite\",\"@id\":\"https:\\\/\\\/www.angelomusa.com\\\/#website\",\"url\":\"https:\\\/\\\/www.angelomusa.com\\\/\",\"name\":\"Angelo Musa\",\"description\":\"L\u2019art de la p\u00e2tisserie sublim\u00e9e par un Meilleur Ouvrier de France\",\"publisher\":{\"@id\":\"https:\\\/\\\/www.angelomusa.com\\\/#organization\"},\"potentialAction\":[{\"@type\":\"SearchAction\",\"target\":{\"@type\":\"EntryPoint\",\"urlTemplate\":\"https:\\\/\\\/www.angelomusa.com\\\/?s={search_term_string}\"},\"query-input\":{\"@type\":\"PropertyValueSpecification\",\"valueRequired\":true,\"valueName\":\"search_term_string\"}}],\"inLanguage\":\"en-US\"},{\"@type\":\"Organization\",\"@id\":\"https:\\\/\\\/www.angelomusa.com\\\/#organization\",\"name\":\"Angelo Musa\",\"url\":\"https:\\\/\\\/www.angelomusa.com\\\/\",\"logo\":{\"@type\":\"ImageObject\",\"inLanguage\":\"en-US\",\"@id\":\"https:\\\/\\\/www.angelomusa.com\\\/#\\\/schema\\\/logo\\\/image\\\/\",\"url\":\"https:\\\/\\\/angelomusa.com\\\/wp-content\\\/uploads\\\/2024\\\/11\\\/ANGELO-MUSA-ICONE-4.png\",\"contentUrl\":\"https:\\\/\\\/angelomusa.com\\\/wp-content\\\/uploads\\\/2024\\\/11\\\/ANGELO-MUSA-ICONE-4.png\",\"width\":500,\"height\":500,\"caption\":\"Angelo Musa\"},\"image\":{\"@id\":\"https:\\\/\\\/www.angelomusa.com\\\/#\\\/schema\\\/logo\\\/image\\\/\"}}]}<\/script>\n<!-- \/ Yoast SEO plugin. -->","yoast_head_json":{"title":"Citron Meyer - Angelo Musa","description":"Le citron Meyer est unique par ses ar\u00f4mes de fruits et de fleurs. Peu acidul\u00e9 et m\u00eame sucr\u00e9, il est un agrume qui s\u00e9duits les palais \u00e0 la premi\u00e8re cuill\u00e8re.","robots":{"index":"index","follow":"follow","max-snippet":"max-snippet:-1","max-image-preview":"max-image-preview:large","max-video-preview":"max-video-preview:-1"},"canonical":"https:\/\/angelomusa.com\/en\/product\/citron-meyer\/","og_locale":"en_US","og_type":"article","og_title":"Citron Meyer - Angelo Musa","og_description":"Le citron Meyer est unique par ses ar\u00f4mes de fruits et de fleurs. Peu acidul\u00e9 et m\u00eame sucr\u00e9, il est un agrume qui s\u00e9duits les palais \u00e0 la premi\u00e8re cuill\u00e8re.","og_url":"https:\/\/angelomusa.com\/en\/product\/citron-meyer\/","og_site_name":"Angelo Musa","article_modified_time":"2026-04-02T09:17:07+00:00","og_image":[{"width":800,"height":800,"url":"https:\/\/angelomusa.com\/wp-content\/uploads\/2025\/04\/Boutique-Confiture_Citron_Meyer.jpg","type":"image\/jpeg"}],"twitter_card":"summary_large_image","twitter_misc":{"Est. reading time":"1 minute"},"schema":{"@context":"https:\/\/schema.org","@graph":[{"@type":"WebPage","@id":"https:\/\/angelomusa.com\/produit\/citron-meyer\/","url":"https:\/\/angelomusa.com\/produit\/citron-meyer\/","name":"Citron Meyer - Angelo Musa","isPartOf":{"@id":"https:\/\/www.angelomusa.com\/#website"},"primaryImageOfPage":{"@id":"https:\/\/angelomusa.com\/produit\/citron-meyer\/#primaryimage"},"image":{"@id":"https:\/\/angelomusa.com\/produit\/citron-meyer\/#primaryimage"},"thumbnailUrl":"https:\/\/angelomusa.com\/wp-content\/uploads\/2025\/04\/Boutique-Confiture_Citron_Meyer.jpg","datePublished":"2025-04-11T08:38:36+00:00","dateModified":"2026-04-02T09:17:07+00:00","description":"Le citron Meyer est unique par ses ar\u00f4mes de fruits et de fleurs. Peu acidul\u00e9 et m\u00eame sucr\u00e9, il est un agrume qui s\u00e9duits les palais \u00e0 la premi\u00e8re cuill\u00e8re.","breadcrumb":{"@id":"https:\/\/angelomusa.com\/produit\/citron-meyer\/#breadcrumb"},"inLanguage":"en-US","potentialAction":[{"@type":"ReadAction","target":["https:\/\/angelomusa.com\/produit\/citron-meyer\/"]}]},{"@type":"ImageObject","inLanguage":"en-US","@id":"https:\/\/angelomusa.com\/produit\/citron-meyer\/#primaryimage","url":"https:\/\/angelomusa.com\/wp-content\/uploads\/2025\/04\/Boutique-Confiture_Citron_Meyer.jpg","contentUrl":"https:\/\/angelomusa.com\/wp-content\/uploads\/2025\/04\/Boutique-Confiture_Citron_Meyer.jpg","width":800,"height":800,"caption":"Confiture Citron Meyer"},{"@type":"BreadcrumbList","@id":"https:\/\/angelomusa.com\/produit\/citron-meyer\/#breadcrumb","itemListElement":[{"@type":"ListItem","position":1,"name":"Accueil","item":"https:\/\/angelomusa.com\/"},{"@type":"ListItem","position":2,"name":"La Boutique","item":"https:\/\/www.angelomusa.com\/la-boutique\/"},{"@type":"ListItem","position":3,"name":"Citron Meyer"}]},{"@type":"WebSite","@id":"https:\/\/www.angelomusa.com\/#website","url":"https:\/\/www.angelomusa.com\/","name":"Angelo Musa","description":"L\u2019art de la p\u00e2tisserie sublim\u00e9e par un Meilleur Ouvrier de France","publisher":{"@id":"https:\/\/www.angelomusa.com\/#organization"},"potentialAction":[{"@type":"SearchAction","target":{"@type":"EntryPoint","urlTemplate":"https:\/\/www.angelomusa.com\/?s={search_term_string}"},"query-input":{"@type":"PropertyValueSpecification","valueRequired":true,"valueName":"search_term_string"}}],"inLanguage":"en-US"},{"@type":"Organization","@id":"https:\/\/www.angelomusa.com\/#organization","name":"Angelo Musa","url":"https:\/\/www.angelomusa.com\/","logo":{"@type":"ImageObject","inLanguage":"en-US","@id":"https:\/\/www.angelomusa.com\/#\/schema\/logo\/image\/","url":"https:\/\/angelomusa.com\/wp-content\/uploads\/2024\/11\/ANGELO-MUSA-ICONE-4.png","contentUrl":"https:\/\/angelomusa.com\/wp-content\/uploads\/2024\/11\/ANGELO-MUSA-ICONE-4.png","width":500,"height":500,"caption":"Angelo Musa"},"image":{"@id":"https:\/\/www.angelomusa.com\/#\/schema\/logo\/image\/"}}]}},"_links":{"self":[{"href":"https:\/\/angelomusa.com\/en\/wp-json\/wp\/v2\/product\/206","targetHints":{"allow":["GET"]}}],"collection":[{"href":"https:\/\/angelomusa.com\/en\/wp-json\/wp\/v2\/product"}],"about":[{"href":"https:\/\/angelomusa.com\/en\/wp-json\/wp\/v2\/types\/product"}],"replies":[{"embeddable":true,"href":"https:\/\/angelomusa.com\/en\/wp-json\/wp\/v2\/comments?post=206"}],"wp:featuredmedia":[{"embeddable":true,"href":"https:\/\/angelomusa.com\/en\/wp-json\/wp\/v2\/media\/5670"}],"wp:attachment":[{"href":"https:\/\/angelomusa.com\/en\/wp-json\/wp\/v2\/media?parent=206"}],"wp:term":[{"taxonomy":"product_brand","embeddable":true,"href":"https:\/\/angelomusa.com\/en\/wp-json\/wp\/v2\/product_brand?post=206"},{"taxonomy":"product_cat","embeddable":true,"href":"https:\/\/angelomusa.com\/en\/wp-json\/wp\/v2\/product_cat?post=206"},{"taxonomy":"product_tag","embeddable":true,"href":"https:\/\/angelomusa.com\/en\/wp-json\/wp\/v2\/product_tag?post=206"}],"curies":[{"name":"wp","href":"https:\/\/api.w.org\/{rel}","templated":true}]}}