{"id":195,"date":"2023-07-18T10:08:27","date_gmt":"2023-07-18T08:08:27","guid":{"rendered":"https:\/\/angelomusa.com\/?post_type=product&#038;p=195"},"modified":"2026-02-02T08:02:58","modified_gmt":"2026-02-02T07:02:58","slug":"poire-vanille","status":"publish","type":"product","link":"https:\/\/angelomusa.com\/en\/product\/poire-vanille\/","title":{"rendered":"Poire Vanille"},"content":{"rendered":"<p>Recette artisanale d\u2019une pr\u00e9paration de fruits o\u00f9 la confiture laisse toute sa place aux saveurs originelles.<\/p>\n<p>Appr\u00e9ci\u00e9es pour leurs parfums doux et ronds, la poire et la vanille se marient pour nous offrir le meilleur des deux mondes\u2026 D\u00e9j\u00e0 pl\u00e9biscit\u00e9e, elle sera bient\u00f4t un des incontournables de votre table.<\/p>\n<p>Confectionn\u00e9e suivant les saisons et dans les r\u00e8gles de l\u2019art par le Chef Angelo Musa, &#8221;La confiture&#8221; offre une gamme compl\u00e8te de flaveurs et d\u2019associations raffin\u00e9es.<\/p>","protected":false},"excerpt":{"rendered":"<p>La poire, naturellement sucr\u00e9e, juteuse, tendre\u2026 Un p\u00e9ch\u00e9 mignon dont la gourmandise est compl\u00e9t\u00e9e par l\u2019intensit\u00e9 des ar\u00f4mes d\u2019une belle vanille Bourbon de Madagascar !<\/p>","protected":false},"featured_media":5830,"comment_status":"closed","ping_status":"closed","template":"","meta":[],"product_brand":[],"product_cat":[21,45],"product_tag":[],"class_list":{"0":"post-195","1":"product","2":"type-product","3":"status-publish","4":"has-post-thumbnail","6":"product_cat-automne-hiver","7":"product_cat-confitures","9":"first","10":"instock","11":"taxable","12":"shipping-taxable","13":"purchasable","14":"product-type-simple"},"yoast_head":"<!-- This site is optimized with the Yoast SEO plugin v27.5 - https:\/\/yoast.com\/product\/yoast-seo-wordpress\/ -->\n<title>Poire Vanille - Angelo Musa<\/title>\n<meta name=\"description\" content=\"Des saveurs douces et rondes, la poire se marie \u00e0 une gourmande vanille Bourbon de Madagascar pour une confiture de fruits au go\u00fbt g\u00e9n\u00e9reux et r\u00e9confortant.\" \/>\n<meta name=\"robots\" content=\"index, follow, max-snippet:-1, max-image-preview:large, max-video-preview:-1\" \/>\n<link rel=\"canonical\" href=\"https:\/\/angelomusa.com\/en\/product\/poire-vanille\/\" \/>\n<meta property=\"og:locale\" content=\"en_US\" \/>\n<meta property=\"og:type\" content=\"article\" \/>\n<meta property=\"og:title\" content=\"Poire Vanille - Angelo Musa\" \/>\n<meta property=\"og:description\" content=\"Des saveurs douces et rondes, la poire se marie \u00e0 une gourmande vanille Bourbon de Madagascar pour une confiture de fruits au go\u00fbt g\u00e9n\u00e9reux et r\u00e9confortant.\" \/>\n<meta property=\"og:url\" content=\"https:\/\/angelomusa.com\/en\/product\/poire-vanille\/\" \/>\n<meta property=\"og:site_name\" content=\"Angelo Musa\" \/>\n<meta property=\"article:modified_time\" content=\"2026-02-02T07:02:58+00:00\" \/>\n<meta property=\"og:image\" content=\"https:\/\/angelomusa.com\/wp-content\/uploads\/2026\/01\/Boutique-Confiture_Poire_Vanille.jpg\" \/>\n\t<meta property=\"og:image:width\" content=\"1000\" \/>\n\t<meta property=\"og:image:height\" content=\"1000\" \/>\n\t<meta property=\"og:image:type\" content=\"image\/jpeg\" \/>\n<meta name=\"twitter:card\" content=\"summary_large_image\" \/>\n<meta name=\"twitter:label1\" content=\"Est. reading time\" \/>\n\t<meta name=\"twitter:data1\" content=\"1 minute\" \/>\n<script type=\"application\/ld+json\" class=\"yoast-schema-graph\">{\"@context\":\"https:\\\/\\\/schema.org\",\"@graph\":[{\"@type\":\"WebPage\",\"@id\":\"https:\\\/\\\/angelomusa.com\\\/produit\\\/poire-vanille\\\/\",\"url\":\"https:\\\/\\\/angelomusa.com\\\/produit\\\/poire-vanille\\\/\",\"name\":\"Poire Vanille - Angelo Musa\",\"isPartOf\":{\"@id\":\"https:\\\/\\\/www.angelomusa.com\\\/#website\"},\"primaryImageOfPage\":{\"@id\":\"https:\\\/\\\/angelomusa.com\\\/produit\\\/poire-vanille\\\/#primaryimage\"},\"image\":{\"@id\":\"https:\\\/\\\/angelomusa.com\\\/produit\\\/poire-vanille\\\/#primaryimage\"},\"thumbnailUrl\":\"https:\\\/\\\/angelomusa.com\\\/wp-content\\\/uploads\\\/2026\\\/01\\\/Boutique-Confiture_Poire_Vanille.jpg\",\"datePublished\":\"2023-07-18T08:08:27+00:00\",\"dateModified\":\"2026-02-02T07:02:58+00:00\",\"description\":\"Des saveurs douces et rondes, la poire se marie \u00e0 une gourmande vanille Bourbon de Madagascar pour une confiture de fruits au go\u00fbt g\u00e9n\u00e9reux et r\u00e9confortant.\",\"breadcrumb\":{\"@id\":\"https:\\\/\\\/angelomusa.com\\\/produit\\\/poire-vanille\\\/#breadcrumb\"},\"inLanguage\":\"en-US\",\"potentialAction\":[{\"@type\":\"ReadAction\",\"target\":[\"https:\\\/\\\/angelomusa.com\\\/produit\\\/poire-vanille\\\/\"]}]},{\"@type\":\"ImageObject\",\"inLanguage\":\"en-US\",\"@id\":\"https:\\\/\\\/angelomusa.com\\\/produit\\\/poire-vanille\\\/#primaryimage\",\"url\":\"https:\\\/\\\/angelomusa.com\\\/wp-content\\\/uploads\\\/2026\\\/01\\\/Boutique-Confiture_Poire_Vanille.jpg\",\"contentUrl\":\"https:\\\/\\\/angelomusa.com\\\/wp-content\\\/uploads\\\/2026\\\/01\\\/Boutique-Confiture_Poire_Vanille.jpg\",\"width\":1000,\"height\":1000,\"caption\":\"Confiture Poire Vanille\"},{\"@type\":\"BreadcrumbList\",\"@id\":\"https:\\\/\\\/angelomusa.com\\\/produit\\\/poire-vanille\\\/#breadcrumb\",\"itemListElement\":[{\"@type\":\"ListItem\",\"position\":1,\"name\":\"Accueil\",\"item\":\"https:\\\/\\\/angelomusa.com\\\/\"},{\"@type\":\"ListItem\",\"position\":2,\"name\":\"La Boutique\",\"item\":\"https:\\\/\\\/www.angelomusa.com\\\/la-boutique\\\/\"},{\"@type\":\"ListItem\",\"position\":3,\"name\":\"Poire Vanille\"}]},{\"@type\":\"WebSite\",\"@id\":\"https:\\\/\\\/www.angelomusa.com\\\/#website\",\"url\":\"https:\\\/\\\/www.angelomusa.com\\\/\",\"name\":\"Angelo Musa\",\"description\":\"L\u2019art de la p\u00e2tisserie sublim\u00e9e par un Meilleur Ouvrier de France\",\"publisher\":{\"@id\":\"https:\\\/\\\/www.angelomusa.com\\\/#organization\"},\"potentialAction\":[{\"@type\":\"SearchAction\",\"target\":{\"@type\":\"EntryPoint\",\"urlTemplate\":\"https:\\\/\\\/www.angelomusa.com\\\/?s={search_term_string}\"},\"query-input\":{\"@type\":\"PropertyValueSpecification\",\"valueRequired\":true,\"valueName\":\"search_term_string\"}}],\"inLanguage\":\"en-US\"},{\"@type\":\"Organization\",\"@id\":\"https:\\\/\\\/www.angelomusa.com\\\/#organization\",\"name\":\"Angelo Musa\",\"url\":\"https:\\\/\\\/www.angelomusa.com\\\/\",\"logo\":{\"@type\":\"ImageObject\",\"inLanguage\":\"en-US\",\"@id\":\"https:\\\/\\\/www.angelomusa.com\\\/#\\\/schema\\\/logo\\\/image\\\/\",\"url\":\"https:\\\/\\\/angelomusa.com\\\/wp-content\\\/uploads\\\/2024\\\/11\\\/ANGELO-MUSA-ICONE-4.png\",\"contentUrl\":\"https:\\\/\\\/angelomusa.com\\\/wp-content\\\/uploads\\\/2024\\\/11\\\/ANGELO-MUSA-ICONE-4.png\",\"width\":500,\"height\":500,\"caption\":\"Angelo Musa\"},\"image\":{\"@id\":\"https:\\\/\\\/www.angelomusa.com\\\/#\\\/schema\\\/logo\\\/image\\\/\"}}]}<\/script>\n<!-- \/ Yoast SEO plugin. -->","yoast_head_json":{"title":"Poire Vanille - Angelo Musa","description":"Des saveurs douces et rondes, la poire se marie \u00e0 une gourmande vanille Bourbon de Madagascar pour une confiture de fruits au go\u00fbt g\u00e9n\u00e9reux et r\u00e9confortant.","robots":{"index":"index","follow":"follow","max-snippet":"max-snippet:-1","max-image-preview":"max-image-preview:large","max-video-preview":"max-video-preview:-1"},"canonical":"https:\/\/angelomusa.com\/en\/product\/poire-vanille\/","og_locale":"en_US","og_type":"article","og_title":"Poire Vanille - Angelo Musa","og_description":"Des saveurs douces et rondes, la poire se marie \u00e0 une gourmande vanille Bourbon de Madagascar pour une confiture de fruits au go\u00fbt g\u00e9n\u00e9reux et r\u00e9confortant.","og_url":"https:\/\/angelomusa.com\/en\/product\/poire-vanille\/","og_site_name":"Angelo Musa","article_modified_time":"2026-02-02T07:02:58+00:00","og_image":[{"width":1000,"height":1000,"url":"https:\/\/angelomusa.com\/wp-content\/uploads\/2026\/01\/Boutique-Confiture_Poire_Vanille.jpg","type":"image\/jpeg"}],"twitter_card":"summary_large_image","twitter_misc":{"Est. reading time":"1 minute"},"schema":{"@context":"https:\/\/schema.org","@graph":[{"@type":"WebPage","@id":"https:\/\/angelomusa.com\/produit\/poire-vanille\/","url":"https:\/\/angelomusa.com\/produit\/poire-vanille\/","name":"Poire Vanille - Angelo Musa","isPartOf":{"@id":"https:\/\/www.angelomusa.com\/#website"},"primaryImageOfPage":{"@id":"https:\/\/angelomusa.com\/produit\/poire-vanille\/#primaryimage"},"image":{"@id":"https:\/\/angelomusa.com\/produit\/poire-vanille\/#primaryimage"},"thumbnailUrl":"https:\/\/angelomusa.com\/wp-content\/uploads\/2026\/01\/Boutique-Confiture_Poire_Vanille.jpg","datePublished":"2023-07-18T08:08:27+00:00","dateModified":"2026-02-02T07:02:58+00:00","description":"Des saveurs douces et rondes, la poire se marie \u00e0 une gourmande vanille Bourbon de Madagascar pour une confiture de fruits au go\u00fbt g\u00e9n\u00e9reux et r\u00e9confortant.","breadcrumb":{"@id":"https:\/\/angelomusa.com\/produit\/poire-vanille\/#breadcrumb"},"inLanguage":"en-US","potentialAction":[{"@type":"ReadAction","target":["https:\/\/angelomusa.com\/produit\/poire-vanille\/"]}]},{"@type":"ImageObject","inLanguage":"en-US","@id":"https:\/\/angelomusa.com\/produit\/poire-vanille\/#primaryimage","url":"https:\/\/angelomusa.com\/wp-content\/uploads\/2026\/01\/Boutique-Confiture_Poire_Vanille.jpg","contentUrl":"https:\/\/angelomusa.com\/wp-content\/uploads\/2026\/01\/Boutique-Confiture_Poire_Vanille.jpg","width":1000,"height":1000,"caption":"Confiture Poire Vanille"},{"@type":"BreadcrumbList","@id":"https:\/\/angelomusa.com\/produit\/poire-vanille\/#breadcrumb","itemListElement":[{"@type":"ListItem","position":1,"name":"Accueil","item":"https:\/\/angelomusa.com\/"},{"@type":"ListItem","position":2,"name":"La Boutique","item":"https:\/\/www.angelomusa.com\/la-boutique\/"},{"@type":"ListItem","position":3,"name":"Poire Vanille"}]},{"@type":"WebSite","@id":"https:\/\/www.angelomusa.com\/#website","url":"https:\/\/www.angelomusa.com\/","name":"Angelo Musa","description":"L\u2019art de la p\u00e2tisserie sublim\u00e9e par un Meilleur Ouvrier de France","publisher":{"@id":"https:\/\/www.angelomusa.com\/#organization"},"potentialAction":[{"@type":"SearchAction","target":{"@type":"EntryPoint","urlTemplate":"https:\/\/www.angelomusa.com\/?s={search_term_string}"},"query-input":{"@type":"PropertyValueSpecification","valueRequired":true,"valueName":"search_term_string"}}],"inLanguage":"en-US"},{"@type":"Organization","@id":"https:\/\/www.angelomusa.com\/#organization","name":"Angelo Musa","url":"https:\/\/www.angelomusa.com\/","logo":{"@type":"ImageObject","inLanguage":"en-US","@id":"https:\/\/www.angelomusa.com\/#\/schema\/logo\/image\/","url":"https:\/\/angelomusa.com\/wp-content\/uploads\/2024\/11\/ANGELO-MUSA-ICONE-4.png","contentUrl":"https:\/\/angelomusa.com\/wp-content\/uploads\/2024\/11\/ANGELO-MUSA-ICONE-4.png","width":500,"height":500,"caption":"Angelo Musa"},"image":{"@id":"https:\/\/www.angelomusa.com\/#\/schema\/logo\/image\/"}}]}},"_links":{"self":[{"href":"https:\/\/angelomusa.com\/en\/wp-json\/wp\/v2\/product\/195","targetHints":{"allow":["GET"]}}],"collection":[{"href":"https:\/\/angelomusa.com\/en\/wp-json\/wp\/v2\/product"}],"about":[{"href":"https:\/\/angelomusa.com\/en\/wp-json\/wp\/v2\/types\/product"}],"replies":[{"embeddable":true,"href":"https:\/\/angelomusa.com\/en\/wp-json\/wp\/v2\/comments?post=195"}],"wp:featuredmedia":[{"embeddable":true,"href":"https:\/\/angelomusa.com\/en\/wp-json\/wp\/v2\/media\/5830"}],"wp:attachment":[{"href":"https:\/\/angelomusa.com\/en\/wp-json\/wp\/v2\/media?parent=195"}],"wp:term":[{"taxonomy":"product_brand","embeddable":true,"href":"https:\/\/angelomusa.com\/en\/wp-json\/wp\/v2\/product_brand?post=195"},{"taxonomy":"product_cat","embeddable":true,"href":"https:\/\/angelomusa.com\/en\/wp-json\/wp\/v2\/product_cat?post=195"},{"taxonomy":"product_tag","embeddable":true,"href":"https:\/\/angelomusa.com\/en\/wp-json\/wp\/v2\/product_tag?post=195"}],"curies":[{"name":"wp","href":"https:\/\/api.w.org\/{rel}","templated":true}]}}