{"id":194,"date":"2023-07-18T10:05:42","date_gmt":"2023-07-18T08:05:42","guid":{"rendered":"https:\/\/angelomusa.com\/?post_type=product&#038;p=194"},"modified":"2025-12-14T09:52:36","modified_gmt":"2025-12-14T08:52:36","slug":"mirabelle-de-lorraine","status":"publish","type":"product","link":"https:\/\/angelomusa.com\/en\/product\/mirabelle-de-lorraine\/","title":{"rendered":"Mirabelle de Lorraine"},"content":{"rendered":"<p>Recette artisanale d\u2019une pr\u00e9paration de fruits o\u00f9 la confiture laisse toute sa place aux saveurs originelles.<\/p>\n<p>Une robe dor\u00e9e pour des ar\u00f4mes naturellement sucr\u00e9s, la mirabelle de Lorraine de la Distillerie de M\u00e9lanie s\u2019allie ici \u00e0 la saveur d\u00e9licate du spiritueux et \u00e0 la douceur de la vanille. La petite prune de l\u2019\u00e9t\u00e9 que l\u2019on se pla\u00eet \u00e0 d\u00e9guster sans mod\u00e9ration.<\/p>\n<p>Confectionn\u00e9e suivant les saisons et dans les r\u00e8gles de l\u2019art par le Chef Angelo Musa, &#8221;La confiture&#8221; offre une gamme compl\u00e8te de flaveurs et d\u2019associations raffin\u00e9es.<\/p>","protected":false},"excerpt":{"rendered":"<p>Un parfum incontournable pour le Lorrain que je suis ! La mirabelle locale est ici rehauss\u00e9e d\u2019une <a href=\"https:\/\/www.distilleriedemelanie.fr\/fr\/\">eau-de-vie<\/a> mirabelle de Lorraine AOC et soulign\u00e9e de quelques notes de vanille Bourbon de Madagascar Une saison courte, une couleur et une d\u00e9licatesse qui en font le fruit d\u2019or de notre r\u00e9gion !<\/p>","protected":false},"featured_media":5741,"comment_status":"closed","ping_status":"closed","template":"","meta":[],"product_brand":[],"product_cat":[45,20],"product_tag":[],"class_list":{"0":"post-194","1":"product","2":"type-product","3":"status-publish","4":"has-post-thumbnail","6":"product_cat-confitures","7":"product_cat-printemps-ete","9":"first","10":"instock","11":"taxable","12":"shipping-taxable","13":"purchasable","14":"product-type-simple"},"yoast_head":"<!-- This site is optimized with the Yoast SEO plugin v27.3 - https:\/\/yoast.com\/product\/yoast-seo-wordpress\/ -->\n<title>Mirabelle de Lorraine - Angelo Musa<\/title>\n<meta name=\"description\" content=\"La populaire mirabelle de Lorraine fait partie des confitures incontournables. La liqueur de fruit vient rehausser ses saveurs et son parfum aromatique.\" \/>\n<meta name=\"robots\" content=\"index, follow, max-snippet:-1, max-image-preview:large, max-video-preview:-1\" \/>\n<link rel=\"canonical\" href=\"https:\/\/angelomusa.com\/en\/produit\/mirabelle-de-lorraine\/\" \/>\n<meta property=\"og:locale\" content=\"en_US\" \/>\n<meta property=\"og:type\" content=\"article\" \/>\n<meta property=\"og:title\" content=\"Mirabelle de Lorraine - Angelo Musa\" \/>\n<meta property=\"og:description\" content=\"La populaire mirabelle de Lorraine fait partie des confitures incontournables. La liqueur de fruit vient rehausser ses saveurs et son parfum aromatique.\" \/>\n<meta property=\"og:url\" content=\"https:\/\/angelomusa.com\/en\/produit\/mirabelle-de-lorraine\/\" \/>\n<meta property=\"og:site_name\" content=\"Angelo Musa\" \/>\n<meta property=\"article:modified_time\" content=\"2025-12-14T08:52:36+00:00\" \/>\n<meta property=\"og:image\" content=\"https:\/\/angelomusa.com\/wp-content\/uploads\/2025\/08\/Boutique-Confiture_Mirabelle-de-Lorraine.jpg\" \/>\n\t<meta property=\"og:image:width\" content=\"1200\" \/>\n\t<meta property=\"og:image:height\" content=\"1200\" \/>\n\t<meta property=\"og:image:type\" content=\"image\/jpeg\" \/>\n<meta name=\"twitter:card\" content=\"summary_large_image\" \/>\n<meta name=\"twitter:label1\" content=\"Est. reading time\" \/>\n\t<meta name=\"twitter:data1\" content=\"1 minute\" \/>\n<script type=\"application\/ld+json\" class=\"yoast-schema-graph\">{\"@context\":\"https:\\\/\\\/schema.org\",\"@graph\":[{\"@type\":\"WebPage\",\"@id\":\"https:\\\/\\\/angelomusa.com\\\/produit\\\/mirabelle-de-lorraine\\\/\",\"url\":\"https:\\\/\\\/angelomusa.com\\\/produit\\\/mirabelle-de-lorraine\\\/\",\"name\":\"Mirabelle de Lorraine - Angelo Musa\",\"isPartOf\":{\"@id\":\"https:\\\/\\\/www.angelomusa.com\\\/#website\"},\"primaryImageOfPage\":{\"@id\":\"https:\\\/\\\/angelomusa.com\\\/produit\\\/mirabelle-de-lorraine\\\/#primaryimage\"},\"image\":{\"@id\":\"https:\\\/\\\/angelomusa.com\\\/produit\\\/mirabelle-de-lorraine\\\/#primaryimage\"},\"thumbnailUrl\":\"https:\\\/\\\/angelomusa.com\\\/wp-content\\\/uploads\\\/2025\\\/08\\\/Boutique-Confiture_Mirabelle-de-Lorraine.jpg\",\"datePublished\":\"2023-07-18T08:05:42+00:00\",\"dateModified\":\"2025-12-14T08:52:36+00:00\",\"description\":\"La populaire mirabelle de Lorraine fait partie des confitures incontournables. La liqueur de fruit vient rehausser ses saveurs et son parfum aromatique.\",\"breadcrumb\":{\"@id\":\"https:\\\/\\\/angelomusa.com\\\/produit\\\/mirabelle-de-lorraine\\\/#breadcrumb\"},\"inLanguage\":\"en-US\",\"potentialAction\":[{\"@type\":\"ReadAction\",\"target\":[\"https:\\\/\\\/angelomusa.com\\\/produit\\\/mirabelle-de-lorraine\\\/\"]}]},{\"@type\":\"ImageObject\",\"inLanguage\":\"en-US\",\"@id\":\"https:\\\/\\\/angelomusa.com\\\/produit\\\/mirabelle-de-lorraine\\\/#primaryimage\",\"url\":\"https:\\\/\\\/angelomusa.com\\\/wp-content\\\/uploads\\\/2025\\\/08\\\/Boutique-Confiture_Mirabelle-de-Lorraine.jpg\",\"contentUrl\":\"https:\\\/\\\/angelomusa.com\\\/wp-content\\\/uploads\\\/2025\\\/08\\\/Boutique-Confiture_Mirabelle-de-Lorraine.jpg\",\"width\":1200,\"height\":1200,\"caption\":\"Confiture Mirabelle de Lorraine\"},{\"@type\":\"BreadcrumbList\",\"@id\":\"https:\\\/\\\/angelomusa.com\\\/produit\\\/mirabelle-de-lorraine\\\/#breadcrumb\",\"itemListElement\":[{\"@type\":\"ListItem\",\"position\":1,\"name\":\"Accueil\",\"item\":\"https:\\\/\\\/angelomusa.com\\\/\"},{\"@type\":\"ListItem\",\"position\":2,\"name\":\"La Boutique\",\"item\":\"https:\\\/\\\/www.angelomusa.com\\\/la-boutique\\\/\"},{\"@type\":\"ListItem\",\"position\":3,\"name\":\"Mirabelle de Lorraine\"}]},{\"@type\":\"WebSite\",\"@id\":\"https:\\\/\\\/www.angelomusa.com\\\/#website\",\"url\":\"https:\\\/\\\/www.angelomusa.com\\\/\",\"name\":\"Angelo Musa\",\"description\":\"L\u2019art de la p\u00e2tisserie sublim\u00e9e par un Meilleur Ouvrier de France\",\"publisher\":{\"@id\":\"https:\\\/\\\/www.angelomusa.com\\\/#organization\"},\"potentialAction\":[{\"@type\":\"SearchAction\",\"target\":{\"@type\":\"EntryPoint\",\"urlTemplate\":\"https:\\\/\\\/www.angelomusa.com\\\/?s={search_term_string}\"},\"query-input\":{\"@type\":\"PropertyValueSpecification\",\"valueRequired\":true,\"valueName\":\"search_term_string\"}}],\"inLanguage\":\"en-US\"},{\"@type\":\"Organization\",\"@id\":\"https:\\\/\\\/www.angelomusa.com\\\/#organization\",\"name\":\"Angelo Musa\",\"url\":\"https:\\\/\\\/www.angelomusa.com\\\/\",\"logo\":{\"@type\":\"ImageObject\",\"inLanguage\":\"en-US\",\"@id\":\"https:\\\/\\\/www.angelomusa.com\\\/#\\\/schema\\\/logo\\\/image\\\/\",\"url\":\"https:\\\/\\\/angelomusa.com\\\/wp-content\\\/uploads\\\/2024\\\/11\\\/ANGELO-MUSA-ICONE-4.png\",\"contentUrl\":\"https:\\\/\\\/angelomusa.com\\\/wp-content\\\/uploads\\\/2024\\\/11\\\/ANGELO-MUSA-ICONE-4.png\",\"width\":500,\"height\":500,\"caption\":\"Angelo Musa\"},\"image\":{\"@id\":\"https:\\\/\\\/www.angelomusa.com\\\/#\\\/schema\\\/logo\\\/image\\\/\"}}]}<\/script>\n<!-- \/ Yoast SEO plugin. -->","yoast_head_json":{"title":"Mirabelle de Lorraine - Angelo Musa","description":"La populaire mirabelle de Lorraine fait partie des confitures incontournables. La liqueur de fruit vient rehausser ses saveurs et son parfum aromatique.","robots":{"index":"index","follow":"follow","max-snippet":"max-snippet:-1","max-image-preview":"max-image-preview:large","max-video-preview":"max-video-preview:-1"},"canonical":"https:\/\/angelomusa.com\/en\/produit\/mirabelle-de-lorraine\/","og_locale":"en_US","og_type":"article","og_title":"Mirabelle de Lorraine - Angelo Musa","og_description":"La populaire mirabelle de Lorraine fait partie des confitures incontournables. La liqueur de fruit vient rehausser ses saveurs et son parfum aromatique.","og_url":"https:\/\/angelomusa.com\/en\/produit\/mirabelle-de-lorraine\/","og_site_name":"Angelo Musa","article_modified_time":"2025-12-14T08:52:36+00:00","og_image":[{"width":1200,"height":1200,"url":"https:\/\/angelomusa.com\/wp-content\/uploads\/2025\/08\/Boutique-Confiture_Mirabelle-de-Lorraine.jpg","type":"image\/jpeg"}],"twitter_card":"summary_large_image","twitter_misc":{"Est. reading time":"1 minute"},"schema":{"@context":"https:\/\/schema.org","@graph":[{"@type":"WebPage","@id":"https:\/\/angelomusa.com\/produit\/mirabelle-de-lorraine\/","url":"https:\/\/angelomusa.com\/produit\/mirabelle-de-lorraine\/","name":"Mirabelle de Lorraine - Angelo Musa","isPartOf":{"@id":"https:\/\/www.angelomusa.com\/#website"},"primaryImageOfPage":{"@id":"https:\/\/angelomusa.com\/produit\/mirabelle-de-lorraine\/#primaryimage"},"image":{"@id":"https:\/\/angelomusa.com\/produit\/mirabelle-de-lorraine\/#primaryimage"},"thumbnailUrl":"https:\/\/angelomusa.com\/wp-content\/uploads\/2025\/08\/Boutique-Confiture_Mirabelle-de-Lorraine.jpg","datePublished":"2023-07-18T08:05:42+00:00","dateModified":"2025-12-14T08:52:36+00:00","description":"La populaire mirabelle de Lorraine fait partie des confitures incontournables. La liqueur de fruit vient rehausser ses saveurs et son parfum aromatique.","breadcrumb":{"@id":"https:\/\/angelomusa.com\/produit\/mirabelle-de-lorraine\/#breadcrumb"},"inLanguage":"en-US","potentialAction":[{"@type":"ReadAction","target":["https:\/\/angelomusa.com\/produit\/mirabelle-de-lorraine\/"]}]},{"@type":"ImageObject","inLanguage":"en-US","@id":"https:\/\/angelomusa.com\/produit\/mirabelle-de-lorraine\/#primaryimage","url":"https:\/\/angelomusa.com\/wp-content\/uploads\/2025\/08\/Boutique-Confiture_Mirabelle-de-Lorraine.jpg","contentUrl":"https:\/\/angelomusa.com\/wp-content\/uploads\/2025\/08\/Boutique-Confiture_Mirabelle-de-Lorraine.jpg","width":1200,"height":1200,"caption":"Confiture Mirabelle de Lorraine"},{"@type":"BreadcrumbList","@id":"https:\/\/angelomusa.com\/produit\/mirabelle-de-lorraine\/#breadcrumb","itemListElement":[{"@type":"ListItem","position":1,"name":"Accueil","item":"https:\/\/angelomusa.com\/"},{"@type":"ListItem","position":2,"name":"La Boutique","item":"https:\/\/www.angelomusa.com\/la-boutique\/"},{"@type":"ListItem","position":3,"name":"Mirabelle de Lorraine"}]},{"@type":"WebSite","@id":"https:\/\/www.angelomusa.com\/#website","url":"https:\/\/www.angelomusa.com\/","name":"Angelo Musa","description":"L\u2019art de la p\u00e2tisserie sublim\u00e9e par un Meilleur Ouvrier de France","publisher":{"@id":"https:\/\/www.angelomusa.com\/#organization"},"potentialAction":[{"@type":"SearchAction","target":{"@type":"EntryPoint","urlTemplate":"https:\/\/www.angelomusa.com\/?s={search_term_string}"},"query-input":{"@type":"PropertyValueSpecification","valueRequired":true,"valueName":"search_term_string"}}],"inLanguage":"en-US"},{"@type":"Organization","@id":"https:\/\/www.angelomusa.com\/#organization","name":"Angelo Musa","url":"https:\/\/www.angelomusa.com\/","logo":{"@type":"ImageObject","inLanguage":"en-US","@id":"https:\/\/www.angelomusa.com\/#\/schema\/logo\/image\/","url":"https:\/\/angelomusa.com\/wp-content\/uploads\/2024\/11\/ANGELO-MUSA-ICONE-4.png","contentUrl":"https:\/\/angelomusa.com\/wp-content\/uploads\/2024\/11\/ANGELO-MUSA-ICONE-4.png","width":500,"height":500,"caption":"Angelo Musa"},"image":{"@id":"https:\/\/www.angelomusa.com\/#\/schema\/logo\/image\/"}}]}},"_links":{"self":[{"href":"https:\/\/angelomusa.com\/en\/wp-json\/wp\/v2\/product\/194","targetHints":{"allow":["GET"]}}],"collection":[{"href":"https:\/\/angelomusa.com\/en\/wp-json\/wp\/v2\/product"}],"about":[{"href":"https:\/\/angelomusa.com\/en\/wp-json\/wp\/v2\/types\/product"}],"replies":[{"embeddable":true,"href":"https:\/\/angelomusa.com\/en\/wp-json\/wp\/v2\/comments?post=194"}],"wp:featuredmedia":[{"embeddable":true,"href":"https:\/\/angelomusa.com\/en\/wp-json\/wp\/v2\/media\/5741"}],"wp:attachment":[{"href":"https:\/\/angelomusa.com\/en\/wp-json\/wp\/v2\/media?parent=194"}],"wp:term":[{"taxonomy":"product_brand","embeddable":true,"href":"https:\/\/angelomusa.com\/en\/wp-json\/wp\/v2\/product_brand?post=194"},{"taxonomy":"product_cat","embeddable":true,"href":"https:\/\/angelomusa.com\/en\/wp-json\/wp\/v2\/product_cat?post=194"},{"taxonomy":"product_tag","embeddable":true,"href":"https:\/\/angelomusa.com\/en\/wp-json\/wp\/v2\/product_tag?post=194"}],"curies":[{"name":"wp","href":"https:\/\/api.w.org\/{rel}","templated":true}]}}