{"id":3,"date":"2023-04-12T16:24:00","date_gmt":"2023-04-12T14:24:00","guid":{"rendered":"https:\/\/angelomusa.com\/?page_id=3"},"modified":"2024-11-23T05:07:50","modified_gmt":"2024-11-23T04:07:50","slug":"politique-de-confidentialite","status":"publish","type":"page","link":"https:\/\/angelomusa.com\/en\/politique-de-confidentialite\/","title":{"rendered":"Privacy policy"},"content":{"rendered":"<style>.elementor-3 .elementor-element.elementor-element-61f6977a .trx_addons_bg_text{z-index:0;}.elementor-3 .elementor-element.elementor-element-61f6977a .trx_addons_bg_text.trx_addons_marquee_wrap:not(.trx_addons_marquee_reverse) .trx_addons_marquee_element{padding-right:50px;}.elementor-3 .elementor-element.elementor-element-61f6977a .trx_addons_bg_text.trx_addons_marquee_wrap.trx_addons_marquee_reverse .trx_addons_marquee_element{padding-left:50px;}.elementor-3 .elementor-element.elementor-element-61f6977a{transition:background 0.3s, border 0.3s, border-radius 0.3s, box-shadow 0.3s;}.elementor-3 .elementor-element.elementor-element-61f6977a > .elementor-background-overlay{transition:background 0.3s, border-radius 0.3s, opacity 0.3s;}.elementor-3 .elementor-element.elementor-element-8327555 .elementor-heading-title{font-family:\"Prata\", Sans-serif;font-size:32px;font-weight:normal;text-transform:capitalize;font-style:normal;text-decoration:none;line-height:62px;letter-spacing:-1px;color:#BC932C;}.elementor-3 .elementor-element.elementor-element-8327555 > .elementor-widget-container{margin:0px 0px 28px 0px;}.elementor-3 .elementor-element.elementor-element-63d8539e{--spacer-size:50px;}.elementor-3 .elementor-element.elementor-element-4e8ab744{--spacer-size:50px;}@media(max-width:1024px){.elementor-3 .elementor-element.elementor-element-8327555{text-align:center;}.elementor-3 .elementor-element.elementor-element-8327555 .elementor-heading-title{font-size:52px;}.elementor-3 .elementor-element.elementor-element-63d8539e{--spacer-size:60px;}.elementor-3 .elementor-element.elementor-element-4e8ab744{--spacer-size:60px;}}@media(max-width:767px){.elementor-3 .elementor-element.elementor-element-8327555 .elementor-heading-title{font-size:40px;line-height:1.4em;}.elementor-3 .elementor-element.elementor-element-8327555 > .elementor-widget-container{margin:0% 0% 4% -1%;}.elementor-3 .elementor-element.elementor-element-63d8539e{--spacer-size:40px;}.elementor-3 .elementor-element.elementor-element-4e8ab744{--spacer-size:40px;}}<\/style>\t\t<div data-elementor-type=\"wp-page\" data-elementor-id=\"3\" class=\"elementor elementor-3\" data-elementor-post-type=\"page\">\n\t\t\t\t\t\t<section class=\"elementor-section elementor-top-section elementor-element elementor-element-61f6977a elementor-section-boxed elementor-section-height-default elementor-section-height-default sc_fly_static\" data-id=\"61f6977a\" data-element_type=\"section\" data-e-type=\"section\" data-settings=\"{&quot;background_background&quot;:&quot;classic&quot;}\">\n\t\t\t\t\t\t<div class=\"elementor-container elementor-column-gap-extended\">\n\t\t\t\t\t<div class=\"elementor-column elementor-col-100 elementor-top-column elementor-element elementor-element-6d339e4c sc_content_align_inherit sc_layouts_column_icons_position_left sc_fly_static\" data-id=\"6d339e4c\" data-element_type=\"column\" data-e-type=\"column\">\n\t\t\t<div class=\"elementor-widget-wrap elementor-element-populated\">\n\t\t\t\t\t\t<div data-animation-type=\"block\" class=\"elementor-element elementor-element-8327555 animation_type_block sc_fly_static elementor-invisible elementor-widget elementor-widget-heading\" data-id=\"8327555\" data-element_type=\"widget\" data-e-type=\"widget\" data-settings=\"{&quot;_animation&quot;:&quot;fadeIn&quot;,&quot;_animation_delay&quot;:400}\" data-widget_type=\"heading.default\">\n\t\t\t\t<div class=\"elementor-widget-container\">\n\t\t\t\t\t<h2 class=\"elementor-heading-title elementor-size-default\">Politique de Confidentialit\u00e9\u200b<\/h2>\t\t\t\t<\/div>\n\t\t\t\t<\/div>\n\t\t\t\t<div class=\"elementor-element elementor-element-4a8939cd sc_fly_static elementor-widget elementor-widget-text-editor\" data-id=\"4a8939cd\" data-element_type=\"widget\" data-e-type=\"widget\" data-widget_type=\"text-editor.default\">\n\t\t\t\t<div class=\"elementor-widget-container\">\n\t\t\t\t\t\t\t\t\t<h5><b>Traitement des donn\u00e9es personnelles<\/b><\/h5><p>SARL PAPILIO CONSEIL collecte sur le SITE des donn\u00e9es personnelles concernant ses CLIENTS, y compris par le biais de cookies. Les CLIENTS peuvent d\u00e9sactiver les cookies en suivant les instructions fournies par leur navigateur.<\/p><p>Les donn\u00e9es collect\u00e9es par SARL PAPILIO CONSEIL sont utilis\u00e9es afin de traiter les commandes pass\u00e9es sur le SITE, g\u00e9rer le compte du CLIENT, analyser les commandes et, si le CLIENT a express\u00e9ment choisi cette option, lui envoyer des courriers de prospection commerciale, des newsletters, des offres promotionnelles et\/ou des informations sur des ventes sp\u00e9ciales, sauf si le CLIENT ne souhaite plus recevoir de telles communications de la part de SARL PAPILIO CONSEIL.<\/p><p>Les donn\u00e9es du CLIENT sont conserv\u00e9es confidentiellement par SARL PAPILIO CONSEIL pour les besoins du contrat, de son ex\u00e9cution et dans le respect de la loi, pendant une dur\u00e9e de 3 ans \u00e0 compter de la fin de la relation commerciale si vous \u00eates client ou \u00e0 compter de votre dernier contact si vous n\u2019\u00eates pas encore client.<\/p><p>Les CLIENTS peuvent \u00e0 tout moment se d\u00e9sinscrire en acc\u00e9dant \u00e0 leur compte ou en cliquant sur le lien hypertexte pr\u00e9vu \u00e0 cet effet en bas de chaque offre re\u00e7ue par courrier \u00e9lectronique.<\/p><p>Les donn\u00e9es peuvent \u00eatre communiqu\u00e9es, en tout ou partie, aux prestataires de services SARL PAPILIO CONSEIL intervenant dans le processus de commande. \u00c0 des fins commerciales, SARL PAPILIO CONSEIL peut transf\u00e9rer \u00e0 ses partenaires commerciaux les noms et coordonn\u00e9es de ses CLIENTS, \u00e0 condition que ceux-ci aient express\u00e9ment donn\u00e9 leur accord pr\u00e9alable lors de l\u2019inscription sur le SITE.<\/p><p>Le VENDEUR demandera sp\u00e9cifiquement aux CLIENTS s\u2019ils souhaitent que leurs donn\u00e9es personnelles soient divulgu\u00e9es. Les CLIENTS pourront changer d\u2019avis \u00e0 tout moment en contactant SARL PAPILIO CONSEIL. SARL PAPILIO CONSEIL peut \u00e9galement demander \u00e0 ses CLIENTS s\u2019ils souhaitent recevoir des sollicitations commerciales de ses partenaires.<\/p><p>Conform\u00e9ment \u00e0 la loi n\u00b078-17 du 6 janvier 1978 relative \u00e0 l\u2019informatique aux fichiers et aux libert\u00e9s et au R\u00e8glement (UE) 2016\/679 du Parlement europ\u00e9en et du Conseil du 27 avril 2016 relatif \u00e0 la protection des personnes physiques \u00e0 l\u2019\u00e9gard du traitement des donn\u00e9es \u00e0 caract\u00e8re personnel et \u00e0 la libre circulation de ces donn\u00e9es, et abrogeant la directive 95\/46\/CE (R\u00e8glement g\u00e9n\u00e9ral sur la protection des donn\u00e9es dit RGPD), SARL PAPILIO CONSEIL assure la mise en \u0153uvre des droits des personnes concern\u00e9es.<\/p><p>Il est rappel\u00e9 que le CLIENT dont les donn\u00e9es \u00e0 caract\u00e8re personnel sont trait\u00e9es b\u00e9n\u00e9ficie des droits d\u2019acc\u00e8s, de rectification, de mise \u00e0 jour, de portabilit\u00e9 et d\u2019effacement des informations qui le concernent, ainsi qu\u2019un droit \u00e0 la limitation du traitement conform\u00e9ment aux articles 49,50,51,53 et 55 de la Loi Informatique et Libert\u00e9s et aux dispositions des articles 15, 16, 17 et 18 du R\u00e8glement G\u00e9n\u00e9ral europ\u00e9en sur la Protection des Personnes (RGPD).<\/p><p>Conform\u00e9ment aux dispositions de l\u2019article 56 de la Loi Informatique et Libert\u00e9s et \u00e0 l\u2019article 21 du RGPD, le CLIENT peut \u00e9galement, pour des motifs l\u00e9gitimes, s\u2019opposer au traitement des donn\u00e9es le concernant, sans motif et sans frais.<\/p>\t\t\t\t\t\t\t\t<\/div>\n\t\t\t\t<\/div>\n\t\t\t\t<div class=\"elementor-element elementor-element-63d8539e sc_fly_static elementor-widget elementor-widget-spacer\" data-id=\"63d8539e\" data-element_type=\"widget\" data-e-type=\"widget\" data-widget_type=\"spacer.default\">\n\t\t\t\t<div class=\"elementor-widget-container\">\n\t\t\t\t\t\t\t<div class=\"elementor-spacer\">\n\t\t\t<div class=\"elementor-spacer-inner\"><\/div>\n\t\t<\/div>\n\t\t\t\t\t\t<\/div>\n\t\t\t\t<\/div>\n\t\t\t\t<div class=\"elementor-element elementor-element-3faaec81 sc_fly_static elementor-widget elementor-widget-text-editor\" data-id=\"3faaec81\" data-element_type=\"widget\" data-e-type=\"widget\" data-widget_type=\"text-editor.default\">\n\t\t\t\t<div class=\"elementor-widget-container\">\n\t\t\t\t\t\t\t\t\t<h5><b>Donn\u00e9es relatives \u00e0 l&#8217;inscription avec Facebook Connect<\/b><\/h5><p>Le CLIENT \u00e0 la possibilit\u00e9 de se connecter au SITE au moyen de Facebook Connect. Facebook Connect est un service offert par Facebook Ireland Limited, 4 Grand Canal Square, Dublin 2, Irlande. L\u2019utilisation de Facebook Connect est soumise \u00e0 la politique de confidentialit\u00e9 et aux conditions d\u2019utilisation de Facebook. En cliquant sur le bouton \u00ab Me connecter avec Facebook \u00bb, l\u2019Utilisateur accepte que Facebook communique \u00e0 SARL PAPILIO CONSEIL les donn\u00e9es ci-dessous et ainsi accepte explicitement de transmettre ses donn\u00e9es pour que SARL PAPILIO CONSEIL les traite :<\/p><p>\u2013 le pseudonyme Facebook : le pr\u00e9nom du profil Facebook et le nom du profil Facebook;<\/p><p>\u2013 la date de naissance de l\u2019Utilisateur<\/p><p>\u2013 le sexe de l\u2019Utilisateur<\/p><p>\u2013 son adresse \u00e9lectronique<\/p><p>\u2013 son pays<\/p><p>\u2013 sa langue<\/p><p>Ces donn\u00e9es sont utilis\u00e9es pour cr\u00e9er, fournir et personnaliser votre compte.<\/p><p>Vous trouverez plus d\u2019informations dans les conditions d\u2019utilisation et les dispositions de protection des donn\u00e9es de Facebook. Celles-ci sont disponibles sur\u00a0<a href=\"https:\/\/de-de.facebook.com\/about\/privacy\/\">https:\/\/de-de.facebook.com\/about\/privacy\/<\/a>\u00a0et\u00a0<a href=\"https:\/\/www.facebook.com\/legal\/terms\/\">https:\/\/www.facebook.com\/legal\/terms\/<\/a>.<\/p>\t\t\t\t\t\t\t\t<\/div>\n\t\t\t\t<\/div>\n\t\t\t\t<div class=\"elementor-element elementor-element-4e8ab744 sc_fly_static elementor-widget elementor-widget-spacer\" data-id=\"4e8ab744\" data-element_type=\"widget\" data-e-type=\"widget\" data-widget_type=\"spacer.default\">\n\t\t\t\t<div class=\"elementor-widget-container\">\n\t\t\t\t\t\t\t<div class=\"elementor-spacer\">\n\t\t\t<div class=\"elementor-spacer-inner\"><\/div>\n\t\t<\/div>\n\t\t\t\t\t\t<\/div>\n\t\t\t\t<\/div>\n\t\t\t\t<div class=\"elementor-element elementor-element-29b46c6a sc_fly_static elementor-widget elementor-widget-text-editor\" data-id=\"29b46c6a\" data-element_type=\"widget\" data-e-type=\"widget\" data-widget_type=\"text-editor.default\">\n\t\t\t\t<div class=\"elementor-widget-container\">\n\t\t\t\t\t\t\t\t\t<h5><b>Cookies<\/b><\/h5><p>Lors de la consultation du site\u00a0<b>angelomusa.com<\/b>, des informations relatives \u00e0 la navigation de votre terminal (ordinateur, tablette,\u00a0smartphone, etc.) sur notre site, sont susceptibles d\u2019\u00eatre enregistr\u00e9es dans des fichiers \u201ccookies\u201d install\u00e9s sur votre terminal.<\/p><p>Les cookies que nous \u00e9mettons nous permettent d\u2019\u00e9tablir des statistiques de fr\u00e9quentation de notre site.<\/p><p>Vous avez la possibilit\u00e9 de refuser les cookies en param\u00e9trant votre navigateur web\u00a0:<\/p><p>Internet Explorer :\u00a0<a href=\"http:\/\/windows.microsoft.com\/fr-fr\/internet-explorer\/delete-manage-cookies\">http:\/\/windows.microsoft.com\/fr-fr\/internet-explorer\/delete-manage-cookies<\/a><\/p><p>Chrome :\u00a0<a href=\"http:\/\/support.google.com\/chrome\/bin\/answer.py?hl=fr&amp;hlrm=en&amp;answer=95647\">http:\/\/support.google.com\/chrome\/bin\/answer.py?hl=fr&amp;hlrm=en&amp;answer=95647<\/a><\/p><p>Firefox :\u00a0<a href=\"https:\/\/support.mozilla.org\/fr\/kb\/activer-desactiver-cookies\">https:\/\/support.mozilla.org\/fr\/kb\/activer-desactiver-cookies<\/a><\/p><p>Safari :\u00a0<a href=\"http:\/\/support.apple.com\/kb\/index?page=search&amp;q=manage%20cookies\">http:\/\/support.apple.com\/kb\/index?page=search&amp;q=manage%20cookies<\/a><\/p><p>Opera :\u00a0<a href=\"http:\/\/www.opera.com\/help\/tutorials\/security\/privacy\/\">http:\/\/www.opera.com\/help\/tutorials\/security\/privacy\/<\/a><\/p>\t\t\t\t\t\t\t\t<\/div>\n\t\t\t\t<\/div>\n\t\t\t\t\t<\/div>\n\t\t<\/div>\n\t\t\t\t\t<\/div>\n\t\t<\/section>\n\t\t\t\t<\/div>","protected":false},"excerpt":{"rendered":"<p>Politique de Confidentialit\u00e9\u200b Traitement des donn\u00e9es personnelles SARL PAPILIO CONSEIL collecte sur le SITE des donn\u00e9es personnelles concernant ses CLIENTS, y compris par le biais de cookies. Les CLIENTS peuvent d\u00e9sactiver les cookies en suivant les instructions fournies par leur navigateur. Les donn\u00e9es collect\u00e9es par SARL PAPILIO CONSEIL sont utilis\u00e9es afin de traiter les commandes&hellip;<\/p>","protected":false},"author":21,"featured_media":0,"parent":0,"menu_order":0,"comment_status":"closed","ping_status":"open","template":"","meta":{"footnotes":""},"class_list":["post-3","page","type-page","status-publish","hentry"],"yoast_head":"<!-- This site is optimized with the Yoast SEO plugin v27.4 - https:\/\/yoast.com\/product\/yoast-seo-wordpress\/ -->\n<title>Politique de confidentialit\u00e9 - Angelo Musa<\/title>\n<meta name=\"description\" content=\"Consulter cette page afin de conna\u00eetre notre engagement sur le respect de votre vie priv\u00e9e.\" \/>\n<meta name=\"robots\" content=\"index, follow, max-snippet:-1, max-image-preview:large, max-video-preview:-1\" \/>\n<link rel=\"canonical\" href=\"https:\/\/angelomusa.com\/en\/politique-de-confidentialite\/\" \/>\n<meta property=\"og:locale\" content=\"en_US\" \/>\n<meta property=\"og:type\" content=\"article\" \/>\n<meta property=\"og:title\" content=\"Politique de confidentialit\u00e9 - Angelo Musa\" \/>\n<meta property=\"og:description\" content=\"Consulter cette page afin de conna\u00eetre notre engagement sur le respect de votre vie priv\u00e9e.\" \/>\n<meta property=\"og:url\" content=\"https:\/\/angelomusa.com\/en\/politique-de-confidentialite\/\" \/>\n<meta property=\"og:site_name\" content=\"Angelo Musa\" \/>\n<meta property=\"article:modified_time\" content=\"2024-11-23T04:07:50+00:00\" \/>\n<meta name=\"twitter:card\" content=\"summary_large_image\" \/>\n<meta name=\"twitter:label1\" content=\"Est. reading time\" \/>\n\t<meta name=\"twitter:data1\" content=\"4 minutes\" \/>\n<script type=\"application\/ld+json\" class=\"yoast-schema-graph\">{\"@context\":\"https:\\\/\\\/schema.org\",\"@graph\":[{\"@type\":\"WebPage\",\"@id\":\"https:\\\/\\\/angelomusa.com\\\/politique-de-confidentialite\\\/\",\"url\":\"https:\\\/\\\/angelomusa.com\\\/politique-de-confidentialite\\\/\",\"name\":\"Politique de confidentialit\u00e9 - Angelo Musa\",\"isPartOf\":{\"@id\":\"https:\\\/\\\/www.angelomusa.com\\\/#website\"},\"datePublished\":\"2023-04-12T14:24:00+00:00\",\"dateModified\":\"2024-11-23T04:07:50+00:00\",\"description\":\"Consulter cette page afin de conna\u00eetre notre engagement sur le respect de votre vie priv\u00e9e.\",\"breadcrumb\":{\"@id\":\"https:\\\/\\\/angelomusa.com\\\/politique-de-confidentialite\\\/#breadcrumb\"},\"inLanguage\":\"en-US\",\"potentialAction\":[{\"@type\":\"ReadAction\",\"target\":[\"https:\\\/\\\/angelomusa.com\\\/politique-de-confidentialite\\\/\"]}]},{\"@type\":\"BreadcrumbList\",\"@id\":\"https:\\\/\\\/angelomusa.com\\\/politique-de-confidentialite\\\/#breadcrumb\",\"itemListElement\":[{\"@type\":\"ListItem\",\"position\":1,\"name\":\"Accueil\",\"item\":\"https:\\\/\\\/angelomusa.com\\\/\"},{\"@type\":\"ListItem\",\"position\":2,\"name\":\"Politique de confidentialit\u00e9\"}]},{\"@type\":\"WebSite\",\"@id\":\"https:\\\/\\\/www.angelomusa.com\\\/#website\",\"url\":\"https:\\\/\\\/www.angelomusa.com\\\/\",\"name\":\"Angelo Musa\",\"description\":\"L\u2019art de la p\u00e2tisserie sublim\u00e9e par un Meilleur Ouvrier de France\",\"publisher\":{\"@id\":\"https:\\\/\\\/www.angelomusa.com\\\/#organization\"},\"potentialAction\":[{\"@type\":\"SearchAction\",\"target\":{\"@type\":\"EntryPoint\",\"urlTemplate\":\"https:\\\/\\\/www.angelomusa.com\\\/?s={search_term_string}\"},\"query-input\":{\"@type\":\"PropertyValueSpecification\",\"valueRequired\":true,\"valueName\":\"search_term_string\"}}],\"inLanguage\":\"en-US\"},{\"@type\":\"Organization\",\"@id\":\"https:\\\/\\\/www.angelomusa.com\\\/#organization\",\"name\":\"Angelo Musa\",\"url\":\"https:\\\/\\\/www.angelomusa.com\\\/\",\"logo\":{\"@type\":\"ImageObject\",\"inLanguage\":\"en-US\",\"@id\":\"https:\\\/\\\/www.angelomusa.com\\\/#\\\/schema\\\/logo\\\/image\\\/\",\"url\":\"https:\\\/\\\/angelomusa.com\\\/wp-content\\\/uploads\\\/2024\\\/11\\\/ANGELO-MUSA-ICONE-4.png\",\"contentUrl\":\"https:\\\/\\\/angelomusa.com\\\/wp-content\\\/uploads\\\/2024\\\/11\\\/ANGELO-MUSA-ICONE-4.png\",\"width\":500,\"height\":500,\"caption\":\"Angelo Musa\"},\"image\":{\"@id\":\"https:\\\/\\\/www.angelomusa.com\\\/#\\\/schema\\\/logo\\\/image\\\/\"}}]}<\/script>\n<!-- \/ Yoast SEO plugin. -->","yoast_head_json":{"title":"Politique de confidentialit\u00e9 - Angelo Musa","description":"Consulter cette page afin de conna\u00eetre notre engagement sur le respect de votre vie priv\u00e9e.","robots":{"index":"index","follow":"follow","max-snippet":"max-snippet:-1","max-image-preview":"max-image-preview:large","max-video-preview":"max-video-preview:-1"},"canonical":"https:\/\/angelomusa.com\/en\/politique-de-confidentialite\/","og_locale":"en_US","og_type":"article","og_title":"Politique de confidentialit\u00e9 - Angelo Musa","og_description":"Consulter cette page afin de conna\u00eetre notre engagement sur le respect de votre vie priv\u00e9e.","og_url":"https:\/\/angelomusa.com\/en\/politique-de-confidentialite\/","og_site_name":"Angelo Musa","article_modified_time":"2024-11-23T04:07:50+00:00","twitter_card":"summary_large_image","twitter_misc":{"Est. reading time":"4 minutes"},"schema":{"@context":"https:\/\/schema.org","@graph":[{"@type":"WebPage","@id":"https:\/\/angelomusa.com\/politique-de-confidentialite\/","url":"https:\/\/angelomusa.com\/politique-de-confidentialite\/","name":"Politique de confidentialit\u00e9 - Angelo Musa","isPartOf":{"@id":"https:\/\/www.angelomusa.com\/#website"},"datePublished":"2023-04-12T14:24:00+00:00","dateModified":"2024-11-23T04:07:50+00:00","description":"Consulter cette page afin de conna\u00eetre notre engagement sur le respect de votre vie priv\u00e9e.","breadcrumb":{"@id":"https:\/\/angelomusa.com\/politique-de-confidentialite\/#breadcrumb"},"inLanguage":"en-US","potentialAction":[{"@type":"ReadAction","target":["https:\/\/angelomusa.com\/politique-de-confidentialite\/"]}]},{"@type":"BreadcrumbList","@id":"https:\/\/angelomusa.com\/politique-de-confidentialite\/#breadcrumb","itemListElement":[{"@type":"ListItem","position":1,"name":"Accueil","item":"https:\/\/angelomusa.com\/"},{"@type":"ListItem","position":2,"name":"Politique de confidentialit\u00e9"}]},{"@type":"WebSite","@id":"https:\/\/www.angelomusa.com\/#website","url":"https:\/\/www.angelomusa.com\/","name":"Angelo Musa","description":"L\u2019art de la p\u00e2tisserie sublim\u00e9e par un Meilleur Ouvrier de France","publisher":{"@id":"https:\/\/www.angelomusa.com\/#organization"},"potentialAction":[{"@type":"SearchAction","target":{"@type":"EntryPoint","urlTemplate":"https:\/\/www.angelomusa.com\/?s={search_term_string}"},"query-input":{"@type":"PropertyValueSpecification","valueRequired":true,"valueName":"search_term_string"}}],"inLanguage":"en-US"},{"@type":"Organization","@id":"https:\/\/www.angelomusa.com\/#organization","name":"Angelo Musa","url":"https:\/\/www.angelomusa.com\/","logo":{"@type":"ImageObject","inLanguage":"en-US","@id":"https:\/\/www.angelomusa.com\/#\/schema\/logo\/image\/","url":"https:\/\/angelomusa.com\/wp-content\/uploads\/2024\/11\/ANGELO-MUSA-ICONE-4.png","contentUrl":"https:\/\/angelomusa.com\/wp-content\/uploads\/2024\/11\/ANGELO-MUSA-ICONE-4.png","width":500,"height":500,"caption":"Angelo Musa"},"image":{"@id":"https:\/\/www.angelomusa.com\/#\/schema\/logo\/image\/"}}]}},"_links":{"self":[{"href":"https:\/\/angelomusa.com\/en\/wp-json\/wp\/v2\/pages\/3","targetHints":{"allow":["GET"]}}],"collection":[{"href":"https:\/\/angelomusa.com\/en\/wp-json\/wp\/v2\/pages"}],"about":[{"href":"https:\/\/angelomusa.com\/en\/wp-json\/wp\/v2\/types\/page"}],"author":[{"embeddable":true,"href":"https:\/\/angelomusa.com\/en\/wp-json\/wp\/v2\/users\/21"}],"replies":[{"embeddable":true,"href":"https:\/\/angelomusa.com\/en\/wp-json\/wp\/v2\/comments?post=3"}],"version-history":[{"count":4,"href":"https:\/\/angelomusa.com\/en\/wp-json\/wp\/v2\/pages\/3\/revisions"}],"predecessor-version":[{"id":4120,"href":"https:\/\/angelomusa.com\/en\/wp-json\/wp\/v2\/pages\/3\/revisions\/4120"}],"wp:attachment":[{"href":"https:\/\/angelomusa.com\/en\/wp-json\/wp\/v2\/media?parent=3"}],"curies":[{"name":"wp","href":"https:\/\/api.w.org\/{rel}","templated":true}]}}